{"id":8872,"date":"2025-01-28T12:09:32","date_gmt":"2025-01-28T06:39:32","guid":{"rendered":"https:\/\/www.palco.co.in\/es\/?page_id=8872"},"modified":"2026-03-25T11:06:12","modified_gmt":"2026-03-25T09:06:12","slug":"metal-cutting-coolants","status":"publish","type":"page","link":"https:\/\/www.palco.co.in\/es\/metal-cutting-coolants\/","title":{"rendered":"Refrigerantes para corte de metales"},"content":{"rendered":"\n<div class=\"wp-block-uagb-container uagb-block-f0d141e7 alignfull uagb-is-root-container\"><div class=\"uagb-container-inner-blocks-wrap\">\n<div class=\"wp-block-uagb-container uagb-block-a8507c21\">\n<h1 class=\"wp-block-heading divine-ind-h1 has-white-color has-text-color has-link-color wp-elements-ac0650088eb95c7e7b967c76033b38d9\" style=\"font-size:28px\">Refrigerantes para<br> corte de metales<\/h1>\n\n\n\n<p class=\"has-white-color has-text-color has-link-color wp-elements-6ad1239badf5f0d96823da21c00e9c50\">Los refrigerantes para corte de metales son fluidos especializados dise\u00f1ados para reducir el calor, la fricci\u00f3n y el desgaste durante los procesos de mecanizado de metales. Mejoran la eficiencia de corte, la vida \u00fatil de la herramienta y el acabado superficial al tiempo que previenen la corrosi\u00f3n.<\/p>\n<\/div>\n\n\n\n<div data-aos= \"slide-left\" data-aos-duration=\"400\" data-aos-delay=\"0\" data-aos-easing=\"ease\" data-aos-once=\"true\" class=\"wp-block-uagb-container uag-hide-mob uagb-block-08ff4b04\"><\/div>\n<\/div><\/div>\n\n\n\n<div class=\"wp-block-uagb-container uagb-block-d4cd49d7 alignfull uagb-is-root-container\"><div class=\"uagb-container-inner-blocks-wrap\">\n<div class=\"wp-block-uagb-advanced-heading uagb-block-9358cf13 divine-ind-first-h\"><h2 class=\"uagb-heading-text\">What are Metal Cutting Coolants?<\/h2><\/div>\n\n\n\n<div class=\"wp-block-uagb-container uagb-block-c524ab9d\">\n<div class=\"wp-block-uagb-container uagb-block-423f0851\">\n<p>Metal cutting coolants, also known as cutting fluids &amp; Metalworking Fluids, are specialised liquids used in metalworking processes like machining to cool the cutting tool and workpiece, reduce friction, and remove chips from the cutting area, essentially allowing for smoother and more efficient cutting operations while extending tool life; they are typically a mixture of water, oil, and additives designed for specific metal types and machining applications.<\/p>\n<\/div>\n\n\n\n<div class=\"wp-block-uagb-container divine-ind-img-box uagb-block-6bac02f6\">\n<div class=\"wp-block-uagb-image aligncenter uagb-block-f3e86336 wp-block-uagb-image--layout-default wp-block-uagb-image--effect-static wp-block-uagb-image--align-center divine-ind-img\"><figure class=\"wp-block-uagb-image__figure\"><img decoding=\"async\" srcset=\"https:\/\/www.palco.co.in\/wp-content\/uploads\/2024\/10\/Industrial-Oils-Barrel-1.png ,https:\/\/www.palco.co.in\/wp-content\/uploads\/2024\/10\/Industrial-Oils-Barrel-1.png 780w, https:\/\/www.palco.co.in\/wp-content\/uploads\/2024\/10\/Industrial-Oils-Barrel-1.png 360w\" sizes=\"auto, (max-width: 480px) 150px\" src=\"https:\/\/www.palco.co.in\/wp-content\/uploads\/2024\/10\/Industrial-Oils-Barrel-1.png\" alt=\"Refrigerantes para Corte de Metales Palco\" class=\"uag-image-19337\" width=\"136\" height=\"136\" title=\"Industrial-Oils-Barrel-1\" loading=\"lazy\" role=\"img\"\/><\/figure><\/div>\n<\/div>\n<\/div>\n\n\n\n<h2 class=\"wp-block-heading has-text-align-left divine-ind-center-h\">Our AW Type Hydraulic Oils &#8211;<\/h2>\n\n\n\n<div class=\"wp-block-uagb-container uagb-block-30738e9e\">\n<div class=\"wp-block-uagb-container uagb-block-c9850327\">\n<h3 class=\"wp-block-heading has-text-align-left divine-product-name\">Soluble Cutting Oils<\/h3>\n\n\n\n<p>Los aceites de corte solubles, tambi\u00e9n conocidos como aceites emulsionables, son fluidos a base de aceite que se mezclan con agua para formar una emulsi\u00f3n lechosa. Estos refrigerantes proporcionan excelente refrigeraci\u00f3n y lubricaci\u00f3n, lo que los hace adecuados para aplicaciones de mecanizado en general. Se utilizan ampliamente en industrias donde se requiere refrigeraci\u00f3n y lubricaci\u00f3n moderadas.<\/p>\n<\/div>\n\n\n\n<div class=\"wp-block-uagb-container divine-view-btn uagb-block-ed03d243\">\n<div class=\"wp-block-uagb-buttons uagb-buttons__outer-wrap uagb-btn__default-btn uagb-btn-tablet__default-btn uagb-btn-mobile__default-btn uagb-block-f8192af1\"><div class=\"uagb-buttons__wrap uagb-buttons-layout-wrap \">\n<div class=\"wp-block-uagb-buttons-child uagb-buttons__outer-wrap uagb-block-cc86484e wp-block-button\"><div class=\"uagb-button__wrapper\"><a class=\"uagb-buttons-repeater wp-block-button__link\" aria-label=\"\" href=\"https:\/\/www.palco.co.in\/soluble-cutting-oils\/\" rel=\"follow noopener\" target=\"_self\" role=\"button\"><div class=\"uagb-button__link\">View Page<\/div><\/a><\/div><\/div>\n<\/div><\/div>\n<\/div>\n<\/div>\n\n\n\n<div class=\"wp-block-uagb-container uagb-block-cd31ff2e\">\n<div class=\"wp-block-uagb-container uagb-block-8b359397\">\n<h3 class=\"wp-block-heading has-text-align-left divine-product-name\">Synthetic Cutting Fluids<\/h3>\n\n\n\n<p>Los fluidos de corte sint\u00e9ticos est\u00e1n totalmente libres de aceites minerales y est\u00e1n elaborados a partir de compuestos qu\u00edmicos. Ofrecen una refrigeraci\u00f3n superior y son particularmente eficaces en operaciones de mecanizado de alta velocidad. Los fluidos sint\u00e9ticos tienen una excelente resistencia a la contaminaci\u00f3n bacteriana y brindan una vida \u00fatil prolongada del sumidero, lo que los convierte en una opci\u00f3n rentable.<\/p>\n<\/div>\n\n\n\n<div class=\"wp-block-uagb-container divine-view-btn uagb-block-defc97f0\">\n<div class=\"wp-block-uagb-buttons uagb-buttons__outer-wrap uagb-btn__default-btn uagb-btn-tablet__default-btn uagb-btn-mobile__default-btn uagb-block-96d43998\"><div class=\"uagb-buttons__wrap uagb-buttons-layout-wrap \">\n<div class=\"wp-block-uagb-buttons-child uagb-buttons__outer-wrap uagb-block-e60a38c5 wp-block-button\"><div class=\"uagb-button__wrapper\"><a class=\"uagb-buttons-repeater wp-block-button__link\" aria-label=\"\" href=\"https:\/\/www.palco.co.in\/synthetic-cutting-fluids\/\" rel=\"follow noopener\" target=\"_self\" role=\"button\"><div class=\"uagb-button__link\">View Page<\/div><\/a><\/div><\/div>\n<\/div><\/div>\n<\/div>\n<\/div>\n\n\n\n<div class=\"wp-block-uagb-container uagb-block-e3f0f28c\">\n<div class=\"wp-block-uagb-container uagb-block-e39d49a9\">\n<h3 class=\"wp-block-heading has-text-align-left divine-product-name\">Semi Synthetic Cutting Fluids<\/h3>\n\n\n\n<p>Los fluidos de corte semisint\u00e9ticos combinan las propiedades de los aceites solubles y los fluidos sint\u00e9ticos. Contienen una peque\u00f1a cantidad de aceite mineral y aditivos sint\u00e9ticos para mejorar el rendimiento. Estos fluidos ofrecen un enfriamiento mejorado, un crecimiento bacteriano reducido y una mejor estabilidad en comparaci\u00f3n con los aceites solubles.<\/p>\n<\/div>\n\n\n\n<div class=\"wp-block-uagb-container divine-view-btn uagb-block-0e88d50a\">\n<div class=\"wp-block-uagb-buttons uagb-buttons__outer-wrap uagb-btn__default-btn uagb-btn-tablet__default-btn uagb-btn-mobile__default-btn uagb-block-8ba95e7f\"><div class=\"uagb-buttons__wrap uagb-buttons-layout-wrap \">\n<div class=\"wp-block-uagb-buttons-child uagb-buttons__outer-wrap uagb-block-7393caec wp-block-button\"><div class=\"uagb-button__wrapper\"><a class=\"uagb-buttons-repeater wp-block-button__link\" aria-label=\"\" href=\"https:\/\/www.palco.co.in\/semi-synthetic-cutting-fluids\/\" rel=\"follow noopener\" target=\"_self\" role=\"button\"><div class=\"uagb-button__link\">View Page<\/div><\/a><\/div><\/div>\n<\/div><\/div>\n<\/div>\n<\/div>\n\n\n\n<div class=\"wp-block-uagb-container uagb-block-891b86f1\">\n<div class=\"wp-block-uagb-container uagb-block-9ddaf1b4\">\n<h3 class=\"wp-block-heading has-text-align-left divine-product-name\">Neat Cutting Oils<\/h3>\n\n\n\n<p>Los aceites de corte puros son aceites puros y sin diluir que se utilizan en aplicaciones de mecanizado de servicio pesado. Proporcionan una excelente lubricaci\u00f3n y previenen el desgaste de las herramientas, pero tienen propiedades de enfriamiento limitadas. Estos aceites son ideales para procesos como perforaci\u00f3n de agujeros profundos, corte de engranajes y brochado, donde se requiere presi\u00f3n y lubricaci\u00f3n extremas.<\/p>\n<\/div>\n\n\n\n<div class=\"wp-block-uagb-container divine-view-btn uagb-block-e6c7f47e\">\n<div class=\"wp-block-uagb-buttons uagb-buttons__outer-wrap uagb-btn__default-btn uagb-btn-tablet__default-btn uagb-btn-mobile__default-btn uagb-block-501bd2ca\"><div class=\"uagb-buttons__wrap uagb-buttons-layout-wrap \">\n<div class=\"wp-block-uagb-buttons-child uagb-buttons__outer-wrap uagb-block-8b11a447 wp-block-button\"><div class=\"uagb-button__wrapper\"><a class=\"uagb-buttons-repeater wp-block-button__link\" aria-label=\"\" href=\"https:\/\/www.palco.co.in\/neat-cutting-oils\/\" rel=\"follow noopener\" target=\"_self\" role=\"button\"><div class=\"uagb-button__link\">View Page<\/div><\/a><\/div><\/div>\n<\/div><\/div>\n<\/div>\n<\/div>\n\n\n\n<h2 class=\"wp-block-heading divine-ind-h\">Usos de los refrigerantes para corte de metales<\/h2>\n\n\n\n<p class=\"divine-bold-p\" style=\"font-size:14px\"> <strong>Enfriamiento:<\/strong> Disipar el calor generado durante el corte, evitando el sobrecalentamiento de la herramienta y la pieza de trabajo.<\/p>\n\n\n\n<p class=\"divine-bold-p\" style=\"font-size:14px\">   <strong> Lubrication:<\/strong> Create a lubricating film between the cutting tool and the workpiece, reducing friction and wear.<\/p>\n\n\n\n<p class=\"divine-bold-p\" style=\"font-size:14px\"> <strong>Lubricaci\u00f3n:<\/strong> Crea una pel\u00edcula lubricante entre la herramienta de corte y la pieza de trabajo, reduciendo la fricci\u00f3n y el desgaste.<\/p>\n\n\n\n<p class=\"divine-bold-p\" style=\"font-size:14px\"><strong>Protecci\u00f3n contra la corrosi\u00f3n: <\/strong>Proteja la superficie mecanizada y la herramienta de corte del \u00f3xido y la corrosi\u00f3n.<\/p>\n\n\n\n<p class=\"divine-bold-p\" style=\"font-size:14px\"><strong> Acabado superficial mejorado:<\/strong> contribuye a un acabado superficial m\u00e1s suave y preciso en la pieza mecanizada.<\/p>\n\n\n\n<hr class=\"wp-block-separator has-alpha-channel-opacity divine-ind-hr\"\/>\n\n\n\n<h2 class=\"wp-block-heading divine-ind-h\">Aplicaciones de refrigerantes para corte de metales<\/h2>\n\n\n\n<p class=\"divine-bold-p\" style=\"font-size:14px\">Metal cutting coolants are used in various machining operations to enhance performance and efficiency. Some key applications include:<\/p>\n\n\n\n<p class=\"divine-bold-p\" style=\"font-size:14px\"><strong>Operaciones de torneado:<\/strong> El torneado es un proceso de mecanizado en el que una herramienta de corte retira material de una pieza de trabajo giratoria para crear formas cil\u00edndricas. Se utiliza ampliamente en la fabricaci\u00f3n de ejes, varillas y otros componentes redondos. Los refrigerantes para cortar metales ayudan a reducir la acumulaci\u00f3n de calor, evitan el desgaste de las herramientas y mejoran el acabado de la superficie de las piezas torneadas. La selecci\u00f3n adecuada del refrigerante garantiza una alta precisi\u00f3n y una vida \u00fatil m\u00e1s larga de la herramienta.<\/p>\n\n\n\n<p class=\"divine-bold-p\" style=\"font-size:14px\"><strong>Operaciones de fresado:<\/strong> El fresado es un proceso de mecanizado que implica el uso de cortadores rotativos para eliminar material de una pieza de trabajo. Se utiliza para producir superficies planas, ranuras y formas complejas. Los refrigerantes para corte de metales desempe\u00f1an un papel crucial en el fresado al evitar la acumulaci\u00f3n de calor, reducir el desgaste de las herramientas y mejorar la eficiencia del mecanizado. Tambi\u00e9n ayudan en la eliminaci\u00f3n de virutas y garantizan acabados superficiales suaves.<\/p>\n\n\n\n<p class=\"divine-bold-p\" style=\"font-size:14px\"><strong>Operaciones de perforaci\u00f3n:<\/strong> La perforaci\u00f3n implica la creaci\u00f3n de orificios cil\u00edndricos en piezas de metal utilizando una broca giratoria. El uso de refrigerantes de corte de metales en operaciones de perforaci\u00f3n evita el sobrecalentamiento, mejora la vida \u00fatil de la herramienta y garantiza la precisi\u00f3n en la realizaci\u00f3n de orificios. Los refrigerantes tambi\u00e9n ayudan a eliminar las virutas de metal, evitando obstrucciones y reduciendo la fricci\u00f3n entre la herramienta y la pieza de trabajo.<\/p>\n\n\n\n<p class=\"divine-bold-p\" style=\"font-size:14px\"><strong>Operaciones de perforaci\u00f3n:<\/strong> La perforaci\u00f3n es un proceso de mecanizado que se utiliza para ampliar los orificios existentes a dimensiones precisas y lograr tolerancias estrictas. Los refrigerantes para corte de metales ayudan en el enfriamiento y la lubricaci\u00f3n, reduciendo la fricci\u00f3n y minimizando la deflexi\u00f3n de la herramienta. Ayudan a mantener la precisi\u00f3n de los orificios y la calidad de la superficie, lo que los hace esenciales en aplicaciones de alta precisi\u00f3n como las industrias automotriz y aeroespacial.<\/p>\n\n\n\n<p class=\"divine-bold-p\" style=\"font-size:14px\"><strong>Operaciones de modelado:<\/strong> El modelado es un proceso de mecanizado en el que una herramienta de corte de un solo punto se mueve en un movimiento alternativo para cortar material de una pieza de trabajo. Se utiliza com\u00fanmente para crear contornos, ranuras y chaveteros complejos en piezas met\u00e1licas. El uso de refrigerantes para cortar metales en las operaciones de modelado mejora el rendimiento de la herramienta, reduce la distorsi\u00f3n t\u00e9rmica y mejora la calidad de la superficie.<\/p>\n\n\n\n<div class=\"wp-block-uagb-container uagb-block-19ffd821\">\n<h2 class=\"wp-block-heading zero-margin\" style=\"font-size:24px\">Por qu\u00e9 aceites para cortar metales Palco<br>\u00bfSon las opciones preferidas de la industria?<\/h2>\n\n\n\n<p class=\"zero-margin\">Con d\u00e9cadas de experiencia en la industria de lubricantes, Paras Lubricants Limited se ha establecido como un fabricante y exportador confiable de aceites industriales de alta calidad. Como empresa comprometida con la innovaci\u00f3n y la excelencia, atendemos las necesidades de diversas industrias, garantizando un rendimiento y una eficiencia \u00f3ptimos en aplicaciones de mecanizado y metalurgia.<\/p>\n\n\n\n<p class=\"zero-margin\">Respaldado por una s\u00f3lida base de investigaci\u00f3n y desarrollo e instalaciones de fabricaci\u00f3n de \u00faltima generaci\u00f3n, Paras Lubricants Limited ofrece fluidos para trabajar metales, aceites de corte y lubricantes industriales de primera calidad adaptados a los requisitos de los fabricantes de m\u00e1quinas y los usuarios finales. Con una creciente presencia global y una s\u00f3lida red nacional, continuamos ampliando nuestro alcance, suministrando aceites industriales superiores que mejoran la productividad y prolongan la vida \u00fatil de los equipos.<\/p>\n\n\n\n<p class=\"zero-margin\">Nuestro compromiso con la calidad, la satisfacci\u00f3n del cliente y la mejora continua nos ha ganado la confianza de industrias l\u00edderes en todo el mundo, lo que nos convierte en un socio preferido para lubricantes de alto rendimiento.<\/p>\n\n\n\n<div class=\"wp-block-uagb-separator uagb-block-1243d53b\"><div class=\"wp-block-uagb-separator__inner\" style=\"--my-background-image:\"><\/div><\/div>\n\n\n\n<div class=\"wp-block-uagb-container uagb-block-8dce934d alignfull uagb-is-root-container\">\n<div class=\"wp-block-uagb-container uagb-block-1c3b54a4\">\n<div class=\"wp-block-uagb-buttons uagb-buttons__outer-wrap uagb-btn__default-btn uagb-btn-tablet__default-btn uagb-btn-mobile__default-btn uagb-block-8a1a2990\"><div class=\"uagb-buttons__wrap uagb-buttons-layout-wrap is-layout-flex\">\n<div class=\"wp-block-uagb-buttons-child uagb-buttons__outer-wrap uagb-block-a6c3b135 wp-block-button\"><div class=\"uagb-button__wrapper\"><a class=\"uagb-buttons-repeater wp-block-button__link\" aria-label=\"\" href=\"https:\/\/www.palco.co.in\/business-enquiry\/\" rel=\"follow noopener\" target=\"_self\" role=\"button\"><span class=\"uagb-button__icon uagb-button__icon-position-before\"><svg xmlns=\"https:\/\/www.w3.org\/2000\/svg\" viewBox=\"0 0 512 512\" aria-hidden=\"true\" focussable=\"false\"><path d=\"M464 64C490.5 64 512 85.49 512 112C512 127.1 504.9 141.3 492.8 150.4L275.2 313.6C263.8 322.1 248.2 322.1 236.8 313.6L19.2 150.4C7.113 141.3 0 127.1 0 112C0 85.49 21.49 64 48 64H464zM217.6 339.2C240.4 356.3 271.6 356.3 294.4 339.2L512 176V384C512 419.3 483.3 448 448 448H64C28.65 448 0 419.3 0 384V176L217.6 339.2z\"><\/path><\/svg><\/span><div class=\"uagb-button__link\">Business Enquiry<\/div><\/a><\/div><\/div>\n<\/div><\/div>\n<\/div>\n\n\n\n<div class=\"wp-block-uagb-container uagb-block-6f38505a\">\n<div class=\"wp-block-uagb-buttons uagb-buttons__outer-wrap uagb-btn__default-btn uagb-btn-tablet__default-btn uagb-btn-mobile__default-btn uagb-block-fc6ef434\"><div class=\"uagb-buttons__wrap uagb-buttons-layout-wrap is-layout-flex\">\n<div class=\"wp-block-uagb-buttons-child uagb-buttons__outer-wrap uagb-block-f8da441a wp-block-button\"><div class=\"uagb-button__wrapper\"><a class=\"uagb-buttons-repeater wp-block-button__link\" aria-label=\"\" href=\"https:\/\/wa.me\/9311794519?text=Enquiry%20from%20Palco%20website\" rel=\"follow noopener\" target=\"_blank\" role=\"button\"><span class=\"uagb-button__icon uagb-button__icon-position-before\"><svg xmlns=\"https:\/\/www.w3.org\/2000\/svg\" viewBox=\"0 0 448 512\" aria-hidden=\"true\" focussable=\"false\"><path d=\"M380.9 97.1C339 55.1 283.2 32 223.9 32c-122.4 0-222 99.6-222 222 0 39.1 10.2 77.3 29.6 111L0 480l117.7-30.9c32.4 17.7 68.9 27 106.1 27h.1c122.3 0 224.1-99.6 224.1-222 0-59.3-25.2-115-67.1-157zm-157 341.6c-33.2 0-65.7-8.9-94-25.7l-6.7-4-69.8 18.3L72 359.2l-4.4-7c-18.5-29.4-28.2-63.3-28.2-98.2 0-101.7 82.8-184.5 184.6-184.5 49.3 0 95.6 19.2 130.4 54.1 34.8 34.9 56.2 81.2 56.1 130.5 0 101.8-84.9 184.6-186.6 184.6zm101.2-138.2c-5.5-2.8-32.8-16.2-37.9-18-5.1-1.9-8.8-2.8-12.5 2.8-3.7 5.6-14.3 18-17.6 21.8-3.2 3.7-6.5 4.2-12 1.4-32.6-16.3-54-29.1-75.5-66-5.7-9.8 5.7-9.1 16.3-30.3 1.8-3.7 .9-6.9-.5-9.7-1.4-2.8-12.5-30.1-17.1-41.2-4.5-10.8-9.1-9.3-12.5-9.5-3.2-.2-6.9-.2-10.6-.2-3.7 0-9.7 1.4-14.8 6.9-5.1 5.6-19.4 19-19.4 46.3 0 27.3 19.9 53.7 22.6 57.4 2.8 3.7 39.1 59.7 94.8 83.8 35.2 15.2 49 16.5 66.6 13.9 10.7-1.6 32.8-13.4 37.4-26.4 4.6-13 4.6-24.1 3.2-26.4-1.3-2.5-5-3.9-10.5-6.6z\"><\/path><\/svg><\/span><div class=\"uagb-button__link\">WhatsApp<\/div><\/a><\/div><\/div>\n<\/div><\/div>\n<\/div>\n<\/div>\n<\/div>\n<\/div><\/div>\n","protected":false},"excerpt":{"rendered":"<p>Refrigerantes para corte de metales Los refrigerantes para corte de metales son fluidos especializados dise\u00f1ados para reducir el calor, la fricci\u00f3n y el desgaste durante los procesos de mecanizado de metales. Mejoran la eficiencia de corte, la vida \u00fatil de la herramienta y el acabado superficial al tiempo que previenen la corrosi\u00f3n. What are Metal [&hellip;]<\/p>\n","protected":false},"author":1,"featured_media":0,"parent":0,"menu_order":0,"comment_status":"closed","ping_status":"closed","template":"","meta":{"_uag_custom_page_level_css":"","ocean_post_layout":"full-screen","ocean_both_sidebars_style":"","ocean_both_sidebars_content_width":0,"ocean_both_sidebars_sidebars_width":0,"ocean_sidebar":"","ocean_second_sidebar":"","ocean_disable_margins":"on","ocean_add_body_class":"","ocean_shortcode_before_top_bar":"","ocean_shortcode_after_top_bar":"","ocean_shortcode_before_header":"","ocean_shortcode_after_header":"","ocean_has_shortcode":"","ocean_shortcode_after_title":"","ocean_shortcode_before_footer_widgets":"","ocean_shortcode_after_footer_widgets":"","ocean_shortcode_before_footer_bottom":"","ocean_shortcode_after_footer_bottom":"","ocean_display_top_bar":"default","ocean_display_header":"default","ocean_header_style":"","ocean_center_header_left_menu":"","ocean_custom_header_template":"","ocean_custom_logo":0,"ocean_custom_retina_logo":0,"ocean_custom_logo_max_width":0,"ocean_custom_logo_tablet_max_width":0,"ocean_custom_logo_mobile_max_width":0,"ocean_custom_logo_max_height":0,"ocean_custom_logo_tablet_max_height":0,"ocean_custom_logo_mobile_max_height":0,"ocean_header_custom_menu":"","ocean_menu_typo_font_family":"","ocean_menu_typo_font_subset":"","ocean_menu_typo_font_size":0,"ocean_menu_typo_font_size_tablet":0,"ocean_menu_typo_font_size_mobile":0,"ocean_menu_typo_font_size_unit":"px","ocean_menu_typo_font_weight":"","ocean_menu_typo_font_weight_tablet":"","ocean_menu_typo_font_weight_mobile":"","ocean_menu_typo_transform":"","ocean_menu_typo_transform_tablet":"","ocean_menu_typo_transform_mobile":"","ocean_menu_typo_line_height":0,"ocean_menu_typo_line_height_tablet":0,"ocean_menu_typo_line_height_mobile":0,"ocean_menu_typo_line_height_unit":"","ocean_menu_typo_spacing":0,"ocean_menu_typo_spacing_tablet":0,"ocean_menu_typo_spacing_mobile":0,"ocean_menu_typo_spacing_unit":"","ocean_menu_link_color":"","ocean_menu_link_color_hover":"","ocean_menu_link_color_active":"","ocean_menu_link_background":"","ocean_menu_link_hover_background":"","ocean_menu_link_active_background":"","ocean_menu_social_links_bg":"","ocean_menu_social_hover_links_bg":"","ocean_menu_social_links_color":"","ocean_menu_social_hover_links_color":"","ocean_disable_title":"on","ocean_disable_heading":"default","ocean_post_title":"","ocean_post_subheading":"","ocean_post_title_style":"","ocean_post_title_background_color":"","ocean_post_title_background":0,"ocean_post_title_bg_image_position":"","ocean_post_title_bg_image_attachment":"","ocean_post_title_bg_image_repeat":"","ocean_post_title_bg_image_size":"","ocean_post_title_height":0,"ocean_post_title_bg_overlay":0.5,"ocean_post_title_bg_overlay_color":"","ocean_disable_breadcrumbs":"default","ocean_breadcrumbs_color":"","ocean_breadcrumbs_separator_color":"","ocean_breadcrumbs_links_color":"","ocean_breadcrumbs_links_hover_color":"","ocean_display_footer_widgets":"default","ocean_display_footer_bottom":"default","ocean_custom_footer_template":"","footnotes":""},"class_list":["post-8872","page","type-page","status-publish","hentry","entry"],"uagb_featured_image_src":{"full":false,"thumbnail":false,"medium":false,"medium_large":false,"large":false,"1536x1536":false,"2048x2048":false,"ocean-thumb-m":false,"ocean-thumb-ml":false,"ocean-thumb-l":false},"uagb_author_info":{"display_name":"Paras Lubricants","author_link":"https:\/\/www.palco.co.in\/es\/author\/zktyht\/"},"uagb_comment_info":0,"uagb_excerpt":"Refrigerantes para corte de metales Los refrigerantes para corte de metales son fluidos especializados dise\u00f1ados para reducir el calor, la fricci\u00f3n y el desgaste durante los procesos de mecanizado de metales. Mejoran la eficiencia de corte, la vida \u00fatil de la herramienta y el acabado superficial al tiempo que previenen la corrosi\u00f3n. What are Metal&hellip;","_links":{"self":[{"href":"https:\/\/www.palco.co.in\/es\/wp-json\/wp\/v2\/pages\/8872","targetHints":{"allow":["GET"]}}],"collection":[{"href":"https:\/\/www.palco.co.in\/es\/wp-json\/wp\/v2\/pages"}],"about":[{"href":"https:\/\/www.palco.co.in\/es\/wp-json\/wp\/v2\/types\/page"}],"author":[{"embeddable":true,"href":"https:\/\/www.palco.co.in\/es\/wp-json\/wp\/v2\/users\/1"}],"replies":[{"embeddable":true,"href":"https:\/\/www.palco.co.in\/es\/wp-json\/wp\/v2\/comments?post=8872"}],"version-history":[{"count":13,"href":"https:\/\/www.palco.co.in\/es\/wp-json\/wp\/v2\/pages\/8872\/revisions"}],"predecessor-version":[{"id":14837,"href":"https:\/\/www.palco.co.in\/es\/wp-json\/wp\/v2\/pages\/8872\/revisions\/14837"}],"wp:attachment":[{"href":"https:\/\/www.palco.co.in\/es\/wp-json\/wp\/v2\/media?parent=8872"}],"curies":[{"name":"wp","href":"https:\/\/api.w.org\/{rel}","templated":true}]}}