{"id":8868,"date":"2025-01-28T12:09:30","date_gmt":"2025-01-28T06:39:30","guid":{"rendered":"https:\/\/www.palco.co.in\/es\/?page_id=8868"},"modified":"2026-03-13T08:27:35","modified_gmt":"2026-03-13T06:27:35","slug":"textile-lubricants","status":"publish","type":"page","link":"https:\/\/www.palco.co.in\/es\/textile-lubricants\/","title":{"rendered":"Lubricantes textiles"},"content":{"rendered":"\n<div class=\"wp-block-uagb-container uagb-block-75c3020e alignfull uagb-is-root-container\"><div class=\"uagb-container-inner-blocks-wrap\">\n<div class=\"wp-block-uagb-container uagb-block-a8507c21\">\n<h1 class=\"wp-block-heading divine-ind-h1 has-white-color has-text-color has-link-color wp-elements-929a2905dd0949ad05fe0f23784fbc5d\" style=\"font-size:28px\">Lubricantes textiles<\/h1>\n\n\n\n<p class=\"has-white-color has-text-color has-link-color wp-elements-4207e2afc04f197ea0a46589db1dbd52\">Nuestros lubricantes textiles est\u00e1n especialmente formulados para mejorar el rendimiento de la maquinaria textil. Estos aceites proporcionan una lubricaci\u00f3n superior, reducen la fricci\u00f3n y previenen el desgaste, lo que garantiza un funcionamiento suave y una mayor vida \u00fatil del equipo en diversas aplicaciones de procesamiento textil.<\/p>\n<\/div>\n\n\n\n<div data-aos= \"slide-left\" data-aos-duration=\"400\" data-aos-delay=\"0\" data-aos-easing=\"ease\" data-aos-once=\"true\" class=\"wp-block-uagb-container uag-hide-mob uagb-block-08ff4b04\"><\/div>\n<\/div><\/div>\n\n\n\n<div class=\"wp-block-uagb-container uagb-block-c5653dd6 alignfull uagb-is-root-container\"><div class=\"uagb-container-inner-blocks-wrap\">\n<div class=\"wp-block-uagb-advanced-heading uagb-block-f68e7198 divine-ind-first-h\"><h2 class=\"uagb-heading-text\">\u00bfQu\u00e9 son los lubricantes textiles?<\/h2><\/div>\n\n\n\n<div class=\"wp-block-uagb-container uagb-block-c524ab9d\">\n<div class=\"wp-block-uagb-container uagb-block-423f0851\">\n<p>Los lubricantes textiles son aceites y grasas especialmente formulados que se utilizan en maquinaria textil para garantizar un funcionamiento suave, reducir la fricci\u00f3n y prevenir el desperdicio. Estos lubricantes deciden un papel fundamental en el mantenimiento de la eficiencia y la longevidad de los equipos de fabricaci\u00f3n textil.<\/p>\n<\/div>\n\n\n\n<div class=\"wp-block-uagb-container divine-ind-img-box uagb-block-6bac02f6\">\n<div class=\"wp-block-uagb-image aligncenter uagb-block-f3e86336 wp-block-uagb-image--layout-default wp-block-uagb-image--effect-static wp-block-uagb-image--align-center divine-ind-img\"><figure class=\"wp-block-uagb-image__figure\"><img decoding=\"async\" srcset=\"https:\/\/www.palco.co.in\/wp-content\/uploads\/2024\/10\/Industrial-Oils-Barrel-1.png ,https:\/\/www.palco.co.in\/wp-content\/uploads\/2024\/10\/Industrial-Oils-Barrel-1.png 780w, https:\/\/www.palco.co.in\/wp-content\/uploads\/2024\/10\/Industrial-Oils-Barrel-1.png 360w\" sizes=\"auto, (max-width: 480px) 150px\" src=\"https:\/\/www.palco.co.in\/wp-content\/uploads\/2024\/10\/Industrial-Oils-Barrel-1.png\" alt=\"Palco Textile Lubricants\" class=\"uag-image-19337\" width=\"136\" height=\"136\" title=\"Industrial-Oils-Barrel-1\" loading=\"lazy\" role=\"img\"\/><\/figure><\/div>\n<\/div>\n<\/div>\n\n\n\n<h2 class=\"wp-block-heading has-text-align-left divine-ind-center-h\">Nuestros Lubricantes Textiles &#8211;<\/h2>\n\n\n\n<div class=\"wp-block-uagb-container uagb-block-30738e9e\">\n<div class=\"wp-block-uagb-container uagb-block-c9850327\">\n<h3 class=\"wp-block-heading has-text-align-left divine-product-name\">Knitting Oils \u2013 Washable<\/h3>\n\n\n\n<p>Los aceites de tejer (lavables) est\u00e1n dise\u00f1ados para una lubricaci\u00f3n \u00f3ptima en las m\u00e1quinas de tejer y al mismo tiempo son f\u00e1cilmente lavables. Estos aceites reducen la fricci\u00f3n, evitan el desgaste y garantizan un funcionamiento suave de la m\u00e1quina, ofreciendo un rendimiento excelente y una f\u00e1cil extracci\u00f3n durante el procesamiento de la tela.<\/p>\n<\/div>\n\n\n\n<div class=\"wp-block-uagb-container divine-view-btn uagb-block-ed03d243\">\n<div class=\"wp-block-uagb-buttons uagb-buttons__outer-wrap uagb-btn__default-btn uagb-btn-tablet__default-btn uagb-btn-mobile__default-btn uagb-block-f8192af1\"><div class=\"uagb-buttons__wrap uagb-buttons-layout-wrap \">\n<div class=\"wp-block-uagb-buttons-child uagb-buttons__outer-wrap uagb-block-cc86484e wp-block-button\"><div class=\"uagb-button__wrapper\"><a class=\"uagb-buttons-repeater wp-block-button__link\" aria-label=\"\" href=\"https:\/\/www.palco.co.in\/knitting-oils-washable\/\" rel=\"follow noopener\" target=\"_self\" role=\"button\"><div class=\"uagb-button__link\">View Page<\/div><\/a><\/div><\/div>\n<\/div><\/div>\n<\/div>\n<\/div>\n\n\n\n<div class=\"wp-block-uagb-container uagb-block-75f67a0e\">\n<div class=\"wp-block-uagb-container uagb-block-e4ccf2c5\">\n<h3 class=\"wp-block-heading has-text-align-left divine-product-name\">Knitting Oil \u2013 Non Washable<\/h3>\n\n\n\n<p>Los aceites de tejer (lavables) est\u00e1n dise\u00f1ados para una lubricaci\u00f3n \u00f3ptima en las m\u00e1quinas de tejer y al mismo tiempo son f\u00e1cilmente lavables. Estos aceites reducen la fricci\u00f3n, evitan el desgaste y garantizan un funcionamiento suave de la m\u00e1quina, ofreciendo un rendimiento excelente y una f\u00e1cil extracci\u00f3n durante el procesamiento de la tela.<\/p>\n<\/div>\n\n\n\n<div class=\"wp-block-uagb-container divine-view-btn uagb-block-496edc1d\">\n<div class=\"wp-block-uagb-buttons uagb-buttons__outer-wrap uagb-btn__default-btn uagb-btn-tablet__default-btn uagb-btn-mobile__default-btn uagb-block-8586733b\"><div class=\"uagb-buttons__wrap uagb-buttons-layout-wrap \">\n<div class=\"wp-block-uagb-buttons-child uagb-buttons__outer-wrap uagb-block-0746773a wp-block-button\"><div class=\"uagb-button__wrapper\"><a class=\"uagb-buttons-repeater wp-block-button__link\" aria-label=\"\" href=\"https:\/\/www.palco.co.in\/knitting-oil-non-washable\/\" rel=\"follow noopener\" target=\"_self\" role=\"button\"><div class=\"uagb-button__link\">View Page<\/div><\/a><\/div><\/div>\n<\/div><\/div>\n<\/div>\n<\/div>\n\n\n\n<h2 class=\"wp-block-heading divine-ind-h\">Importancia de los lubricantes textiles en la industria<\/h2>\n\n\n\n<p>En la industria textil, la maquinaria funciona a altas velocidades y temperaturas variables. Una lubricaci\u00f3n adecuada ayuda a reducir el tiempo de inactividad, prevenir la contaminaci\u00f3n de la tela y garantizar una producci\u00f3n perfecta.<\/p>\n\n\n\n<hr class=\"wp-block-separator has-alpha-channel-opacity divine-ind-hr\"\/>\n\n\n\n<h2 class=\"wp-block-heading divine-ind-h\">Beneficios clave de los lubricantes textiles de alto rendimiento<\/h2>\n\n\n\n<p class=\"divine-bold-p\" style=\"font-size:14px\"><strong>Reducci\u00f3n de la fricci\u00f3n y el desgaste:<\/strong> mejora la vida \u00fatil de la m\u00e1quina al reducir el desgaste de los componentes. Garantiza un funcionamiento fluido con interrupciones m\u00ednimas.<\/p>\n\n\n\n<p class=\"divine-bold-p\" style=\"font-size:14px\"><strong>Estabilidad al calor y a la oxidaci\u00f3n:<\/strong> previene la degradaci\u00f3n del petr\u00f3leo a altas temperaturas. Reduce la formaci\u00f3n de dep\u00f3sitos y lodos.<\/p>\n\n\n\n<p class=\"divine-bold-p\" style=\"font-size:14px\"><strong>Propiedades Anticorrosi\u00f3n y Antioxidante: <\/strong>Protege la maquinaria textil del \u00f3xido y la corrosi\u00f3n. Mejora la durabilidad en ambientes con alta humedad.<\/p>\n\n\n\n<p class=\"divine-bold-p\" style=\"font-size:14px\"><strong>Formulaci\u00f3n sin retenci\u00f3n y no t\u00f3xica:<\/strong> previene la contaminaci\u00f3n de los tejidos durante el procesamiento textil. Garantiza la seguridad y el cumplimiento de los est\u00e1ndares de la industria.<\/p>\n\n\n\n<p class=\"divine-bold-p\" style=\"font-size:14px\"><strong>Intervalos de mantenimiento extendidos: <\/strong>reduce la necesidad de lubricaci\u00f3n frecuente. Mejora la eficiencia operativa y el ahorro de costes.<\/p>\n\n\n\n<hr class=\"wp-block-separator has-alpha-channel-opacity divine-ind-hr\"\/>\n\n\n\n<h2 class=\"wp-block-heading divine-ind-h\">Tipos de lubricantes textiles<\/h2>\n\n\n\n<p class=\"divine-bold-p\" style=\"font-size:14px\">Los lubricantes textiles se clasifican seg\u00fan sus aplicaciones y tipos de maquinaria:<\/p>\n\n\n\n<p class=\"divine-bold-p\" style=\"font-size:14px\"><strong>Aceites para husillos:<\/strong> Se utilizan para husillos de alta velocidad en m\u00e1quinas textiles. Proporciona excelente estabilidad a la oxidaci\u00f3n y lubricaci\u00f3n.<\/p>\n\n\n\n<p class=\"divine-bold-p\" style=\"font-size:14px\"><strong>Aceites de punto:<\/strong> Especialmente formulados para m\u00e1quinas de tejer y coser. Garantiza un movimiento suave de las agujas y otros componentes.<\/p>\n\n\n\n<p class=\"divine-bold-p\" style=\"font-size:14px\"><strong>Grasas para Maquinaria Textil:<\/strong> Se utilizan en rodamientos y engranajes para evitar el desgaste. Ofrece propiedades superiores de soporte de carga y anticorrosi\u00f3n.<\/p>\n\n\n\n<p class=\"divine-bold-p\" style=\"font-size:14px\"><strong>Aceites antiest\u00e1ticos: <\/strong>reducen la acumulaci\u00f3n de est\u00e1tica en el procesamiento de fibras. Previene la acumulaci\u00f3n de polvo y mejora el manejo de la fibra.Aceites antiest\u00e1ticos: reducen la acumulaci\u00f3n de est\u00e1tica en el procesamiento de fibras. Previene la acumulaci\u00f3n de polvo y mejora el manejo de la fibra.<\/p>\n\n\n\n<hr class=\"wp-block-separator has-alpha-channel-opacity divine-ind-hr\"\/>\n\n\n\n<h2 class=\"wp-block-heading divine-ind-h\">Aplicaciones de los lubricantes textiles<\/h2>\n\n\n\n<p class=\"divine-bold-p\" style=\"font-size:14px\">Los lubricantes textiles se utilizan ampliamente en diversos sectores de la industria textil, entre ellos:<\/p>\n\n\n\n<p><strong>Hilado y tejido:<\/strong> garantiza un funcionamiento suave de telares, husillos y rodillos. Reduce el tiempo de inactividad y mejora la calidad del hilo.<\/p>\n\n\n\n<p><strong>Tejido y costura: <\/strong>lubrica agujas, plomadas y gu\u00edas para una costura sin costuras. Previene la rotura de roscas y mejora la eficiencia de la m\u00e1quina.<\/p>\n\n\n\n<p><strong>Te\u00f1ido y Acabado:<\/strong> Protege la maquinaria de la corrosi\u00f3n en ambientes h\u00famedos. Reduce los costes de mantenimiento y mejora la productividad.<\/p>\n\n\n\n<p class=\"divine-bold-p\" style=\"font-size:14px\"><strong>Procesamiento de fibras y no tejidas:<\/strong> mejora el movimiento de las fibras y evita obstrucciones. Proporciona propiedades antiest\u00e1ticas y antipolvo para un procesamiento fluido.<\/p>\n\n\n\n<hr class=\"wp-block-separator has-alpha-channel-opacity divine-ind-hr\"\/>\n\n\n\n<h2 class=\"wp-block-heading divine-ind-h\">C\u00f3mo elegir el lubricante textil adecuado<\/h2>\n\n\n\n<p class=\"divine-bold-p\" style=\"font-size:14px\">Al seleccionar lubricantes textiles, considere los siguientes factores:<\/p>\n\n\n\n<p><strong>Compatibilidad con componentes de m\u00e1quinas:<\/strong> elija lubricantes adecuados para su maquinaria textil espec\u00edfica.<\/p>\n\n\n\n<p><strong>Propiedades no sensibles y no t\u00f3xicas:<\/strong> aseg\u00farese de que el lubricante no afecte la calidad de la tela.<\/p>\n\n\n\n<p><strong>Resistencia t\u00e9rmica y a la oxidaci\u00f3n: <\/strong>opte por lubricantes que funcionen bien a altas temperaturas de funcionamiento.<\/p>\n\n\n\n<p><strong>Protecci\u00f3n contra el desgaste y la corrosi\u00f3n:<\/strong> seleccione aceites y grasas que prolonguen la vida \u00fatil del equipo.<\/p>\n\n\n\n<p class=\"divine-bold-p\" style=\"font-size:14px\"><strong>Cumplimiento de los est\u00e1ndares de la industria:<\/strong> busque lubricantes que cumplan con las especificaciones ISO y OEM.<\/p>\n\n\n\n<hr class=\"wp-block-separator has-alpha-channel-opacity divine-ind-hr\"\/>\n\n\n\n<p class=\"divine-bold-p\" style=\"font-size:14px\">Los lubricantes textiles son esenciales para mantener la eficiencia y la longevidad de la maquinaria textil. Elegir el lubricante adecuado mejora el rendimiento de la m\u00e1quina, evita el desgaste y garantiza una producci\u00f3n de tejidos de alta calidad. En Paras Lubricants Limited, ofrecemos lubricantes textiles PALCO de alta calidad dise\u00f1ados para satisfacer las necesidades de la industria textil. \u00a1Cont\u00e1ctenos hoy para obtener las mejores soluciones de lubricaci\u00f3n para su maquinaria!<\/p>\n\n\n\n<div class=\"wp-block-uagb-container uagb-block-19ffd821\">\n<h2 class=\"wp-block-heading zero-margin\" style=\"font-size:24px\">Por qu\u00e9 Paras Lubricants Limited es<br>\u00bfCu\u00e1l es la opci\u00f3n correcta para los lubricantes textiles?<\/h2>\n\n\n\n<p class=\"zero-margin\">En Paras Lubricants Limited, ofrecemos lubricantes textiles PALCO de primera calidad, dise\u00f1ados para mejorar la eficiencia, la durabilidad y el rendimiento de la maquinaria textil. Nuestros lubricantes garantizan un funcionamiento suave, reducen el tiempo de inactividad y protegen contra el desgaste y la corrosi\u00f3n.<\/p>\n\n\n\n<p class=\"zero-margin\">Nuestras ofertas clave:<\/p>\n\n\n\n<ul class=\"wp-block-list zero-margin\">\n<li>Lubricantes textiles de alto rendimiento para diversas m\u00e1quinas<\/li>\n\n\n\n<li>Formulaciones que no manchan, no son t\u00f3xicas y son respetuosas con los tejidos<\/li>\n\n\n\n<li>Resistencia superior a la oxidaci\u00f3n y la corrosi\u00f3n<\/li>\n\n\n\n<li>Los fabricantes textiles conf\u00edan en soluciones de lubricaci\u00f3n confiables<\/li>\n<\/ul>\n\n\n\n<div class=\"wp-block-uagb-separator uagb-block-1243d53b\"><div class=\"wp-block-uagb-separator__inner\" style=\"--my-background-image:\"><\/div><\/div>\n\n\n\n<div class=\"wp-block-uagb-container uagb-block-8dce934d alignfull uagb-is-root-container\">\n<div class=\"wp-block-uagb-container uagb-block-1c3b54a4\">\n<div class=\"wp-block-uagb-buttons uagb-buttons__outer-wrap uagb-btn__default-btn uagb-btn-tablet__default-btn uagb-btn-mobile__default-btn uagb-block-8a1a2990\"><div class=\"uagb-buttons__wrap uagb-buttons-layout-wrap is-layout-flex\">\n<div class=\"wp-block-uagb-buttons-child uagb-buttons__outer-wrap uagb-block-a6c3b135 wp-block-button\"><div class=\"uagb-button__wrapper\"><a class=\"uagb-buttons-repeater wp-block-button__link\" aria-label=\"\" href=\"https:\/\/www.palco.co.in\/business-enquiry\/\" rel=\"follow noopener\" target=\"_self\" role=\"button\"><span class=\"uagb-button__icon uagb-button__icon-position-before\"><svg xmlns=\"https:\/\/www.w3.org\/2000\/svg\" viewBox=\"0 0 512 512\" aria-hidden=\"true\" focussable=\"false\"><path d=\"M464 64C490.5 64 512 85.49 512 112C512 127.1 504.9 141.3 492.8 150.4L275.2 313.6C263.8 322.1 248.2 322.1 236.8 313.6L19.2 150.4C7.113 141.3 0 127.1 0 112C0 85.49 21.49 64 48 64H464zM217.6 339.2C240.4 356.3 271.6 356.3 294.4 339.2L512 176V384C512 419.3 483.3 448 448 448H64C28.65 448 0 419.3 0 384V176L217.6 339.2z\"><\/path><\/svg><\/span><div class=\"uagb-button__link\">Business Enquiry<\/div><\/a><\/div><\/div>\n<\/div><\/div>\n<\/div>\n\n\n\n<div class=\"wp-block-uagb-container uagb-block-6f38505a\">\n<div class=\"wp-block-uagb-buttons uagb-buttons__outer-wrap uagb-btn__default-btn uagb-btn-tablet__default-btn uagb-btn-mobile__default-btn uagb-block-fc6ef434\"><div class=\"uagb-buttons__wrap uagb-buttons-layout-wrap is-layout-flex\">\n<div class=\"wp-block-uagb-buttons-child uagb-buttons__outer-wrap uagb-block-f8da441a wp-block-button\"><div class=\"uagb-button__wrapper\"><a class=\"uagb-buttons-repeater wp-block-button__link\" aria-label=\"\" href=\"https:\/\/wa.me\/9311794519?text=Enquiry%20from%20Palco%20website\" rel=\"follow noopener\" target=\"_blank\" role=\"button\"><span class=\"uagb-button__icon uagb-button__icon-position-before\"><svg xmlns=\"https:\/\/www.w3.org\/2000\/svg\" viewBox=\"0 0 448 512\" aria-hidden=\"true\" focussable=\"false\"><path d=\"M380.9 97.1C339 55.1 283.2 32 223.9 32c-122.4 0-222 99.6-222 222 0 39.1 10.2 77.3 29.6 111L0 480l117.7-30.9c32.4 17.7 68.9 27 106.1 27h.1c122.3 0 224.1-99.6 224.1-222 0-59.3-25.2-115-67.1-157zm-157 341.6c-33.2 0-65.7-8.9-94-25.7l-6.7-4-69.8 18.3L72 359.2l-4.4-7c-18.5-29.4-28.2-63.3-28.2-98.2 0-101.7 82.8-184.5 184.6-184.5 49.3 0 95.6 19.2 130.4 54.1 34.8 34.9 56.2 81.2 56.1 130.5 0 101.8-84.9 184.6-186.6 184.6zm101.2-138.2c-5.5-2.8-32.8-16.2-37.9-18-5.1-1.9-8.8-2.8-12.5 2.8-3.7 5.6-14.3 18-17.6 21.8-3.2 3.7-6.5 4.2-12 1.4-32.6-16.3-54-29.1-75.5-66-5.7-9.8 5.7-9.1 16.3-30.3 1.8-3.7 .9-6.9-.5-9.7-1.4-2.8-12.5-30.1-17.1-41.2-4.5-10.8-9.1-9.3-12.5-9.5-3.2-.2-6.9-.2-10.6-.2-3.7 0-9.7 1.4-14.8 6.9-5.1 5.6-19.4 19-19.4 46.3 0 27.3 19.9 53.7 22.6 57.4 2.8 3.7 39.1 59.7 94.8 83.8 35.2 15.2 49 16.5 66.6 13.9 10.7-1.6 32.8-13.4 37.4-26.4 4.6-13 4.6-24.1 3.2-26.4-1.3-2.5-5-3.9-10.5-6.6z\"><\/path><\/svg><\/span><div class=\"uagb-button__link\">WhatsApp<\/div><\/a><\/div><\/div>\n<\/div><\/div>\n<\/div>\n<\/div>\n<\/div>\n<\/div><\/div>\n","protected":false},"excerpt":{"rendered":"<p>Lubricantes textiles Nuestros lubricantes textiles est\u00e1n especialmente formulados para mejorar el rendimiento de la maquinaria textil. Estos aceites proporcionan una lubricaci\u00f3n superior, reducen la fricci\u00f3n y previenen el desgaste, lo que garantiza un funcionamiento suave y una mayor vida \u00fatil del equipo en diversas aplicaciones de procesamiento textil. \u00bfQu\u00e9 son los lubricantes textiles? Los lubricantes [&hellip;]<\/p>\n","protected":false},"author":1,"featured_media":13606,"parent":0,"menu_order":0,"comment_status":"closed","ping_status":"closed","template":"","meta":{"_uag_custom_page_level_css":"","ocean_post_layout":"full-screen","ocean_both_sidebars_style":"","ocean_both_sidebars_content_width":0,"ocean_both_sidebars_sidebars_width":0,"ocean_sidebar":"","ocean_second_sidebar":"","ocean_disable_margins":"on","ocean_add_body_class":"","ocean_shortcode_before_top_bar":"","ocean_shortcode_after_top_bar":"","ocean_shortcode_before_header":"","ocean_shortcode_after_header":"","ocean_has_shortcode":"","ocean_shortcode_after_title":"","ocean_shortcode_before_footer_widgets":"","ocean_shortcode_after_footer_widgets":"","ocean_shortcode_before_footer_bottom":"","ocean_shortcode_after_footer_bottom":"","ocean_display_top_bar":"default","ocean_display_header":"default","ocean_header_style":"","ocean_center_header_left_menu":"","ocean_custom_header_template":"","ocean_custom_logo":0,"ocean_custom_retina_logo":0,"ocean_custom_logo_max_width":0,"ocean_custom_logo_tablet_max_width":0,"ocean_custom_logo_mobile_max_width":0,"ocean_custom_logo_max_height":0,"ocean_custom_logo_tablet_max_height":0,"ocean_custom_logo_mobile_max_height":0,"ocean_header_custom_menu":"","ocean_menu_typo_font_family":"","ocean_menu_typo_font_subset":"","ocean_menu_typo_font_size":0,"ocean_menu_typo_font_size_tablet":0,"ocean_menu_typo_font_size_mobile":0,"ocean_menu_typo_font_size_unit":"px","ocean_menu_typo_font_weight":"","ocean_menu_typo_font_weight_tablet":"","ocean_menu_typo_font_weight_mobile":"","ocean_menu_typo_transform":"","ocean_menu_typo_transform_tablet":"","ocean_menu_typo_transform_mobile":"","ocean_menu_typo_line_height":0,"ocean_menu_typo_line_height_tablet":0,"ocean_menu_typo_line_height_mobile":0,"ocean_menu_typo_line_height_unit":"","ocean_menu_typo_spacing":0,"ocean_menu_typo_spacing_tablet":0,"ocean_menu_typo_spacing_mobile":0,"ocean_menu_typo_spacing_unit":"","ocean_menu_link_color":"","ocean_menu_link_color_hover":"","ocean_menu_link_color_active":"","ocean_menu_link_background":"","ocean_menu_link_hover_background":"","ocean_menu_link_active_background":"","ocean_menu_social_links_bg":"","ocean_menu_social_hover_links_bg":"","ocean_menu_social_links_color":"","ocean_menu_social_hover_links_color":"","ocean_disable_title":"on","ocean_disable_heading":"default","ocean_post_title":"","ocean_post_subheading":"","ocean_post_title_style":"","ocean_post_title_background_color":"","ocean_post_title_background":0,"ocean_post_title_bg_image_position":"","ocean_post_title_bg_image_attachment":"","ocean_post_title_bg_image_repeat":"","ocean_post_title_bg_image_size":"","ocean_post_title_height":0,"ocean_post_title_bg_overlay":0.5,"ocean_post_title_bg_overlay_color":"","ocean_disable_breadcrumbs":"default","ocean_breadcrumbs_color":"","ocean_breadcrumbs_separator_color":"","ocean_breadcrumbs_links_color":"","ocean_breadcrumbs_links_hover_color":"","ocean_display_footer_widgets":"default","ocean_display_footer_bottom":"default","ocean_custom_footer_template":"","footnotes":""},"class_list":["post-8868","page","type-page","status-publish","has-post-thumbnail","hentry","entry","has-media"],"uagb_featured_image_src":{"full":["https:\/\/www.palco.co.in\/es\/wp-content\/uploads\/2025\/01\/Industrial-Oil-50-Lt.jpg",600,600,false],"thumbnail":["https:\/\/www.palco.co.in\/es\/wp-content\/uploads\/2025\/01\/Industrial-Oil-50-Lt-150x150.jpg",150,150,true],"medium":["https:\/\/www.palco.co.in\/es\/wp-content\/uploads\/2025\/01\/Industrial-Oil-50-Lt-300x300.jpg",300,300,true],"medium_large":["https:\/\/www.palco.co.in\/es\/wp-content\/uploads\/2025\/01\/Industrial-Oil-50-Lt.jpg",600,600,false],"large":["https:\/\/www.palco.co.in\/es\/wp-content\/uploads\/2025\/01\/Industrial-Oil-50-Lt.jpg",600,600,false],"1536x1536":["https:\/\/www.palco.co.in\/es\/wp-content\/uploads\/2025\/01\/Industrial-Oil-50-Lt.jpg",600,600,false],"2048x2048":["https:\/\/www.palco.co.in\/es\/wp-content\/uploads\/2025\/01\/Industrial-Oil-50-Lt.jpg",600,600,false],"ocean-thumb-m":["https:\/\/www.palco.co.in\/es\/wp-content\/uploads\/2025\/01\/Industrial-Oil-50-Lt.jpg",600,600,false],"ocean-thumb-ml":["https:\/\/www.palco.co.in\/es\/wp-content\/uploads\/2025\/01\/Industrial-Oil-50-Lt-600x450.jpg",600,450,true],"ocean-thumb-l":["https:\/\/www.palco.co.in\/es\/wp-content\/uploads\/2025\/01\/Industrial-Oil-50-Lt.jpg",600,600,false]},"uagb_author_info":{"display_name":"Paras Lubricants","author_link":"https:\/\/www.palco.co.in\/es\/author\/zktyht\/"},"uagb_comment_info":0,"uagb_excerpt":"Lubricantes textiles Nuestros lubricantes textiles est\u00e1n especialmente formulados para mejorar el rendimiento de la maquinaria textil. Estos aceites proporcionan una lubricaci\u00f3n superior, reducen la fricci\u00f3n y previenen el desgaste, lo que garantiza un funcionamiento suave y una mayor vida \u00fatil del equipo en diversas aplicaciones de procesamiento textil. \u00bfQu\u00e9 son los lubricantes textiles? Los lubricantes&hellip;","_links":{"self":[{"href":"https:\/\/www.palco.co.in\/es\/wp-json\/wp\/v2\/pages\/8868","targetHints":{"allow":["GET"]}}],"collection":[{"href":"https:\/\/www.palco.co.in\/es\/wp-json\/wp\/v2\/pages"}],"about":[{"href":"https:\/\/www.palco.co.in\/es\/wp-json\/wp\/v2\/types\/page"}],"author":[{"embeddable":true,"href":"https:\/\/www.palco.co.in\/es\/wp-json\/wp\/v2\/users\/1"}],"replies":[{"embeddable":true,"href":"https:\/\/www.palco.co.in\/es\/wp-json\/wp\/v2\/comments?post=8868"}],"version-history":[{"count":9,"href":"https:\/\/www.palco.co.in\/es\/wp-json\/wp\/v2\/pages\/8868\/revisions"}],"predecessor-version":[{"id":14802,"href":"https:\/\/www.palco.co.in\/es\/wp-json\/wp\/v2\/pages\/8868\/revisions\/14802"}],"wp:featuredmedia":[{"embeddable":true,"href":"https:\/\/www.palco.co.in\/es\/wp-json\/wp\/v2\/media\/13606"}],"wp:attachment":[{"href":"https:\/\/www.palco.co.in\/es\/wp-json\/wp\/v2\/media?parent=8868"}],"curies":[{"name":"wp","href":"https:\/\/api.w.org\/{rel}","templated":true}]}}