{"id":8863,"date":"2025-01-28T12:09:28","date_gmt":"2025-01-28T06:39:28","guid":{"rendered":"https:\/\/www.palco.co.in\/es\/?page_id=8863"},"modified":"2026-03-13T09:06:22","modified_gmt":"2026-03-13T07:06:22","slug":"sugar-mill-oils","status":"publish","type":"page","link":"https:\/\/www.palco.co.in\/es\/sugar-mill-oils\/","title":{"rendered":"Aceites de ingenio azucarero"},"content":{"rendered":"\n<div class=\"wp-block-uagb-container uagb-block-2dc5eff1 alignfull uagb-is-root-container\"><div class=\"uagb-container-inner-blocks-wrap\">\n<div class=\"wp-block-uagb-container uagb-block-a8507c21\">\n<h1 class=\"wp-block-heading divine-ind-h1 has-white-color has-text-color has-link-color wp-elements-1c42bd9d5447ddddef6eb831881926ac\" style=\"font-size:28px\">Aceites de ingenio azucarero<\/h1>\n\n\n\n<p class=\"has-white-color has-text-color has-link-color wp-elements-9ab14804dc49fad02dcd16b3a60d5ef5\">Nuestros aceites para ingenios azucareros est\u00e1n especialmente formulados para proporcionar una lubricaci\u00f3n \u00f3ptima para las condiciones exigentes en los ingenios azucareros. Estos aceites reducen la fricci\u00f3n, previenen el desgaste y garantizan un funcionamiento suave, mejorando el rendimiento y la vida \u00fatil de la maquinaria..<\/p>\n<\/div>\n\n\n\n<div data-aos= \"slide-left\" data-aos-duration=\"400\" data-aos-delay=\"0\" data-aos-easing=\"ease\" data-aos-once=\"true\" class=\"wp-block-uagb-container uag-hide-mob uagb-block-08ff4b04\"><\/div>\n<\/div><\/div>\n\n\n\n<div class=\"wp-block-uagb-container uagb-block-5216142d alignfull uagb-is-root-container\"><div class=\"uagb-container-inner-blocks-wrap\">\n<div class=\"wp-block-uagb-advanced-heading uagb-block-a028843f divine-ind-first-h\"><h2 class=\"uagb-heading-text\">\u00bfQu\u00e9 son los aceites de molino de az\u00facar?<\/h2><\/div>\n\n\n\n<div class=\"wp-block-uagb-container uagb-block-c524ab9d\">\n<div class=\"wp-block-uagb-container uagb-block-423f0851\">\n<p>Los aceites para molinos de az\u00facar son lubricantes especializados dise\u00f1ados para el funcionamiento eficiente de maquinaria pesada en molinos de az\u00facar. Estos aceites proporcionan una lubricaci\u00f3n superior, reducen el desgaste y mejoran la longevidad de los engranajes, cojinetes y otros componentes mec\u00e1nicos en las plantas de fabricaci\u00f3n de az\u00facar.<\/p>\n<\/div>\n\n\n\n<div class=\"wp-block-uagb-container divine-ind-img-box uagb-block-6bac02f6\">\n<div class=\"wp-block-uagb-image aligncenter uagb-block-f3e86336 wp-block-uagb-image--layout-default wp-block-uagb-image--effect-static wp-block-uagb-image--align-center divine-ind-img\"><figure class=\"wp-block-uagb-image__figure\"><img decoding=\"async\" srcset=\"https:\/\/www.palco.co.in\/wp-content\/uploads\/2024\/10\/Industrial-Oils-Barrel-1.png ,https:\/\/www.palco.co.in\/wp-content\/uploads\/2024\/10\/Industrial-Oils-Barrel-1.png 780w, https:\/\/www.palco.co.in\/wp-content\/uploads\/2024\/10\/Industrial-Oils-Barrel-1.png 360w\" sizes=\"auto, (max-width: 480px) 150px\" src=\"https:\/\/www.palco.co.in\/wp-content\/uploads\/2024\/10\/Industrial-Oils-Barrel-1.png\" alt=\"Palco Sugar Mill Oils\" class=\"uag-image-19337\" width=\"136\" height=\"136\" title=\"Industrial-Oils-Barrel-1\" loading=\"lazy\" role=\"img\"\/><\/figure><\/div>\n<\/div>\n<\/div>\n\n\n\n<h2 class=\"wp-block-heading has-text-align-left divine-ind-center-h\">Nuestros aceites para f\u00e1bricas de az\u00facar &#8211;<\/h2>\n\n\n\n<div class=\"wp-block-uagb-container uagb-block-30738e9e\">\n<div class=\"wp-block-uagb-container uagb-block-c9850327\">\n<h3 class=\"wp-block-heading has-text-align-left divine-product-name\">Roll Bearing Oils<\/h3>\n\n\n\n<p>Los aceites para rodamientos de rodillos est\u00e1n dise\u00f1ados para proporcionar una lubricaci\u00f3n y protecci\u00f3n excepcionales para los rodamientos de rodillos en los ingenios azucareros. Estos aceites reducen la fricci\u00f3n, evitan el desgaste y garantizan un funcionamiento suave, mejorando la eficiencia y la longevidad del equipo.<\/p>\n<\/div>\n\n\n\n<div class=\"wp-block-uagb-container divine-view-btn uagb-block-ed03d243\">\n<div class=\"wp-block-uagb-buttons uagb-buttons__outer-wrap uagb-btn__default-btn uagb-btn-tablet__default-btn uagb-btn-mobile__default-btn uagb-block-f8192af1\"><div class=\"uagb-buttons__wrap uagb-buttons-layout-wrap \">\n<div class=\"wp-block-uagb-buttons-child uagb-buttons__outer-wrap uagb-block-cc86484e wp-block-button\"><div class=\"uagb-button__wrapper\"><a class=\"uagb-buttons-repeater wp-block-button__link\" aria-label=\"\" href=\"https:\/\/www.palco.co.in\/roll-bearing-oils\/\" rel=\"follow noopener\" target=\"_self\" role=\"button\"><div class=\"uagb-button__link\">View Page<\/div><\/a><\/div><\/div>\n<\/div><\/div>\n<\/div>\n<\/div>\n\n\n\n<div class=\"wp-block-uagb-container uagb-block-6d7700ce\">\n<div class=\"wp-block-uagb-container uagb-block-97c1d327\">\n<h3 class=\"wp-block-heading has-text-align-left divine-product-name\">Open Gear Compounds<\/h3>\n\n\n\n<p>Los compuestos de engranajes abiertos est\u00e1n formulados para proporcionar lubricaci\u00f3n y protecci\u00f3n superiores para engranajes abiertos en ingenios azucareros. Estos compuestos reducen el desgaste, minimizan la fricci\u00f3n y garantizan un funcionamiento suave, mejorando el rendimiento y la durabilidad de los sistemas de engranajes.<\/p>\n<\/div>\n\n\n\n<div class=\"wp-block-uagb-container divine-view-btn uagb-block-d79fa3ec\">\n<div class=\"wp-block-uagb-buttons uagb-buttons__outer-wrap uagb-btn__default-btn uagb-btn-tablet__default-btn uagb-btn-mobile__default-btn uagb-block-521a84d7\"><div class=\"uagb-buttons__wrap uagb-buttons-layout-wrap \">\n<div class=\"wp-block-uagb-buttons-child uagb-buttons__outer-wrap uagb-block-54ac16eb wp-block-button\"><div class=\"uagb-button__wrapper\"><a class=\"uagb-buttons-repeater wp-block-button__link\" aria-label=\"\" href=\"https:\/\/www.palco.co.in\/open-gear-compounds\/\" rel=\"follow noopener\" target=\"_self\" role=\"button\"><div class=\"uagb-button__link\">View Page<\/div><\/a><\/div><\/div>\n<\/div><\/div>\n<\/div>\n<\/div>\n\n\n\n<div class=\"wp-block-uagb-container uagb-block-4f10fefa\">\n<div class=\"wp-block-uagb-container uagb-block-5334e061\">\n<h3 class=\"wp-block-heading has-text-align-left divine-product-name\">Open Gear Compounds (Heavy Duty)<\/h3>\n\n\n\n<p>Los compuestos de engranajes abiertos de alta resistencia ofrecen una lubricaci\u00f3n excepcional para aplicaciones de alta carga en ingenios azucareros. Estos compuestos proporcionan una excelente protecci\u00f3n contra el desgaste, reducen la fricci\u00f3n y garantizan un rendimiento confiable, incluso en condiciones extremas, extendiendo la vida \u00fatil de los sistemas de engranajes abiertos.<\/p>\n<\/div>\n\n\n\n<div class=\"wp-block-uagb-container divine-view-btn uagb-block-a5727bfd\">\n<div class=\"wp-block-uagb-buttons uagb-buttons__outer-wrap uagb-btn__default-btn uagb-btn-tablet__default-btn uagb-btn-mobile__default-btn uagb-block-fe7859ad\"><div class=\"uagb-buttons__wrap uagb-buttons-layout-wrap \">\n<div class=\"wp-block-uagb-buttons-child uagb-buttons__outer-wrap uagb-block-9f091eb3 wp-block-button\"><div class=\"uagb-button__wrapper\"><a class=\"uagb-buttons-repeater wp-block-button__link\" aria-label=\"\" href=\"https:\/\/www.palco.co.in\/open-gear-compounds-heavy-duty\/\" rel=\"follow noopener\" target=\"_self\" role=\"button\"><div class=\"uagb-button__link\">View Page<\/div><\/a><\/div><\/div>\n<\/div><\/div>\n<\/div>\n<\/div>\n\n\n\n<h2 class=\"wp-block-heading divine-ind-h\">Importance of Sugar Mill Oils in the Industry<\/h2>\n\n\n\n<p class=\"divine-bold-p\" style=\"font-size:14px\">Los ingenios azucareros operan en condiciones de alta carga y alta humedad, lo que hace que la lubricaci\u00f3n de alto rendimiento sea esencial para una producci\u00f3n ininterrumpida. Los aceites para molinos de az\u00facar garantizan un funcionamiento fluido de la maquinaria, evitando aver\u00edas y costosos tiempos de inactividad.<\/p>\n\n\n\n<hr class=\"wp-block-separator has-alpha-channel-opacity divine-ind-hr\"\/>\n\n\n\n<h2 class=\"wp-block-heading divine-ind-h\">Beneficios clave de los aceites de molino de az\u00facar de alto rendimiento<\/h2>\n\n\n\n<p class=\"divine-bold-p\" style=\"font-size:14px\"><strong>Lubricaci\u00f3n superior y protecci\u00f3n contra el desgaste:<\/strong> minimiza la fricci\u00f3n en engranajes y cojinetes muy cargados. Reduce el desgaste y prolonga la vida \u00fatil de la maquinaria.<\/p>\n\n\n\n<p><strong>Excelente resistencia al agua y a la contaminaci\u00f3n: <\/strong>previene la corrosi\u00f3n y el \u00f3xido relacionados con la humedad. Mantiene la lubricaci\u00f3n incluso en condiciones h\u00famedas.<\/p>\n\n\n\n<p><strong>Alta estabilidad t\u00e9rmica y de oxidaci\u00f3n:<\/strong> soporta altas temperaturas de funcionamiento sin degradaci\u00f3n. Reduce la formaci\u00f3n de lodos y mantiene la eficiencia del petr\u00f3leo.<\/p>\n\n\n\n<p><strong>Propiedades antiespumantes y de demulsibilidad: <\/strong>previene la formaci\u00f3n de espuma que puede reducir la eficacia de la lubricaci\u00f3n. Separa r\u00e1pidamente el agua para mantener una lubricaci\u00f3n \u00f3ptima.<\/p>\n\n\n\n<p class=\"divine-bold-p\" style=\"font-size:14px\">Mantenimiento reducido y tiempo de inactividad Mejora la confiabilidad de la m\u00e1quina, reduciendo la necesidad de realizar servicios frecuentes. Garantiza un funcionamiento fluido, maximizando la productividad.<\/p>\n\n\n\n<hr class=\"wp-block-separator has-alpha-channel-opacity divine-ind-hr\"\/>\n\n\n\n<h2 class=\"wp-block-heading divine-ind-h\">Tipos de aceites para f\u00e1bricas de az\u00facar<\/h2>\n\n\n\n<p class=\"divine-bold-p\" style=\"font-size:14px\">Los aceites para molinos de az\u00facar est\u00e1n disponibles en diferentes formulaciones para diversos requisitos de maquinaria:<\/p>\n\n\n\n<p class=\"divine-bold-p\" style=\"font-size:14px\">Aceites para engranajes para f\u00e1bricas de az\u00facar Dise\u00f1ados para sistemas de engranajes abiertos y cerrados. Proporciona una excelente protecci\u00f3n contra presiones extremas (EP).<\/p>\n\n\n\n<p>Aceites para rodamientos y circulaci\u00f3n Garantiza el buen funcionamiento de los rodamientos de rodillos y mu\u00f1ones. Mejora la resistencia a la corrosi\u00f3n y ampl\u00eda los intervalos de servicio.<\/p>\n\n\n\n<p class=\"divine-bold-p\" style=\"font-size:14px\">Aceites hidr\u00e1ulicos para equipos de ingenio azucarero Ofrece un alto rendimiento antidesgaste para sistemas hidr\u00e1ulicos. Proporciona estabilidad a la oxidaci\u00f3n a largo plazo y resistencia t\u00e9rmica.<\/p>\n\n\n\n<hr class=\"wp-block-separator has-alpha-channel-opacity divine-ind-hr\"\/>\n\n\n\n<h2 class=\"wp-block-heading divine-ind-h\">Aplicaciones de los aceites de las f\u00e1bricas de az\u00facar<\/h2>\n\n\n\n<p class=\"divine-bold-p\" style=\"font-size:14px\">Los aceites de molino de az\u00facar juegan un papel crucial en:<\/p>\n\n\n\n<p class=\"divine-bold-p\" style=\"font-size:14px\">Maquinaria de trituraci\u00f3n y fresado Lubrica engranajes y cojinetes en rodillos trituradores. Previene el desgaste en sistemas de procesamiento de alta carga.<\/p>\n\n\n\n<p>Transportadores y equipos de manipulaci\u00f3n de materiales Garantiza el buen funcionamiento de las cadenas y cintas transportadoras. Reduce la fricci\u00f3n en los componentes mec\u00e1nicos.<\/p>\n\n\n\n<p class=\"divine-bold-p\" style=\"font-size:14px\">Centr\u00edfugas y Evaporadores: Previene la corrosi\u00f3n y la oxidaci\u00f3n en equipos rotativos de alta velocidad. Mejora el rendimiento en los procesos de refinaci\u00f3n de az\u00facar.<\/p>\n\n\n\n<hr class=\"wp-block-separator has-alpha-channel-opacity divine-ind-hr\"\/>\n\n\n\n<h2 class=\"wp-block-heading divine-ind-h\">C\u00f3mo elegir el aceite de molino de az\u00facar adecuado<\/h2>\n\n\n\n<p>Al seleccionar un aceite de molino de az\u00facar, considere:<\/p>\n\n\n\n<p>Capacidad de carga: garantiza una lubricaci\u00f3n eficaz bajo cargas pesadas.<\/p>\n\n\n\n<p>Resistencia al agua y a los contaminantes: previene da\u00f1os inducidos por la humedad.<\/p>\n\n\n\n<p>Estabilidad t\u00e9rmica y de oxidaci\u00f3n: garantiza un rendimiento a largo plazo.<\/p>\n\n\n\n<p>Control de espuma y demulsibilidad: mejora la eficiencia de la lubricaci\u00f3n.<\/p>\n\n\n\n<p>Cumplimiento de los est\u00e1ndares de la industria: cumple con las especificaciones industriales requeridas.<\/p>\n\n\n\n<p class=\"divine-bold-p\" style=\"font-size:14px\">Los aceites de molino de az\u00facar son esenciales para mantener operaciones eficientes en las plantas de fabricaci\u00f3n de az\u00facar. El uso de lubricantes de alta calidad ayuda a mejorar el rendimiento de la maquinaria, reducir los costos de mantenimiento y garantizar la confiabilidad a largo plazo. En Paras Lubricants Limited, ofrecemos aceites para f\u00e1bricas de az\u00facar PALCO de alta calidad para satisfacer las necesidades de lubricaci\u00f3n de la industria azucarera. \u00a1Cont\u00e1ctenos hoy para obtener las mejores soluciones para su maquinaria de ingenio azucarero!<\/p>\n\n\n\n<div class=\"wp-block-uagb-container uagb-block-19ffd821\">\n<h2 class=\"wp-block-heading zero-margin\" style=\"font-size:24px\">\u00bfPor qu\u00e9 elegir Paras Lubricants Limited para aceites de f\u00e1bricas de az\u00facar?<\/h2>\n\n\n\n<p class=\"zero-margin\">En Paras Lubricants Limited, ofrecemos aceites de molino de az\u00facar PALCO de primera calidad, dise\u00f1ados para mejorar el rendimiento de la maquinaria y garantizar una producci\u00f3n de az\u00facar sin fisuras. Nuestros aceites cumplen con los m\u00e1s altos est\u00e1ndares de la industria, brindando lubricaci\u00f3n y protecci\u00f3n superiores para equipos de molinos de az\u00facar de servicio pesado.<\/p>\n\n\n\n<p>Nuestras ofertas clave:<\/p>\n\n\n\n<ul class=\"wp-block-list zero-margin\">\n<li>Aceites para engranajes y rodamientos de alto rendimiento para ingenios azucareros<\/li>\n\n\n\n<li>Mayor estabilidad a la oxidaci\u00f3n y protecci\u00f3n contra la corrosi\u00f3n<\/li>\n\n\n\n<li>Formulaciones especializadas para condiciones de trabajo extremas<\/li>\n\n\n\n<li>Con la confianza de los principales fabricantes de az\u00facar<\/li>\n<\/ul>\n\n\n\n<div class=\"wp-block-uagb-separator uagb-block-1243d53b\"><div class=\"wp-block-uagb-separator__inner\" style=\"--my-background-image:\"><\/div><\/div>\n\n\n\n<div class=\"wp-block-uagb-container uagb-block-8dce934d alignfull uagb-is-root-container\">\n<div class=\"wp-block-uagb-container uagb-block-1c3b54a4\">\n<div class=\"wp-block-uagb-buttons uagb-buttons__outer-wrap uagb-btn__default-btn uagb-btn-tablet__default-btn uagb-btn-mobile__default-btn uagb-block-8a1a2990\"><div class=\"uagb-buttons__wrap uagb-buttons-layout-wrap is-layout-flex\">\n<div class=\"wp-block-uagb-buttons-child uagb-buttons__outer-wrap uagb-block-a6c3b135 wp-block-button\"><div class=\"uagb-button__wrapper\"><a class=\"uagb-buttons-repeater wp-block-button__link\" aria-label=\"\" href=\"https:\/\/www.palco.co.in\/business-enquiry\/\" rel=\"follow noopener\" target=\"_self\" role=\"button\"><span class=\"uagb-button__icon uagb-button__icon-position-before\"><svg xmlns=\"https:\/\/www.w3.org\/2000\/svg\" viewBox=\"0 0 512 512\" aria-hidden=\"true\" focussable=\"false\"><path d=\"M464 64C490.5 64 512 85.49 512 112C512 127.1 504.9 141.3 492.8 150.4L275.2 313.6C263.8 322.1 248.2 322.1 236.8 313.6L19.2 150.4C7.113 141.3 0 127.1 0 112C0 85.49 21.49 64 48 64H464zM217.6 339.2C240.4 356.3 271.6 356.3 294.4 339.2L512 176V384C512 419.3 483.3 448 448 448H64C28.65 448 0 419.3 0 384V176L217.6 339.2z\"><\/path><\/svg><\/span><div class=\"uagb-button__link\">Business Enquiry<\/div><\/a><\/div><\/div>\n<\/div><\/div>\n<\/div>\n\n\n\n<div class=\"wp-block-uagb-container uagb-block-6f38505a\">\n<div class=\"wp-block-uagb-buttons uagb-buttons__outer-wrap uagb-btn__default-btn uagb-btn-tablet__default-btn uagb-btn-mobile__default-btn uagb-block-fc6ef434\"><div class=\"uagb-buttons__wrap uagb-buttons-layout-wrap is-layout-flex\">\n<div class=\"wp-block-uagb-buttons-child uagb-buttons__outer-wrap uagb-block-f8da441a wp-block-button\"><div class=\"uagb-button__wrapper\"><a class=\"uagb-buttons-repeater wp-block-button__link\" aria-label=\"\" href=\"https:\/\/wa.me\/9311794519?text=Enquiry%20from%20Palco%20website\" rel=\"follow noopener\" target=\"_blank\" role=\"button\"><span class=\"uagb-button__icon uagb-button__icon-position-before\"><svg xmlns=\"https:\/\/www.w3.org\/2000\/svg\" viewBox=\"0 0 448 512\" aria-hidden=\"true\" focussable=\"false\"><path d=\"M380.9 97.1C339 55.1 283.2 32 223.9 32c-122.4 0-222 99.6-222 222 0 39.1 10.2 77.3 29.6 111L0 480l117.7-30.9c32.4 17.7 68.9 27 106.1 27h.1c122.3 0 224.1-99.6 224.1-222 0-59.3-25.2-115-67.1-157zm-157 341.6c-33.2 0-65.7-8.9-94-25.7l-6.7-4-69.8 18.3L72 359.2l-4.4-7c-18.5-29.4-28.2-63.3-28.2-98.2 0-101.7 82.8-184.5 184.6-184.5 49.3 0 95.6 19.2 130.4 54.1 34.8 34.9 56.2 81.2 56.1 130.5 0 101.8-84.9 184.6-186.6 184.6zm101.2-138.2c-5.5-2.8-32.8-16.2-37.9-18-5.1-1.9-8.8-2.8-12.5 2.8-3.7 5.6-14.3 18-17.6 21.8-3.2 3.7-6.5 4.2-12 1.4-32.6-16.3-54-29.1-75.5-66-5.7-9.8 5.7-9.1 16.3-30.3 1.8-3.7 .9-6.9-.5-9.7-1.4-2.8-12.5-30.1-17.1-41.2-4.5-10.8-9.1-9.3-12.5-9.5-3.2-.2-6.9-.2-10.6-.2-3.7 0-9.7 1.4-14.8 6.9-5.1 5.6-19.4 19-19.4 46.3 0 27.3 19.9 53.7 22.6 57.4 2.8 3.7 39.1 59.7 94.8 83.8 35.2 15.2 49 16.5 66.6 13.9 10.7-1.6 32.8-13.4 37.4-26.4 4.6-13 4.6-24.1 3.2-26.4-1.3-2.5-5-3.9-10.5-6.6z\"><\/path><\/svg><\/span><div class=\"uagb-button__link\">WhatsApp<\/div><\/a><\/div><\/div>\n<\/div><\/div>\n<\/div>\n<\/div>\n<\/div>\n<\/div><\/div>\n","protected":false},"excerpt":{"rendered":"<p>Aceites de ingenio azucarero Nuestros aceites para ingenios azucareros est\u00e1n especialmente formulados para proporcionar una lubricaci\u00f3n \u00f3ptima para las condiciones exigentes en los ingenios azucareros. Estos aceites reducen la fricci\u00f3n, previenen el desgaste y garantizan un funcionamiento suave, mejorando el rendimiento y la vida \u00fatil de la maquinaria.. \u00bfQu\u00e9 son los aceites de molino de [&hellip;]<\/p>\n","protected":false},"author":1,"featured_media":13606,"parent":0,"menu_order":0,"comment_status":"closed","ping_status":"closed","template":"","meta":{"_uag_custom_page_level_css":"","ocean_post_layout":"full-screen","ocean_both_sidebars_style":"","ocean_both_sidebars_content_width":0,"ocean_both_sidebars_sidebars_width":0,"ocean_sidebar":"","ocean_second_sidebar":"","ocean_disable_margins":"on","ocean_add_body_class":"","ocean_shortcode_before_top_bar":"","ocean_shortcode_after_top_bar":"","ocean_shortcode_before_header":"","ocean_shortcode_after_header":"","ocean_has_shortcode":"","ocean_shortcode_after_title":"","ocean_shortcode_before_footer_widgets":"","ocean_shortcode_after_footer_widgets":"","ocean_shortcode_before_footer_bottom":"","ocean_shortcode_after_footer_bottom":"","ocean_display_top_bar":"default","ocean_display_header":"default","ocean_header_style":"","ocean_center_header_left_menu":"","ocean_custom_header_template":"","ocean_custom_logo":0,"ocean_custom_retina_logo":0,"ocean_custom_logo_max_width":0,"ocean_custom_logo_tablet_max_width":0,"ocean_custom_logo_mobile_max_width":0,"ocean_custom_logo_max_height":0,"ocean_custom_logo_tablet_max_height":0,"ocean_custom_logo_mobile_max_height":0,"ocean_header_custom_menu":"","ocean_menu_typo_font_family":"","ocean_menu_typo_font_subset":"","ocean_menu_typo_font_size":0,"ocean_menu_typo_font_size_tablet":0,"ocean_menu_typo_font_size_mobile":0,"ocean_menu_typo_font_size_unit":"px","ocean_menu_typo_font_weight":"","ocean_menu_typo_font_weight_tablet":"","ocean_menu_typo_font_weight_mobile":"","ocean_menu_typo_transform":"","ocean_menu_typo_transform_tablet":"","ocean_menu_typo_transform_mobile":"","ocean_menu_typo_line_height":0,"ocean_menu_typo_line_height_tablet":0,"ocean_menu_typo_line_height_mobile":0,"ocean_menu_typo_line_height_unit":"","ocean_menu_typo_spacing":0,"ocean_menu_typo_spacing_tablet":0,"ocean_menu_typo_spacing_mobile":0,"ocean_menu_typo_spacing_unit":"","ocean_menu_link_color":"","ocean_menu_link_color_hover":"","ocean_menu_link_color_active":"","ocean_menu_link_background":"","ocean_menu_link_hover_background":"","ocean_menu_link_active_background":"","ocean_menu_social_links_bg":"","ocean_menu_social_hover_links_bg":"","ocean_menu_social_links_color":"","ocean_menu_social_hover_links_color":"","ocean_disable_title":"on","ocean_disable_heading":"default","ocean_post_title":"","ocean_post_subheading":"","ocean_post_title_style":"","ocean_post_title_background_color":"","ocean_post_title_background":0,"ocean_post_title_bg_image_position":"","ocean_post_title_bg_image_attachment":"","ocean_post_title_bg_image_repeat":"","ocean_post_title_bg_image_size":"","ocean_post_title_height":0,"ocean_post_title_bg_overlay":0.5,"ocean_post_title_bg_overlay_color":"","ocean_disable_breadcrumbs":"default","ocean_breadcrumbs_color":"","ocean_breadcrumbs_separator_color":"","ocean_breadcrumbs_links_color":"","ocean_breadcrumbs_links_hover_color":"","ocean_display_footer_widgets":"default","ocean_display_footer_bottom":"default","ocean_custom_footer_template":"","footnotes":""},"class_list":["post-8863","page","type-page","status-publish","has-post-thumbnail","hentry","entry","has-media"],"uagb_featured_image_src":{"full":["https:\/\/www.palco.co.in\/es\/wp-content\/uploads\/2025\/01\/Industrial-Oil-50-Lt.jpg",600,600,false],"thumbnail":["https:\/\/www.palco.co.in\/es\/wp-content\/uploads\/2025\/01\/Industrial-Oil-50-Lt-150x150.jpg",150,150,true],"medium":["https:\/\/www.palco.co.in\/es\/wp-content\/uploads\/2025\/01\/Industrial-Oil-50-Lt-300x300.jpg",300,300,true],"medium_large":["https:\/\/www.palco.co.in\/es\/wp-content\/uploads\/2025\/01\/Industrial-Oil-50-Lt.jpg",600,600,false],"large":["https:\/\/www.palco.co.in\/es\/wp-content\/uploads\/2025\/01\/Industrial-Oil-50-Lt.jpg",600,600,false],"1536x1536":["https:\/\/www.palco.co.in\/es\/wp-content\/uploads\/2025\/01\/Industrial-Oil-50-Lt.jpg",600,600,false],"2048x2048":["https:\/\/www.palco.co.in\/es\/wp-content\/uploads\/2025\/01\/Industrial-Oil-50-Lt.jpg",600,600,false],"ocean-thumb-m":["https:\/\/www.palco.co.in\/es\/wp-content\/uploads\/2025\/01\/Industrial-Oil-50-Lt.jpg",600,600,false],"ocean-thumb-ml":["https:\/\/www.palco.co.in\/es\/wp-content\/uploads\/2025\/01\/Industrial-Oil-50-Lt-600x450.jpg",600,450,true],"ocean-thumb-l":["https:\/\/www.palco.co.in\/es\/wp-content\/uploads\/2025\/01\/Industrial-Oil-50-Lt.jpg",600,600,false]},"uagb_author_info":{"display_name":"Paras Lubricants","author_link":"https:\/\/www.palco.co.in\/es\/author\/zktyht\/"},"uagb_comment_info":0,"uagb_excerpt":"Aceites de ingenio azucarero Nuestros aceites para ingenios azucareros est\u00e1n especialmente formulados para proporcionar una lubricaci\u00f3n \u00f3ptima para las condiciones exigentes en los ingenios azucareros. Estos aceites reducen la fricci\u00f3n, previenen el desgaste y garantizan un funcionamiento suave, mejorando el rendimiento y la vida \u00fatil de la maquinaria.. \u00bfQu\u00e9 son los aceites de molino de&hellip;","_links":{"self":[{"href":"https:\/\/www.palco.co.in\/es\/wp-json\/wp\/v2\/pages\/8863","targetHints":{"allow":["GET"]}}],"collection":[{"href":"https:\/\/www.palco.co.in\/es\/wp-json\/wp\/v2\/pages"}],"about":[{"href":"https:\/\/www.palco.co.in\/es\/wp-json\/wp\/v2\/types\/page"}],"author":[{"embeddable":true,"href":"https:\/\/www.palco.co.in\/es\/wp-json\/wp\/v2\/users\/1"}],"replies":[{"embeddable":true,"href":"https:\/\/www.palco.co.in\/es\/wp-json\/wp\/v2\/comments?post=8863"}],"version-history":[{"count":7,"href":"https:\/\/www.palco.co.in\/es\/wp-json\/wp\/v2\/pages\/8863\/revisions"}],"predecessor-version":[{"id":14806,"href":"https:\/\/www.palco.co.in\/es\/wp-json\/wp\/v2\/pages\/8863\/revisions\/14806"}],"wp:featuredmedia":[{"embeddable":true,"href":"https:\/\/www.palco.co.in\/es\/wp-json\/wp\/v2\/media\/13606"}],"wp:attachment":[{"href":"https:\/\/www.palco.co.in\/es\/wp-json\/wp\/v2\/media?parent=8863"}],"curies":[{"name":"wp","href":"https:\/\/api.w.org\/{rel}","templated":true}]}}