{"id":3975,"date":"2024-11-15T09:53:29","date_gmt":"2024-11-15T04:23:29","guid":{"rendered":"https:\/\/www.palco.co.in\/es\/?page_id=3975"},"modified":"2026-05-12T12:10:36","modified_gmt":"2026-05-12T10:10:36","slug":"diesel-exhaust-fluid","status":"publish","type":"page","link":"https:\/\/www.palco.co.in\/es\/diesel-exhaust-fluid\/","title":{"rendered":"Diesel Exhaust Fluid"},"content":{"rendered":"\n<div class=\"wp-block-uagb-container uagb-block-d8d91aac alignfull uagb-is-root-container\"><div class=\"uagb-container-inner-blocks-wrap\">\n<div class=\"wp-block-uagb-container uagb-block-82748c42 alignfull uagb-is-root-container\"><div class=\"uagb-container-inner-blocks-wrap\">\n<div class=\"wp-block-uagb-container uagb-block-03bfb6c7\">\n<h1 class=\"wp-block-heading zero-margin line-height0 has-white-color has-text-color has-link-color wp-elements-7aaf63d005dfb8f997c44ef2e5281335\" style=\"font-size:40px;font-style:normal;font-weight:700;text-transform:uppercase\">L\u00edquido de escape di\u00e9sel<\/h1>\n\n\n\n<p class=\"zero-margin has-white-color has-text-color has-link-color wp-elements-8a14e83b6e5562ed7ba82f734bbbee49\">Somos fabricantes y exportadores de PAL ADF, fluido diesel acuoso. Es un fluido de escape di\u00e9sel acuoso de primera calidad que se fabrica seg\u00fan la norma ISO 22241.<\/p>\n<\/div>\n\n\n\n<div class=\"wp-block-uagb-container uag-hide-mob uagb-block-67047b3a\">\n<figure class=\"wp-block-image size-full\"><img loading=\"lazy\" decoding=\"async\" width=\"600\" height=\"600\" src=\"https:\/\/www.palco.co.in\/es\/wp-content\/uploads\/2026\/05\/image-8.png\" alt=\"\" class=\"wp-image-14922\" srcset=\"https:\/\/www.palco.co.in\/es\/wp-content\/uploads\/2026\/05\/image-8.png 600w, https:\/\/www.palco.co.in\/es\/wp-content\/uploads\/2026\/05\/image-8-300x300.png 300w, https:\/\/www.palco.co.in\/es\/wp-content\/uploads\/2026\/05\/image-8-150x150.png 150w\" sizes=\"auto, (max-width: 600px) 100vw, 600px\" \/><\/figure>\n<\/div>\n<\/div><\/div>\n<\/div><\/div>\n\n\n\n<div class=\"wp-block-uagb-container uagb-block-111ab448 alignfull uagb-is-root-container\"><div class=\"uagb-container-inner-blocks-wrap\">\n<div class=\"wp-block-uagb-container uagb-block-e0dfa292 alignfull uagb-is-root-container\"><div class=\"uagb-container-inner-blocks-wrap\">\n<div class=\"wp-block-uagb-container uagb-block-f6350f71\">\n<figure class=\"wp-block-image size-full\"><img loading=\"lazy\" decoding=\"async\" width=\"600\" height=\"600\" src=\"https:\/\/www.palco.co.in\/es\/wp-content\/uploads\/2026\/05\/image-9.png\" alt=\"\" class=\"wp-image-14923\" srcset=\"https:\/\/www.palco.co.in\/es\/wp-content\/uploads\/2026\/05\/image-9.png 600w, https:\/\/www.palco.co.in\/es\/wp-content\/uploads\/2026\/05\/image-9-300x300.png 300w, https:\/\/www.palco.co.in\/es\/wp-content\/uploads\/2026\/05\/image-9-150x150.png 150w\" sizes=\"auto, (max-width: 600px) 100vw, 600px\" \/><\/figure>\n<\/div>\n\n\n\n<div class=\"wp-block-uagb-container uagb-block-e20690df\">\n<h2 class=\"wp-block-heading zero-margin\" style=\"font-size:22px;font-style:normal;font-weight:700;text-transform:uppercase\">PAL ADF<\/h2>\n\n\n\n<p class=\"zero-margin zero-margin2\" style=\"font-size:20px\">Fluido di\u00e9sel acuoso<\/p>\n\n\n\n<p class=\"zero-margin2 zero-margin\" style=\"font-size:16px\"><mark style=\"background-color:#cf2e2e\" class=\"has-inline-color has-white-color\">API: SN, ILSAC GF-5<\/mark><\/p>\n\n\n\n<p class=\"zero-margin\">Un fluido de escape di\u00e9sel (DEF) avanzado dise\u00f1ado para reducir las emisiones nocivas en los motores di\u00e9sel. Garantiza el cumplimiento de las normas de emisiones y mejora la eficiencia del combustible.<\/p>\n\n\n\n<p class=\"zero-margin\" style=\"font-size:16px\"><strong>Embalaje disponible: 210L, 50L, 20L<\/strong><\/p>\n\n\n\n<div class=\"wp-block-uagb-buttons uagb-buttons__outer-wrap uagb-btn__default-btn uagb-btn-tablet__default-btn uagb-btn-mobile__default-btn uagb-block-66d8974a\"><div class=\"uagb-buttons__wrap uagb-buttons-layout-wrap \">\n<div class=\"wp-block-uagb-buttons-child uagb-buttons__outer-wrap uagb-block-5dc7795b wp-block-button\"><div class=\"uagb-button__wrapper\"><a class=\"uagb-buttons-repeater wp-block-button__link\" aria-label=\"\" href=\"https:\/\/wa.me\/919311794519?text=Env\u00edame-detalles\" rel=\"follow noopener\" target=\"_self\" role=\"button\"><div class=\"uagb-button__link\">Detalles<\/div><\/a><\/div><\/div>\n<\/div><\/div>\n<\/div>\n<\/div><\/div>\n<\/div><\/div>\n\n\n\n<div class=\"wp-block-uagb-container uagb-block-a6a88900 default uagb-is-root-container\">\n<p class=\"has-text-align-center\">El l\u00edquido de escape di\u00e9sel se utiliza para reducir la cantidad de contaminaci\u00f3n del aire creada por un motor di\u00e9sel.<br>Es un aceite de motor especial fabricado para autom\u00f3viles con motor di\u00e9sel.<\/p>\n\n\n\n<p class=\"has-text-align-center\"><\/p>\n<\/div>\n","protected":false},"excerpt":{"rendered":"<p>L\u00edquido de escape di\u00e9sel Somos fabricantes y exportadores de PAL ADF, fluido diesel acuoso. Es un fluido de escape di\u00e9sel acuoso de primera calidad que se fabrica seg\u00fan la norma ISO 22241. PAL ADF Fluido di\u00e9sel acuoso API: SN, ILSAC GF-5 Un fluido de escape di\u00e9sel (DEF) avanzado dise\u00f1ado para reducir las emisiones nocivas en [&hellip;]<\/p>\n","protected":false},"author":1,"featured_media":0,"parent":0,"menu_order":0,"comment_status":"closed","ping_status":"closed","template":"","meta":{"_uag_custom_page_level_css":"","ocean_post_layout":"full-screen","ocean_both_sidebars_style":"","ocean_both_sidebars_content_width":0,"ocean_both_sidebars_sidebars_width":0,"ocean_sidebar":"","ocean_second_sidebar":"","ocean_disable_margins":"on","ocean_add_body_class":"","ocean_shortcode_before_top_bar":"","ocean_shortcode_after_top_bar":"","ocean_shortcode_before_header":"","ocean_shortcode_after_header":"","ocean_has_shortcode":"","ocean_shortcode_after_title":"","ocean_shortcode_before_footer_widgets":"","ocean_shortcode_after_footer_widgets":"","ocean_shortcode_before_footer_bottom":"","ocean_shortcode_after_footer_bottom":"","ocean_display_top_bar":"default","ocean_display_header":"default","ocean_header_style":"","ocean_center_header_left_menu":"","ocean_custom_header_template":"","ocean_custom_logo":0,"ocean_custom_retina_logo":0,"ocean_custom_logo_max_width":0,"ocean_custom_logo_tablet_max_width":0,"ocean_custom_logo_mobile_max_width":0,"ocean_custom_logo_max_height":0,"ocean_custom_logo_tablet_max_height":0,"ocean_custom_logo_mobile_max_height":0,"ocean_header_custom_menu":"","ocean_menu_typo_font_family":"","ocean_menu_typo_font_subset":"","ocean_menu_typo_font_size":0,"ocean_menu_typo_font_size_tablet":0,"ocean_menu_typo_font_size_mobile":0,"ocean_menu_typo_font_size_unit":"px","ocean_menu_typo_font_weight":"","ocean_menu_typo_font_weight_tablet":"","ocean_menu_typo_font_weight_mobile":"","ocean_menu_typo_transform":"","ocean_menu_typo_transform_tablet":"","ocean_menu_typo_transform_mobile":"","ocean_menu_typo_line_height":0,"ocean_menu_typo_line_height_tablet":0,"ocean_menu_typo_line_height_mobile":0,"ocean_menu_typo_line_height_unit":"","ocean_menu_typo_spacing":0,"ocean_menu_typo_spacing_tablet":0,"ocean_menu_typo_spacing_mobile":0,"ocean_menu_typo_spacing_unit":"","ocean_menu_link_color":"","ocean_menu_link_color_hover":"","ocean_menu_link_color_active":"","ocean_menu_link_background":"","ocean_menu_link_hover_background":"","ocean_menu_link_active_background":"","ocean_menu_social_links_bg":"","ocean_menu_social_hover_links_bg":"","ocean_menu_social_links_color":"","ocean_menu_social_hover_links_color":"","ocean_disable_title":"on","ocean_disable_heading":"default","ocean_post_title":"","ocean_post_subheading":"","ocean_post_title_style":"","ocean_post_title_background_color":"","ocean_post_title_background":0,"ocean_post_title_bg_image_position":"","ocean_post_title_bg_image_attachment":"","ocean_post_title_bg_image_repeat":"","ocean_post_title_bg_image_size":"","ocean_post_title_height":0,"ocean_post_title_bg_overlay":0.5,"ocean_post_title_bg_overlay_color":"","ocean_disable_breadcrumbs":"default","ocean_breadcrumbs_color":"","ocean_breadcrumbs_separator_color":"","ocean_breadcrumbs_links_color":"","ocean_breadcrumbs_links_hover_color":"","ocean_display_footer_widgets":"default","ocean_display_footer_bottom":"default","ocean_custom_footer_template":"","footnotes":""},"class_list":["post-3975","page","type-page","status-publish","hentry","entry"],"uagb_featured_image_src":{"full":false,"thumbnail":false,"medium":false,"medium_large":false,"large":false,"1536x1536":false,"2048x2048":false,"ocean-thumb-m":false,"ocean-thumb-ml":false,"ocean-thumb-l":false},"uagb_author_info":{"display_name":"Paras Lubricants","author_link":"https:\/\/www.palco.co.in\/es\/author\/zktyht\/"},"uagb_comment_info":0,"uagb_excerpt":"L\u00edquido de escape di\u00e9sel Somos fabricantes y exportadores de PAL ADF, fluido diesel acuoso. Es un fluido de escape di\u00e9sel acuoso de primera calidad que se fabrica seg\u00fan la norma ISO 22241. PAL ADF Fluido di\u00e9sel acuoso API: SN, ILSAC GF-5 Un fluido de escape di\u00e9sel (DEF) avanzado dise\u00f1ado para reducir las emisiones nocivas en&hellip;","_links":{"self":[{"href":"https:\/\/www.palco.co.in\/es\/wp-json\/wp\/v2\/pages\/3975","targetHints":{"allow":["GET"]}}],"collection":[{"href":"https:\/\/www.palco.co.in\/es\/wp-json\/wp\/v2\/pages"}],"about":[{"href":"https:\/\/www.palco.co.in\/es\/wp-json\/wp\/v2\/types\/page"}],"author":[{"embeddable":true,"href":"https:\/\/www.palco.co.in\/es\/wp-json\/wp\/v2\/users\/1"}],"replies":[{"embeddable":true,"href":"https:\/\/www.palco.co.in\/es\/wp-json\/wp\/v2\/comments?post=3975"}],"version-history":[{"count":3,"href":"https:\/\/www.palco.co.in\/es\/wp-json\/wp\/v2\/pages\/3975\/revisions"}],"predecessor-version":[{"id":14924,"href":"https:\/\/www.palco.co.in\/es\/wp-json\/wp\/v2\/pages\/3975\/revisions\/14924"}],"wp:attachment":[{"href":"https:\/\/www.palco.co.in\/es\/wp-json\/wp\/v2\/media?parent=3975"}],"curies":[{"name":"wp","href":"https:\/\/api.w.org\/{rel}","templated":true}]}}