{"id":3850,"date":"2024-11-13T16:25:35","date_gmt":"2024-11-13T10:55:35","guid":{"rendered":"https:\/\/www.palco.co.in\/es\/?page_id=3850"},"modified":"2026-03-25T10:56:21","modified_gmt":"2026-03-25T08:56:21","slug":"brake-fluid","status":"publish","type":"page","link":"https:\/\/www.palco.co.in\/es\/brake-fluid\/","title":{"rendered":"Brake Fluid"},"content":{"rendered":"\n<div class=\"wp-block-uagb-container uagb-block-d8d91aac alignfull uagb-is-root-container\"><div class=\"uagb-container-inner-blocks-wrap\">\n<div class=\"wp-block-uagb-container uagb-block-82748c42 alignfull uagb-is-root-container\"><div class=\"uagb-container-inner-blocks-wrap\">\n<div class=\"wp-block-uagb-container uagb-block-03bfb6c7\">\n<h1 class=\"wp-block-heading zero-margin line-height0 has-white-color has-text-color has-link-color wp-elements-2b82d432cf919f5f7efc0d03a14ff861\" style=\"font-size:40px;font-style:normal;font-weight:700;text-transform:uppercase\">L\u00edquido de frenos<\/h1>\n\n\n\n<p class=\"zero-margin has-white-color has-text-color has-link-color wp-elements-b6119b0da5f43c3d3a21e478fc08aed0\">Explore el l\u00edquido de frenos premium de Palco, dise\u00f1ado para un rendimiento y seguridad superiores. Nuestro l\u00edquido de frenos sint\u00e9tico ofrece una excelente resistencia al calor y una baja absorci\u00f3n de humedad, lo que garantiza una eficiencia de frenado \u00f3ptima.<\/p>\n<\/div>\n\n\n\n<div class=\"wp-block-uagb-container uag-hide-mob uagb-block-67047b3a\">\n<div data-aos= \"slide-left\" data-aos-duration=\"400\" data-aos-delay=\"0\" data-aos-easing=\"ease\" data-aos-once=\"true\" class=\"wp-block-uagb-image uagb-block-7518f316 wp-block-uagb-image--layout-default wp-block-uagb-image--effect-static wp-block-uagb-image--align-none uag-hide-mob\"><figure class=\"wp-block-uagb-image__figure\"><img decoding=\"async\" srcset=\"https:\/\/www.palco.co.in\/es\/wp-content\/uploads\/2025\/02\/dot4.png ,https:\/\/www.palco.co.in\/es\/wp-content\/uploads\/2025\/02\/dot4.png 780w, https:\/\/www.palco.co.in\/es\/wp-content\/uploads\/2025\/02\/dot4.png 360w\" sizes=\"auto, (max-width: 480px) 150px\" src=\"https:\/\/www.palco.co.in\/es\/wp-content\/uploads\/2025\/02\/dot4.png\" alt=\"L\u00edquido de frenos Palco\" class=\"uag-image-10972\" width=\"320\" height=\"320\" title=\"dot4\" loading=\"lazy\" role=\"img\"\/><\/figure><\/div>\n<\/div>\n<\/div><\/div>\n<\/div><\/div>\n\n\n\n<div class=\"wp-block-uagb-container uagb-block-111ab448 alignfull uagb-is-root-container\"><div class=\"uagb-container-inner-blocks-wrap\">\n<div class=\"wp-block-uagb-container uagb-block-e0dfa292 alignfull uagb-is-root-container\"><div class=\"uagb-container-inner-blocks-wrap\">\n<div class=\"wp-block-uagb-container uagb-block-f6350f71\">\n<div class=\"wp-block-uagb-image uagb-block-ff87a438 wp-block-uagb-image--layout-default wp-block-uagb-image--effect-static wp-block-uagb-image--align-none\"><figure class=\"wp-block-uagb-image__figure\"><img decoding=\"async\" srcset=\"https:\/\/www.palco.co.in\/es\/wp-content\/uploads\/2024\/12\/207-dot-4-250ml-1.webp ,https:\/\/www.palco.co.in\/es\/wp-content\/uploads\/2024\/12\/207-dot-4-250ml-1.webp 780w, https:\/\/www.palco.co.in\/es\/wp-content\/uploads\/2024\/12\/207-dot-4-250ml-1.webp 360w\" sizes=\"auto, (max-width: 480px) 150px\" src=\"https:\/\/www.palco.co.in\/es\/wp-content\/uploads\/2024\/12\/207-dot-4-250ml-1.webp\" alt=\"L\u00edquido de frenos Palco\" class=\"uag-image-13263\" width=\"600\" height=\"600\" title=\"207-dot-4-250ml\" loading=\"lazy\" role=\"img\"\/><\/figure><\/div>\n<\/div>\n\n\n\n<div class=\"wp-block-uagb-container uagb-block-e20690df\">\n<h2 class=\"wp-block-heading zero-margin\" style=\"font-size:22px;font-style:normal;font-weight:700;text-transform:uppercase\">DOT-4<\/h2>\n\n\n\n<p class=\"zero-margin zero-margin2\" style=\"font-size:20px\">Aceite de freno sint\u00e9tico<\/p>\n\n\n\n<p class=\"zero-margin\">L\u00edquido de frenos premium que ofrece un rendimiento superior en condiciones de alta temperatura. Mejora la eficiencia de frenado, reduce el desgaste y garantiza la seguridad de los sistemas de frenado avanzados.<\/p>\n\n\n\n<p class=\"zero-margin\" style=\"font-size:16px\"><strong>Embalaje disponible: 250ml, 100ml<\/strong><\/p>\n\n\n\n<div class=\"wp-block-uagb-buttons uagb-buttons__outer-wrap uagb-btn__default-btn uagb-btn-tablet__default-btn uagb-btn-mobile__default-btn uagb-block-66d8974a\"><div class=\"uagb-buttons__wrap uagb-buttons-layout-wrap \">\n<div class=\"wp-block-uagb-buttons-child uagb-buttons__outer-wrap uagb-block-5dc7795b wp-block-button\"><div class=\"uagb-button__wrapper\"><a class=\"uagb-buttons-repeater wp-block-button__link\" aria-label=\"\" href=\"https:\/\/wa.me\/919311794519?text=Env\u00edame-detalles\" rel=\"follow noopener\" target=\"_self\" role=\"button\"><div class=\"uagb-button__link\">Detalles<\/div><\/a><\/div><\/div>\n<\/div><\/div>\n<\/div>\n<\/div><\/div>\n\n\n\n<div class=\"wp-block-uagb-container uagb-block-58cfaf26 alignfull uagb-is-root-container\"><div class=\"uagb-container-inner-blocks-wrap\">\n<div class=\"wp-block-uagb-container uagb-block-9387fb36\">\n<div class=\"wp-block-uagb-image uagb-block-af0f1f6c wp-block-uagb-image--layout-default wp-block-uagb-image--effect-static wp-block-uagb-image--align-none\"><figure class=\"wp-block-uagb-image__figure\"><img decoding=\"async\" srcset=\"https:\/\/www.palco.co.in\/es\/wp-content\/uploads\/2024\/12\/768-dot-3-100-ml-1.webp ,https:\/\/www.palco.co.in\/es\/wp-content\/uploads\/2024\/12\/768-dot-3-100-ml-1.webp 780w, https:\/\/www.palco.co.in\/es\/wp-content\/uploads\/2024\/12\/768-dot-3-100-ml-1.webp 360w\" sizes=\"auto, (max-width: 480px) 150px\" src=\"https:\/\/www.palco.co.in\/es\/wp-content\/uploads\/2024\/12\/768-dot-3-100-ml-1.webp\" alt=\"L\u00edquido de frenos Palco\" class=\"uag-image-13254\" width=\"600\" height=\"600\" title=\"768-dot-3-100-ml-1\" loading=\"lazy\" role=\"img\"\/><\/figure><\/div>\n<\/div>\n\n\n\n<div class=\"wp-block-uagb-container uagb-block-4f6f493f\">\n<h2 class=\"wp-block-heading zero-margin\" style=\"font-size:22px;font-style:normal;font-weight:700;text-transform:uppercase\">Hawk DOT-3<\/h2>\n\n\n\n<p class=\"zero-margin zero-margin2\" style=\"font-size:20px\">L\u00edquidos de frenos<\/p>\n\n\n\n<p class=\"zero-margin\">L\u00edquido de frenos de alta calidad que garantiza un rendimiento de frenado fiable y seguridad. Resiste el calor, minimiza el desgaste y proporciona una excelente protecci\u00f3n para los sistemas de frenos hidr\u00e1ulicos.<\/p>\n\n\n\n<p class=\"zero-margin\" style=\"font-size:16px\"><strong>Embalaje disponible: 210L, 20L, 500ml, 250ml, 100ml<\/strong><\/p>\n\n\n\n<div class=\"wp-block-uagb-buttons uagb-buttons__outer-wrap uagb-btn__default-btn uagb-btn-tablet__default-btn uagb-btn-mobile__default-btn uagb-block-6e71aab6\"><div class=\"uagb-buttons__wrap uagb-buttons-layout-wrap \">\n<div class=\"wp-block-uagb-buttons-child uagb-buttons__outer-wrap uagb-block-89d24d46 wp-block-button\"><div class=\"uagb-button__wrapper\"><a class=\"uagb-buttons-repeater wp-block-button__link\" aria-label=\"\" href=\"https:\/\/wa.me\/919311794519?text=Env\u00edame-detalles\" rel=\"follow noopener\" target=\"_self\" role=\"button\"><div class=\"uagb-button__link\">Detalles<\/div><\/a><\/div><\/div>\n<\/div><\/div>\n<\/div>\n<\/div><\/div>\n<\/div><\/div>\n","protected":false},"excerpt":{"rendered":"<p>L\u00edquido de frenos Explore el l\u00edquido de frenos premium de Palco, dise\u00f1ado para un rendimiento y seguridad superiores. Nuestro l\u00edquido de frenos sint\u00e9tico ofrece una excelente resistencia al calor y una baja absorci\u00f3n de humedad, lo que garantiza una eficiencia de frenado \u00f3ptima. DOT-4 Aceite de freno sint\u00e9tico L\u00edquido de frenos premium que ofrece un [&hellip;]<\/p>\n","protected":false},"author":1,"featured_media":0,"parent":0,"menu_order":0,"comment_status":"closed","ping_status":"closed","template":"","meta":{"_uag_custom_page_level_css":"","ocean_post_layout":"full-screen","ocean_both_sidebars_style":"","ocean_both_sidebars_content_width":0,"ocean_both_sidebars_sidebars_width":0,"ocean_sidebar":"","ocean_second_sidebar":"","ocean_disable_margins":"on","ocean_add_body_class":"","ocean_shortcode_before_top_bar":"","ocean_shortcode_after_top_bar":"","ocean_shortcode_before_header":"","ocean_shortcode_after_header":"","ocean_has_shortcode":"","ocean_shortcode_after_title":"","ocean_shortcode_before_footer_widgets":"","ocean_shortcode_after_footer_widgets":"","ocean_shortcode_before_footer_bottom":"","ocean_shortcode_after_footer_bottom":"","ocean_display_top_bar":"default","ocean_display_header":"default","ocean_header_style":"","ocean_center_header_left_menu":"","ocean_custom_header_template":"","ocean_custom_logo":0,"ocean_custom_retina_logo":0,"ocean_custom_logo_max_width":0,"ocean_custom_logo_tablet_max_width":0,"ocean_custom_logo_mobile_max_width":0,"ocean_custom_logo_max_height":0,"ocean_custom_logo_tablet_max_height":0,"ocean_custom_logo_mobile_max_height":0,"ocean_header_custom_menu":"","ocean_menu_typo_font_family":"","ocean_menu_typo_font_subset":"","ocean_menu_typo_font_size":0,"ocean_menu_typo_font_size_tablet":0,"ocean_menu_typo_font_size_mobile":0,"ocean_menu_typo_font_size_unit":"px","ocean_menu_typo_font_weight":"","ocean_menu_typo_font_weight_tablet":"","ocean_menu_typo_font_weight_mobile":"","ocean_menu_typo_transform":"","ocean_menu_typo_transform_tablet":"","ocean_menu_typo_transform_mobile":"","ocean_menu_typo_line_height":0,"ocean_menu_typo_line_height_tablet":0,"ocean_menu_typo_line_height_mobile":0,"ocean_menu_typo_line_height_unit":"","ocean_menu_typo_spacing":0,"ocean_menu_typo_spacing_tablet":0,"ocean_menu_typo_spacing_mobile":0,"ocean_menu_typo_spacing_unit":"","ocean_menu_link_color":"","ocean_menu_link_color_hover":"","ocean_menu_link_color_active":"","ocean_menu_link_background":"","ocean_menu_link_hover_background":"","ocean_menu_link_active_background":"","ocean_menu_social_links_bg":"","ocean_menu_social_hover_links_bg":"","ocean_menu_social_links_color":"","ocean_menu_social_hover_links_color":"","ocean_disable_title":"on","ocean_disable_heading":"default","ocean_post_title":"","ocean_post_subheading":"","ocean_post_title_style":"","ocean_post_title_background_color":"","ocean_post_title_background":0,"ocean_post_title_bg_image_position":"","ocean_post_title_bg_image_attachment":"","ocean_post_title_bg_image_repeat":"","ocean_post_title_bg_image_size":"","ocean_post_title_height":0,"ocean_post_title_bg_overlay":0.5,"ocean_post_title_bg_overlay_color":"","ocean_disable_breadcrumbs":"default","ocean_breadcrumbs_color":"","ocean_breadcrumbs_separator_color":"","ocean_breadcrumbs_links_color":"","ocean_breadcrumbs_links_hover_color":"","ocean_display_footer_widgets":"default","ocean_display_footer_bottom":"default","ocean_custom_footer_template":"","footnotes":""},"class_list":["post-3850","page","type-page","status-publish","hentry","entry"],"uagb_featured_image_src":{"full":false,"thumbnail":false,"medium":false,"medium_large":false,"large":false,"1536x1536":false,"2048x2048":false,"ocean-thumb-m":false,"ocean-thumb-ml":false,"ocean-thumb-l":false},"uagb_author_info":{"display_name":"Paras Lubricants","author_link":"https:\/\/www.palco.co.in\/es\/author\/zktyht\/"},"uagb_comment_info":0,"uagb_excerpt":"L\u00edquido de frenos Explore el l\u00edquido de frenos premium de Palco, dise\u00f1ado para un rendimiento y seguridad superiores. Nuestro l\u00edquido de frenos sint\u00e9tico ofrece una excelente resistencia al calor y una baja absorci\u00f3n de humedad, lo que garantiza una eficiencia de frenado \u00f3ptima. DOT-4 Aceite de freno sint\u00e9tico L\u00edquido de frenos premium que ofrece un&hellip;","_links":{"self":[{"href":"https:\/\/www.palco.co.in\/es\/wp-json\/wp\/v2\/pages\/3850","targetHints":{"allow":["GET"]}}],"collection":[{"href":"https:\/\/www.palco.co.in\/es\/wp-json\/wp\/v2\/pages"}],"about":[{"href":"https:\/\/www.palco.co.in\/es\/wp-json\/wp\/v2\/types\/page"}],"author":[{"embeddable":true,"href":"https:\/\/www.palco.co.in\/es\/wp-json\/wp\/v2\/users\/1"}],"replies":[{"embeddable":true,"href":"https:\/\/www.palco.co.in\/es\/wp-json\/wp\/v2\/comments?post=3850"}],"version-history":[{"count":5,"href":"https:\/\/www.palco.co.in\/es\/wp-json\/wp\/v2\/pages\/3850\/revisions"}],"predecessor-version":[{"id":14834,"href":"https:\/\/www.palco.co.in\/es\/wp-json\/wp\/v2\/pages\/3850\/revisions\/14834"}],"wp:attachment":[{"href":"https:\/\/www.palco.co.in\/es\/wp-json\/wp\/v2\/media?parent=3850"}],"curies":[{"name":"wp","href":"https:\/\/api.w.org\/{rel}","templated":true}]}}