{"id":12386,"date":"2025-03-24T14:51:49","date_gmt":"2025-03-24T09:21:49","guid":{"rendered":"https:\/\/www.palco.co.in\/es\/?page_id=12386"},"modified":"2025-04-28T12:04:02","modified_gmt":"2025-04-28T10:04:02","slug":"research-development","status":"publish","type":"page","link":"https:\/\/www.palco.co.in\/es\/research-development\/","title":{"rendered":"Research &amp; Development"},"content":{"rendered":"\n<div class=\"wp-block-uagb-container uagb-block-d8d91aac alignfull uagb-is-root-container\"><div class=\"uagb-container-inner-blocks-wrap\">\n<div class=\"wp-block-uagb-container uagb-block-a8507c21\">\n<h1 class=\"wp-block-heading has-text-align-center zero-margin\" style=\"font-size:36px\"><strong><strong>Investigaci\u00f3n y desarrollo<\/strong><\/strong><\/h1>\n\n\n\n<p class=\"has-text-align-center zero-margin has-medium-font-size\"><strong>La innovaci\u00f3n en el centro del rendimiento<\/strong><\/p>\n\n\n\n<p class=\"has-text-align-center zero-margin has-medium-font-size\">En PALCO, nuestras capacidades de I+D impulsan la excelencia de los productos, la sostenibilidad y las soluciones de lubricaci\u00f3n personalizadas para un mundo industrial en r\u00e1pida evoluci\u00f3n.<\/p>\n<\/div>\n\n\n\n<div data-aos= \"slide-left\" data-aos-duration=\"400\" data-aos-delay=\"0\" data-aos-easing=\"ease\" data-aos-once=\"true\" class=\"wp-block-uagb-container uag-hide-mob uagb-block-08ff4b04\">\n<div data-aos= \"slide-left\" data-aos-duration=\"400\" data-aos-delay=\"0\" data-aos-easing=\"ease\" data-aos-once=\"true\" class=\"wp-block-uagb-image uagb-block-0f21be01 wp-block-uagb-image--layout-default wp-block-uagb-image--effect-static wp-block-uagb-image--align-none uag-hide-mob\"><figure class=\"wp-block-uagb-image__figure\"><img decoding=\"async\" srcset=\"https:\/\/www.palco.co.in\/es\/wp-content\/uploads\/2024\/10\/products-bg.png ,https:\/\/www.palco.co.in\/es\/wp-content\/uploads\/2024\/10\/products-bg.png 780w, https:\/\/www.palco.co.in\/es\/wp-content\/uploads\/2024\/10\/products-bg.png 360w\" sizes=\"auto, (max-width: 480px) 150px\" src=\"https:\/\/www.palco.co.in\/es\/wp-content\/uploads\/2024\/10\/products-bg.png\" alt=\"Palco Products\" class=\"uag-image-2969\" width=\"370\" height=\"170\" title=\"Palco Products\" loading=\"lazy\" role=\"img\"\/><\/figure><\/div>\n<\/div>\n<\/div><\/div>\n\n\n\n<div class=\"wp-block-uagb-container uagb-block-a6a88900 default uagb-is-root-container\">\n<div class=\"wp-block-media-text is-stacked-on-mobile is-image-fill-element\"><figure class=\"wp-block-media-text__media\"><img loading=\"lazy\" decoding=\"async\" width=\"800\" height=\"450\" src=\"https:\/\/www.palco.co.in\/es\/wp-content\/uploads\/2025\/02\/engine-oil.jpg\" alt=\"engine-oil\" class=\"wp-image-10211 size-full\" style=\"object-position:50% 50%\" srcset=\"https:\/\/www.palco.co.in\/es\/wp-content\/uploads\/2025\/02\/engine-oil.jpg 800w, https:\/\/www.palco.co.in\/es\/wp-content\/uploads\/2025\/02\/engine-oil-300x169.jpg 300w, https:\/\/www.palco.co.in\/es\/wp-content\/uploads\/2025\/02\/engine-oil-768x432.jpg 768w\" sizes=\"auto, (max-width: 800px) 100vw, 800px\" \/><\/figure><div class=\"wp-block-media-text__content\">\n<p>En Paras Lubricants Limited, nuestro centro de investigaci\u00f3n y desarrollo avanzado es el n\u00facleo de nuestro compromiso con la innovaci\u00f3n en tecnolog\u00eda de lubricantes. Nuestro equipo de qu\u00edmicos y formuladores experimentados aprovecha equipos anal\u00edticos avanzados, sofisticados bancos de pruebas tribol\u00f3gicas y un laboratorio de investigaci\u00f3n bien equipado para desarrollar grasas, aceites de motor y lubricantes industriales de alto rendimiento. Nos centramos en aceites de motor de pr\u00f3xima generaci\u00f3n que mejoran la eficiencia del combustible, reducen el desgaste y satisfacen las demandas cambiantes de los motores modernos. Cada producto se somete a pruebas rigurosas para garantizar que supere los est\u00e1ndares de la industria y cumpla con las expectativas del cliente.<\/p>\n\n\n\n<p><\/p>\n\n\n\n<p>Complementando nuestros esfuerzos de I+D est\u00e1 nuestra infraestructura de fabricaci\u00f3n de clase mundial, donde la precisi\u00f3n y el control de calidad impulsan la producci\u00f3n. Equipadas con automatizaci\u00f3n de vanguardia y estrictos procesos de garant\u00eda de calidad, nuestras plantas de fabricaci\u00f3n garantizan consistencia y excelencia en cada lote. Nuestros laboratorios de pruebas internos refuerzan a\u00fan m\u00e1s nuestro compromiso de ofrecer soluciones de lubricaci\u00f3n superiores. M\u00e1s all\u00e1 del desempe\u00f1o, estamos dedicados a la sustentabilidad: explorando tecnolog\u00edas m\u00e1s ecol\u00f3gicas, reduciendo nuestra huella de carbono y esforz\u00e1ndonos por lograr la neutralidad de carbono. Como l\u00edderes de la industria, nos enorgullecemos de dar forma al futuro con lubricantes sustentables y de alto rendimiento que impulsan la eficiencia y la confiabilidad en todo el mundo.<\/p>\n<\/div><\/div>\n<\/div>\n","protected":false},"excerpt":{"rendered":"<p>Investigaci\u00f3n y desarrollo La innovaci\u00f3n en el centro del rendimiento En PALCO, nuestras capacidades de I+D impulsan la excelencia de los productos, la sostenibilidad y las soluciones de lubricaci\u00f3n personalizadas para un mundo industrial en r\u00e1pida evoluci\u00f3n. En Paras Lubricants Limited, nuestro centro de investigaci\u00f3n y desarrollo avanzado es el n\u00facleo de nuestro compromiso con [&hellip;]<\/p>\n","protected":false},"author":1,"featured_media":0,"parent":0,"menu_order":0,"comment_status":"closed","ping_status":"closed","template":"","meta":{"_uag_custom_page_level_css":"","ocean_post_layout":"full-screen","ocean_both_sidebars_style":"","ocean_both_sidebars_content_width":0,"ocean_both_sidebars_sidebars_width":0,"ocean_sidebar":"","ocean_second_sidebar":"","ocean_disable_margins":"on","ocean_add_body_class":"","ocean_shortcode_before_top_bar":"","ocean_shortcode_after_top_bar":"","ocean_shortcode_before_header":"","ocean_shortcode_after_header":"","ocean_has_shortcode":"","ocean_shortcode_after_title":"","ocean_shortcode_before_footer_widgets":"","ocean_shortcode_after_footer_widgets":"","ocean_shortcode_before_footer_bottom":"","ocean_shortcode_after_footer_bottom":"","ocean_display_top_bar":"default","ocean_display_header":"default","ocean_header_style":"","ocean_center_header_left_menu":"","ocean_custom_header_template":"","ocean_custom_logo":0,"ocean_custom_retina_logo":0,"ocean_custom_logo_max_width":0,"ocean_custom_logo_tablet_max_width":0,"ocean_custom_logo_mobile_max_width":0,"ocean_custom_logo_max_height":0,"ocean_custom_logo_tablet_max_height":0,"ocean_custom_logo_mobile_max_height":0,"ocean_header_custom_menu":"","ocean_menu_typo_font_family":"","ocean_menu_typo_font_subset":"","ocean_menu_typo_font_size":0,"ocean_menu_typo_font_size_tablet":0,"ocean_menu_typo_font_size_mobile":0,"ocean_menu_typo_font_size_unit":"px","ocean_menu_typo_font_weight":"","ocean_menu_typo_font_weight_tablet":"","ocean_menu_typo_font_weight_mobile":"","ocean_menu_typo_transform":"","ocean_menu_typo_transform_tablet":"","ocean_menu_typo_transform_mobile":"","ocean_menu_typo_line_height":0,"ocean_menu_typo_line_height_tablet":0,"ocean_menu_typo_line_height_mobile":0,"ocean_menu_typo_line_height_unit":"","ocean_menu_typo_spacing":0,"ocean_menu_typo_spacing_tablet":0,"ocean_menu_typo_spacing_mobile":0,"ocean_menu_typo_spacing_unit":"","ocean_menu_link_color":"","ocean_menu_link_color_hover":"","ocean_menu_link_color_active":"","ocean_menu_link_background":"","ocean_menu_link_hover_background":"","ocean_menu_link_active_background":"","ocean_menu_social_links_bg":"","ocean_menu_social_hover_links_bg":"","ocean_menu_social_links_color":"","ocean_menu_social_hover_links_color":"","ocean_disable_title":"on","ocean_disable_heading":"default","ocean_post_title":"","ocean_post_subheading":"","ocean_post_title_style":"","ocean_post_title_background_color":"","ocean_post_title_background":0,"ocean_post_title_bg_image_position":"","ocean_post_title_bg_image_attachment":"","ocean_post_title_bg_image_repeat":"","ocean_post_title_bg_image_size":"","ocean_post_title_height":0,"ocean_post_title_bg_overlay":0.5,"ocean_post_title_bg_overlay_color":"","ocean_disable_breadcrumbs":"default","ocean_breadcrumbs_color":"","ocean_breadcrumbs_separator_color":"","ocean_breadcrumbs_links_color":"","ocean_breadcrumbs_links_hover_color":"","ocean_display_footer_widgets":"default","ocean_display_footer_bottom":"default","ocean_custom_footer_template":"","footnotes":""},"class_list":["post-12386","page","type-page","status-publish","hentry","entry"],"uagb_featured_image_src":{"full":false,"thumbnail":false,"medium":false,"medium_large":false,"large":false,"1536x1536":false,"2048x2048":false,"ocean-thumb-m":false,"ocean-thumb-ml":false,"ocean-thumb-l":false},"uagb_author_info":{"display_name":"Paras Lubricants","author_link":"https:\/\/www.palco.co.in\/es\/author\/zktyht\/"},"uagb_comment_info":0,"uagb_excerpt":"Investigaci\u00f3n y desarrollo La innovaci\u00f3n en el centro del rendimiento En PALCO, nuestras capacidades de I+D impulsan la excelencia de los productos, la sostenibilidad y las soluciones de lubricaci\u00f3n personalizadas para un mundo industrial en r\u00e1pida evoluci\u00f3n. En Paras Lubricants Limited, nuestro centro de investigaci\u00f3n y desarrollo avanzado es el n\u00facleo de nuestro compromiso con&hellip;","_links":{"self":[{"href":"https:\/\/www.palco.co.in\/es\/wp-json\/wp\/v2\/pages\/12386","targetHints":{"allow":["GET"]}}],"collection":[{"href":"https:\/\/www.palco.co.in\/es\/wp-json\/wp\/v2\/pages"}],"about":[{"href":"https:\/\/www.palco.co.in\/es\/wp-json\/wp\/v2\/types\/page"}],"author":[{"embeddable":true,"href":"https:\/\/www.palco.co.in\/es\/wp-json\/wp\/v2\/users\/1"}],"replies":[{"embeddable":true,"href":"https:\/\/www.palco.co.in\/es\/wp-json\/wp\/v2\/comments?post=12386"}],"version-history":[{"count":5,"href":"https:\/\/www.palco.co.in\/es\/wp-json\/wp\/v2\/pages\/12386\/revisions"}],"predecessor-version":[{"id":14206,"href":"https:\/\/www.palco.co.in\/es\/wp-json\/wp\/v2\/pages\/12386\/revisions\/14206"}],"wp:attachment":[{"href":"https:\/\/www.palco.co.in\/es\/wp-json\/wp\/v2\/media?parent=12386"}],"curies":[{"name":"wp","href":"https:\/\/api.w.org\/{rel}","templated":true}]}}