{"id":12278,"date":"2025-03-17T14:44:11","date_gmt":"2025-03-17T09:14:11","guid":{"rendered":"https:\/\/www.palco.co.in\/es\/?page_id=12278"},"modified":"2026-05-12T09:00:30","modified_gmt":"2026-05-12T07:00:30","slug":"home-april25","status":"publish","type":"page","link":"https:\/\/www.palco.co.in\/es\/","title":{"rendered":"Home April25"},"content":{"rendered":"\n<section class=\"wp-block-uagb-container hero-video-section uagb-block-70f40b73 alignfull uagb-is-root-container\">\n<div class=\"hero-video-wrapper\">\n    <video\n      id=\"heroVideo\"\n      muted\n      autoplay\n      loop\n      playsinline\n      preload=\"none\"\n      poster=\"https:\/\/www.palco.co.in\/wp-content\/uploads\/2026\/01\/fallback-image.png\"\n    >\n    <\/video>\n <div class=\"hero-cta\">\n    <a href=\"https:\/\/www.palco.co.in\/contact-us\/\" class=\"cta-btn primary\">Connect With Us<\/a>\n    <a href=\"https:\/\/www.palco.co.in\/business-opportunities\/\" class=\"cta-btn secondary\">Become a Dealer<\/a>\n  <\/div>\n  <\/div>\n<\/section>\n\n\n\n<div class=\"wp-block-uagb-container uagb-block-3765f3c9 alignfull uagb-is-root-container\"><div class=\"uagb-container-inner-blocks-wrap\">\n<div class=\"wp-block-uagb-container uag-hide-mob uagb-block-97b0c629\">\n<div data-aos= \"slide-right\" data-aos-duration=\"400\" data-aos-delay=\"0\" data-aos-easing=\"ease\" data-aos-once=\"true\" class=\"wp-block-uagb-image alignright uagb-block-d67c4226 wp-block-uagb-image--layout-default wp-block-uagb-image--effect-static wp-block-uagb-image--align-right uag-blocks-common-selector\" style=\"--z-index-desktop:553;;--z-index-tablet:undefined;;--z-index-mobile:undefined;\"><figure class=\"wp-block-uagb-image__figure\"><img decoding=\"async\" srcset=\"https:\/\/www.palco.co.in\/es\/wp-content\/uploads\/2025\/03\/home-text.jpg ,https:\/\/www.palco.co.in\/es\/wp-content\/uploads\/2025\/03\/home-text.jpg 780w, https:\/\/www.palco.co.in\/es\/wp-content\/uploads\/2025\/03\/home-text.jpg 360w\" sizes=\"auto, (max-width: 480px) 150px\" src=\"https:\/\/www.palco.co.in\/es\/wp-content\/uploads\/2025\/03\/home-text.jpg\" alt=\"fabricante de lubricantes y grasas\" class=\"uag-image-12586\" width=\"300\" height=\"300\" title=\"home-text\" loading=\"lazy\" role=\"img\"\/><\/figure><\/div>\n<\/div>\n\n\n\n<div class=\"wp-block-uagb-container home-red-box uagb-block-fe3a6f6f\">\n<h2 class=\"wp-block-heading zero-margin has-white-color has-text-color has-link-color wp-elements-607051ca69d61820fe5fbbe5f30e24e2\" style=\"font-size:26px\">Somos&nbsp;<mark style=\"background-color:#fcb900\" class=\"has-inline-color has-black-color\">Paras Lubricants<\/mark><\/h2>\n\n\n\n<h1 class=\"wp-block-heading zero-margin has-white-color has-text-color has-link-color wp-elements-d40f2027b3f8e5cf2d98aeea423ba690\" style=\"font-size:18px\"><strong>Fabricante de aceites automotrices, lubricantes industriales y grasas<\/strong><\/h1>\n\n\n\n<p class=\"zero-margin has-white-color has-text-color has-link-color wp-elements-a49ae810b4d0d759e5c7adca135600a9\">Creemos en crear un futuro donde la innovaci\u00f3n se fusiona con la responsabilidad. Nos dedicamos a brindar soluciones innovadoras que impulsen el desarrollo sostenible de empresas y comunidades.<\/p>\n\n\n\n<p class=\"zero-margin has-white-color has-text-color has-link-color wp-elements-5d1b21481e18e0b214e91eeeb8534e63\">Con una combinaci\u00f3n de experiencia y un compromiso con la excelencia, nos asociamos con usted para generar resultados impactantes y ecol\u00f3gicos que beneficien al mundo hoy y ma\u00f1ana.<\/p>\n\n\n\n<div class=\"wp-block-uagb-container uagb-block-eba1866b alignfull uagb-is-root-container\">\n<div class=\"wp-block-uagb-buttons uagb-buttons__outer-wrap uagb-btn__default-btn uagb-btn-tablet__default-btn uagb-btn-mobile__default-btn uagb-block-9de5bec5\"><div class=\"uagb-buttons__wrap uagb-buttons-layout-wrap \">\n<div class=\"wp-block-uagb-buttons-child uagb-buttons__outer-wrap uagb-block-e0764306 wp-block-button\"><div class=\"uagb-button__wrapper\"><a class=\"uagb-buttons-repeater wp-block-button__link\" aria-label=\"\" href=\"https:\/\/www.palco.co.in\/es\/automotive-oils\/\" rel=\"follow noopener\" target=\"_self\" role=\"button\"><div class=\"uagb-button__link\">Automotor<\/div><\/a><\/div><\/div>\n\n\n\n<div class=\"wp-block-uagb-buttons-child uagb-buttons__outer-wrap uagb-block-9a0049e6 wp-block-button\"><div class=\"uagb-button__wrapper\"><a class=\"uagb-buttons-repeater wp-block-button__link\" aria-label=\"\" href=\"https:\/\/www.palco.co.in\/es\/industrial-oils\/\" rel=\"follow noopener\" target=\"_self\" role=\"button\"><div class=\"uagb-button__link\">Industrial<\/div><\/a><\/div><\/div>\n\n\n\n<div class=\"wp-block-uagb-buttons-child uagb-buttons__outer-wrap uagb-block-9ebfafaa wp-block-button\"><div class=\"uagb-button__wrapper\"><a class=\"uagb-buttons-repeater wp-block-button__link\" aria-label=\"\" href=\"https:\/\/www.palco.co.in\/es\/greases\/\" rel=\"follow noopener\" target=\"_self\" role=\"button\"><div class=\"uagb-button__link\">Grasas<\/div><\/a><\/div><\/div>\n<\/div><\/div>\n<\/div>\n<\/div>\n<\/div><\/div>\n\n\n\n<div style=\"height:50px\" aria-hidden=\"true\" class=\"wp-block-spacer\"><\/div>\n\n\n\n<div data-aos= \"slide-left\" data-aos-duration=\"400\" data-aos-delay=\"0\" data-aos-easing=\"ease\" data-aos-once=\"true\" class=\"wp-block-uagb-container uag-hide-mob uagb-block-917fca74 alignfull uagb-is-root-container\"><div class=\"uagb-container-inner-blocks-wrap\">\n<div class=\"wp-block-uagb-container uagb-block-18a9b837\">\n<p class=\"has-text-align-right has-luminous-vivid-amber-color has-text-color has-link-color wp-elements-641aa582e2eb7845000b037730c455a2\" style=\"font-size:18px;font-style:normal;font-weight:500\"><a href=\"https:\/\/www.palco.co.in\/es\/automotive-oils\/\">ACEITE DE AUTOM\u00d3VIL<\/a><\/p>\n<\/div>\n\n\n\n<div class=\"wp-block-uagb-container uagb-block-228e8f7b\">\n<p class=\"has-text-align-right has-luminous-vivid-amber-color has-text-color has-link-color wp-elements-977ce0f1b3b12796aef1baf1c5457891\" style=\"font-size:18px;font-style:normal;font-weight:500\"><a href=\"https:\/\/www.palco.co.in\/es\/industrial-oils\/\" data-type=\"link\" data-id=\"https:\/\/www.palco.co.in\/es\/industrial-oils\/\">ACEITE INDUSTRIAL<\/a><\/p>\n<\/div>\n\n\n\n<div class=\"wp-block-uagb-container uagb-block-99c16b18\">\n<p class=\"has-text-align-right has-luminous-vivid-amber-color has-text-color has-link-color wp-elements-5595334252ee27707baa02db97c78e0d\" style=\"font-size:18px;font-style:normal;font-weight:500\"><a href=\"https:\/\/www.palco.co.in\/es\/greases\/\" data-type=\"link\" data-id=\"https:\/\/www.palco.co.in\/es\/greases\/\">GRASAS<\/a><\/p>\n<\/div>\n\n\n\n<div class=\"wp-block-uagb-container uagb-block-ed7d25d5\">\n<p class=\"has-text-align-right has-luminous-vivid-amber-color has-text-color has-link-color wp-elements-28893012ed2b8b6c86b6b0d8b092dd0d\" style=\"font-size:18px;font-style:normal;font-weight:500\"><a href=\"https:\/\/www.palco.co.in\/es\/auto-care-products\/\" data-type=\"link\" data-id=\"https:\/\/www.palco.co.in\/es\/auto-care-products\/\">CUIDADO DEL AUTOM\u00d3VIL<\/a><\/p>\n<\/div>\n<\/div><\/div>\n\n\n\n<div style=\"height:50px\" aria-hidden=\"true\" class=\"wp-block-spacer\"><\/div>\n\n\n\n<div class=\"wp-block-uagb-container uagb-block-a6a88900 default uagb-is-root-container\">\n<h2 class=\"wp-block-heading has-text-align-center zero-margin\" style=\"font-size:24px\">Quienes somos nosotras?<\/h2>\n\n\n\n<p class=\"has-text-align-center zero-margin\">Somos fabricantes l\u00edderes de grasas de alta calidad, aceites automotrices, lubricantes industriales y una amplia gama de productos para el cuidado del autom\u00f3vil.<br>Gracias a una extensa red de distribuci\u00f3n, nuestros productos est\u00e1n disponibles en el subcontinente indio, \u00c1frica, pa\u00edses europeos como Espa\u00f1a y el Reino Unido, Estados Unidos y una amplia variedad de pa\u00edses de Am\u00e9rica Latina, incluyendo M\u00e9xico, Costa Rica, El Salvador, Guatemala, Honduras, Nicaragua, Panam\u00e1, Cuba, Rep\u00fablica Dominicana, Puerto Rico, Argentina, Bolivia, Chile, Colombia, Ecuador, Paraguay, Per\u00fa, Uruguay, Venezuela y Guinea Ecuatorial.<\/p>\n\n\n\n<p class=\"has-text-align-center zero-margin\"><strong><a href=\"https:\/\/www.palco.co.in\/es\/research-development\/\" data-type=\"page\" data-id=\"12386\">Investigaci\u00f3n y desarrollo<\/a><\/strong>&nbsp;\/&nbsp;<strong><a href=\"https:\/\/www.palco.co.in\/es\/certification\/\" data-type=\"page\" data-id=\"12388\">Certificaciones<\/a><\/strong>&nbsp;\/&nbsp;<strong><a href=\"https:\/\/www.palco.co.in\/es\/quality-policy\/\" data-type=\"page\" data-id=\"12383\">Pol\u00edtica de Calidad<\/a><\/strong><\/p>\n<\/div>\n\n\n\n<div style=\"height:50px\" aria-hidden=\"true\" class=\"wp-block-spacer\"><\/div>\n\n\n\n<div class=\"wp-block-uagb-container uagb-block-7ac5c6cf alignfull uagb-is-root-container\"><div class=\"uagb-container-inner-blocks-wrap\">\n<div class=\"wp-block-uagb-container home-op uagb-block-38aa7d77\">\n<p class=\"zero-margin has-white-color has-text-color has-link-color wp-elements-a78143cf218541322a1cffbee173b7e3\" style=\"text-transform:uppercase\">Concesionario de lubricantes<\/p>\n\n\n\n<p class=\"zero-margin has-white-color has-text-color has-link-color wp-elements-c35fca7fe45de83cd0b04790311126ab\" style=\"font-size:35px;text-transform:uppercase\">Trabajemos&nbsp;<mark style=\"background-color:#fcb900\" class=\"has-inline-color has-black-color\">juntas<\/mark><\/p>\n\n\n\n<p class=\"has-white-color has-text-color has-link-color wp-elements-3beb14f2ca95de92a39cfbb7853243f6\"><strong>Inicia tu Propio Negocio de Lubricantes con PALCO<\/strong><\/p>\n\n\n\n<p class=\"has-white-color has-text-color has-link-color wp-elements-7b0439f6cb86182ecd01959a4a9a85b4\">\u00bfQuieres crecer en el negocio de <strong>aceites para motor<\/strong> o ampliar tu presencia en el mercado de <strong>lubricantes y grasas industriales<\/strong>? PALCO te ofrece una atractiva <strong>oportunidad de concesi\u00f3n de lubricantes<\/strong> pensada para emprendedores y empresas que deseen asociarse con una de las marcas l\u00edderes de lubricantes en la India.<\/p>\n\n\n\n<p class=\"has-white-color has-text-color has-link-color wp-elements-d597efa451cbd4f79345889f869aedb2\">Nuestros programas de <strong>distribuci\u00f3n y concesionarios<\/strong> est\u00e1n dise\u00f1ados para ayudarte a tener \u00e9xito, brind\u00e1ndote acceso a una amplia gama de productos de calidad premium\u2014incluyendo <strong>aceites para motor<\/strong>, <strong>grasas industriales<\/strong> y soluciones para el cuidado del autom\u00f3vil\u2014junto con estrategias de ventas probadas que generan confianza y fidelidad a largo plazo entre tus clientes.<\/p>\n\n\n\n<p class=\"has-white-color has-text-color has-link-color wp-elements-11711cf580ba37b2518a163de4879a8e\">Al convertirte en <strong>distribuidor o concesionario PALCO<\/strong>, obtienes mucho m\u00e1s que productos: accedes a un respaldo completo. Te proporcionamos materiales de marketing, m\u00f3dulos de capacitaci\u00f3n, asistencia t\u00e9cnica y apoyo administrativo para asegurar que tu <strong>negocio de grasas<\/strong> o <strong>distribuci\u00f3n de lubricantes<\/strong> prospere en un mercado competitivo.<\/p>\n\n\n\n<p class=\"has-white-color has-text-color has-link-color wp-elements-c872aafce498df0ef6d279ed2aed3285\">S\u00e9 due\u00f1o de tu negocio. S\u00e9 tu propio jefe. As\u00f3ciate con PALCO y descubre tu verdadero potencial en el din\u00e1mico mundo de la lubricaci\u00f3n automotriz e industrial.<\/p>\n\n\n\n<div class=\"wp-block-uagb-buttons uagb-buttons__outer-wrap uagb-btn__default-btn uagb-btn-tablet__default-btn uagb-btn-mobile__default-btn uagb-block-9b30fe1d\"><div class=\"uagb-buttons__wrap uagb-buttons-layout-wrap \">\n<div class=\"wp-block-uagb-buttons-child uagb-buttons__outer-wrap uagb-block-0d7f0993 wp-block-button\"><div class=\"uagb-button__wrapper\"><a class=\"uagb-buttons-repeater wp-block-button__link\" aria-label=\"\" href=\"https:\/\/www.palco.co.in\/es\/business-opportunities\/\" rel=\"follow noopener\" target=\"_self\" role=\"button\"><div class=\"uagb-button__link\">Ll\u00e1manos para m\u00e1s detalles<\/div><\/a><\/div><\/div>\n<\/div><\/div>\n<\/div>\n\n\n\n<div class=\"wp-block-uagb-container uagb-block-e54c6f98\"><\/div>\n<\/div><\/div>\n\n\n\n<div class=\"wp-block-uagb-container uag-hide-mob uagb-block-2795be0b alignfull uagb-is-root-container\">\n<div class=\"wp-block-uagb-advanced-heading uagb-block-84e495e3 zero-margin\"><h2 class=\"uagb-heading-text\">Nuestros productos <mark style=\"background-color:#b61d22\" class=\"has-inline-color has-white-color\">Para cada necesidad<\/mark><\/h2><\/div>\n\n\n\n<div class=\"wp-block-uagb-container zero-margin uag-hide-mob uagb-layout-flex uagb-block-e995e142 default uagb-is-root-container\">\n<div class=\"wp-block-uagb-container uagb-block-0c4134ea\">\n<figure class=\"wp-block-image size-full wp-duotone-rgb140140140-7f7f7f-1\"><a href=\"https:\/\/www.palco.co.in\/es\/two-wheeler-engine-oils\/\"><img loading=\"lazy\" decoding=\"async\" width=\"512\" height=\"512\" src=\"https:\/\/www.palco.co.in\/es\/wp-content\/uploads\/2024\/10\/motorcycle.png\" alt=\"motorcycle\" class=\"wp-image-1120\" style=\"object-fit:cover\" srcset=\"https:\/\/www.palco.co.in\/es\/wp-content\/uploads\/2024\/10\/motorcycle.png 512w, https:\/\/www.palco.co.in\/es\/wp-content\/uploads\/2024\/10\/motorcycle-150x150.png 150w, https:\/\/www.palco.co.in\/es\/wp-content\/uploads\/2024\/10\/motorcycle-300x300.png 300w\" sizes=\"auto, (max-width: 512px) 100vw, 512px\" \/><\/a><\/figure>\n<\/div>\n\n\n\n<div class=\"wp-block-uagb-container uagb-block-cf8d8b75\">\n<figure class=\"wp-block-image size-full wp-duotone-rgb140140140-7f7f7f-2\"><a href=\"https:\/\/www.palco.co.in\/es\/car-engine-oils\/\"><img loading=\"lazy\" decoding=\"async\" width=\"512\" height=\"512\" src=\"https:\/\/www.palco.co.in\/es\/wp-content\/uploads\/2024\/10\/car.png\" alt=\"Cal Engine Oil\" class=\"wp-image-1130\" style=\"object-fit:cover\" srcset=\"https:\/\/www.palco.co.in\/es\/wp-content\/uploads\/2024\/10\/car.png 512w, https:\/\/www.palco.co.in\/es\/wp-content\/uploads\/2024\/10\/car-150x150.png 150w, https:\/\/www.palco.co.in\/es\/wp-content\/uploads\/2024\/10\/car-300x300.png 300w\" sizes=\"auto, (max-width: 512px) 100vw, 512px\" \/><\/a><\/figure>\n<\/div>\n\n\n\n<div class=\"wp-block-uagb-container uagb-block-bce86a4a\">\n<figure class=\"wp-block-image size-full wp-duotone-rgb140140140-7f7f7f-3\"><a href=\"https:\/\/www.palco.co.in\/es\/agriculture-lubricants\/\"><img loading=\"lazy\" decoding=\"async\" width=\"512\" height=\"512\" src=\"https:\/\/www.palco.co.in\/es\/wp-content\/uploads\/2024\/10\/tractor.png\" alt=\"Tractor\" class=\"wp-image-1132\" style=\"object-fit:cover\" srcset=\"https:\/\/www.palco.co.in\/es\/wp-content\/uploads\/2024\/10\/tractor.png 512w, https:\/\/www.palco.co.in\/es\/wp-content\/uploads\/2024\/10\/tractor-150x150.png 150w, https:\/\/www.palco.co.in\/es\/wp-content\/uploads\/2024\/10\/tractor-300x300.png 300w\" sizes=\"auto, (max-width: 512px) 100vw, 512px\" \/><\/a><\/figure>\n<\/div>\n\n\n\n<div class=\"wp-block-uagb-container uagb-block-6ec68523\">\n<figure class=\"wp-block-image size-full wp-duotone-rgb140140140-7f7f7f-4\"><a href=\"https:\/\/www.palco.co.in\/es\/diesel-engine-oils\/\"><img loading=\"lazy\" decoding=\"async\" width=\"512\" height=\"512\" src=\"https:\/\/www.palco.co.in\/es\/wp-content\/uploads\/2024\/10\/cargo-truck.png\" alt=\"Cargo Truck\" class=\"wp-image-1133\" style=\"object-fit:cover\" srcset=\"https:\/\/www.palco.co.in\/es\/wp-content\/uploads\/2024\/10\/cargo-truck.png 512w, https:\/\/www.palco.co.in\/es\/wp-content\/uploads\/2024\/10\/cargo-truck-150x150.png 150w, https:\/\/www.palco.co.in\/es\/wp-content\/uploads\/2024\/10\/cargo-truck-300x300.png 300w\" sizes=\"auto, (max-width: 512px) 100vw, 512px\" \/><\/a><\/figure>\n<\/div>\n<\/div>\n\n\n\n<div class=\"wp-block-uagb-container uagb-block-4051e510\">\n<p class=\"has-text-align-center\">En Palco, ofrecemos una amplia gama de lubricantes de alto rendimiento para diversas industrias, incluyendo la automotriz, de dos ruedas y aplicaciones industriales. Nuestros productos garantizan una protecci\u00f3n \u00f3ptima del motor, una mayor eficiencia y un rendimiento duradero, ya sea para motocicletas, veh\u00edculos pesados \u200b\u200bo maquinaria industrial. Conf\u00ede en Palco para obtener soluciones de lubricaci\u00f3n fiables y adaptadas a sus necesidades.<\/p>\n<\/div>\n<\/div>\n","protected":false},"excerpt":{"rendered":"<p>Connect With Us Become a Dealer Somos&nbsp;Paras Lubricants Fabricante de aceites automotrices, lubricantes industriales y grasas Creemos en crear un futuro donde la innovaci\u00f3n se fusiona con la responsabilidad. Nos dedicamos a brindar soluciones innovadoras que impulsen el desarrollo sostenible de empresas y comunidades. Con una combinaci\u00f3n de experiencia y un compromiso con la excelencia, [&hellip;]<\/p>\n","protected":false},"author":1,"featured_media":0,"parent":0,"menu_order":0,"comment_status":"closed","ping_status":"closed","template":"","meta":{"_uag_custom_page_level_css":"","ocean_post_layout":"full-screen","ocean_both_sidebars_style":"","ocean_both_sidebars_content_width":0,"ocean_both_sidebars_sidebars_width":0,"ocean_sidebar":"0","ocean_second_sidebar":"0","ocean_disable_margins":"on","ocean_add_body_class":"","ocean_shortcode_before_top_bar":"","ocean_shortcode_after_top_bar":"","ocean_shortcode_before_header":"","ocean_shortcode_after_header":"","ocean_has_shortcode":"","ocean_shortcode_after_title":"","ocean_shortcode_before_footer_widgets":"","ocean_shortcode_after_footer_widgets":"","ocean_shortcode_before_footer_bottom":"","ocean_shortcode_after_footer_bottom":"","ocean_display_top_bar":"default","ocean_display_header":"default","ocean_header_style":"transparent","ocean_center_header_left_menu":"0","ocean_custom_header_template":"0","ocean_custom_logo":0,"ocean_custom_retina_logo":0,"ocean_custom_logo_max_width":0,"ocean_custom_logo_tablet_max_width":0,"ocean_custom_logo_mobile_max_width":0,"ocean_custom_logo_max_height":0,"ocean_custom_logo_tablet_max_height":0,"ocean_custom_logo_mobile_max_height":0,"ocean_header_custom_menu":"0","ocean_menu_typo_font_family":"0","ocean_menu_typo_font_subset":"","ocean_menu_typo_font_size":0,"ocean_menu_typo_font_size_tablet":0,"ocean_menu_typo_font_size_mobile":0,"ocean_menu_typo_font_size_unit":"px","ocean_menu_typo_font_weight":"","ocean_menu_typo_font_weight_tablet":"","ocean_menu_typo_font_weight_mobile":"","ocean_menu_typo_transform":"","ocean_menu_typo_transform_tablet":"","ocean_menu_typo_transform_mobile":"","ocean_menu_typo_line_height":0,"ocean_menu_typo_line_height_tablet":0,"ocean_menu_typo_line_height_mobile":0,"ocean_menu_typo_line_height_unit":"","ocean_menu_typo_spacing":0,"ocean_menu_typo_spacing_tablet":0,"ocean_menu_typo_spacing_mobile":0,"ocean_menu_typo_spacing_unit":"","ocean_menu_link_color":"","ocean_menu_link_color_hover":"","ocean_menu_link_color_active":"","ocean_menu_link_background":"","ocean_menu_link_hover_background":"","ocean_menu_link_active_background":"","ocean_menu_social_links_bg":"","ocean_menu_social_hover_links_bg":"","ocean_menu_social_links_color":"","ocean_menu_social_hover_links_color":"","ocean_disable_title":"on","ocean_disable_heading":"default","ocean_post_title":"","ocean_post_subheading":"","ocean_post_title_style":"","ocean_post_title_background_color":"","ocean_post_title_background":0,"ocean_post_title_bg_image_position":"","ocean_post_title_bg_image_attachment":"","ocean_post_title_bg_image_repeat":"","ocean_post_title_bg_image_size":"","ocean_post_title_height":0,"ocean_post_title_bg_overlay":0.5,"ocean_post_title_bg_overlay_color":"","ocean_disable_breadcrumbs":"default","ocean_breadcrumbs_color":"","ocean_breadcrumbs_separator_color":"","ocean_breadcrumbs_links_color":"","ocean_breadcrumbs_links_hover_color":"","ocean_display_footer_widgets":"default","ocean_display_footer_bottom":"default","ocean_custom_footer_template":"0","footnotes":""},"class_list":["post-12278","page","type-page","status-publish","hentry","entry"],"uagb_featured_image_src":{"full":false,"thumbnail":false,"medium":false,"medium_large":false,"large":false,"1536x1536":false,"2048x2048":false,"ocean-thumb-m":false,"ocean-thumb-ml":false,"ocean-thumb-l":false},"uagb_author_info":{"display_name":"Paras Lubricants","author_link":"https:\/\/www.palco.co.in\/es\/author\/zktyht\/"},"uagb_comment_info":0,"uagb_excerpt":"Connect With Us Become a Dealer Somos&nbsp;Paras Lubricants Fabricante de aceites automotrices, lubricantes industriales y grasas Creemos en crear un futuro donde la innovaci\u00f3n se fusiona con la responsabilidad. Nos dedicamos a brindar soluciones innovadoras que impulsen el desarrollo sostenible de empresas y comunidades. Con una combinaci\u00f3n de experiencia y un compromiso con la excelencia,&hellip;","_links":{"self":[{"href":"https:\/\/www.palco.co.in\/es\/wp-json\/wp\/v2\/pages\/12278","targetHints":{"allow":["GET"]}}],"collection":[{"href":"https:\/\/www.palco.co.in\/es\/wp-json\/wp\/v2\/pages"}],"about":[{"href":"https:\/\/www.palco.co.in\/es\/wp-json\/wp\/v2\/types\/page"}],"author":[{"embeddable":true,"href":"https:\/\/www.palco.co.in\/es\/wp-json\/wp\/v2\/users\/1"}],"replies":[{"embeddable":true,"href":"https:\/\/www.palco.co.in\/es\/wp-json\/wp\/v2\/comments?post=12278"}],"version-history":[{"count":24,"href":"https:\/\/www.palco.co.in\/es\/wp-json\/wp\/v2\/pages\/12278\/revisions"}],"predecessor-version":[{"id":14901,"href":"https:\/\/www.palco.co.in\/es\/wp-json\/wp\/v2\/pages\/12278\/revisions\/14901"}],"wp:attachment":[{"href":"https:\/\/www.palco.co.in\/es\/wp-json\/wp\/v2\/media?parent=12278"}],"curies":[{"name":"wp","href":"https:\/\/api.w.org\/{rel}","templated":true}]}}