{"id":10704,"date":"2025-02-19T14:26:47","date_gmt":"2025-02-19T08:56:47","guid":{"rendered":"https:\/\/www.palco.co.in\/es\/?page_id=10704"},"modified":"2026-02-11T07:19:13","modified_gmt":"2026-02-11T05:19:13","slug":"agriculture-lubricants","status":"publish","type":"page","link":"https:\/\/www.palco.co.in\/es\/agriculture-lubricants\/","title":{"rendered":"Lubricantes agr\u00edcolas"},"content":{"rendered":"\n<div class=\"wp-block-uagb-container uagb-block-d8d91aac alignfull uagb-is-root-container\"><div class=\"uagb-container-inner-blocks-wrap\">\n<div class=\"wp-block-uagb-container uagb-block-82748c42 alignfull uagb-is-root-container\"><div class=\"uagb-container-inner-blocks-wrap\">\n<div class=\"wp-block-uagb-container uagb-block-03bfb6c7\">\n<h1 class=\"wp-block-heading zero-margin line-height0 has-white-color has-text-color has-link-color wp-elements-71faa0a579c16a7cafe000902fbca7d7\" style=\"font-size:40px;font-style:normal;font-weight:700;text-transform:uppercase\">Lubricantes agr\u00edcolas<\/h1>\n\n\n\n<p class=\"zero-margin has-white-color has-text-color has-link-color wp-elements-bd9062de57c5c09f3a6cb1bcb3c5c5b6\">Los lubricantes agr\u00edcolas PALCO est\u00e1n especialmente formulados para satisfacer las exigentes necesidades de maquinaria y equipos agr\u00edcolas. Dise\u00f1ada para brindar protecci\u00f3n y rendimiento superiores, nuestra gama de lubricantes garantiza un funcionamiento suave, un desgaste reducido y una vida \u00fatil prolongada del equipo, incluso en las condiciones agr\u00edcolas m\u00e1s duras.<\/p>\n<\/div>\n\n\n\n<div class=\"wp-block-uagb-container uag-hide-mob uagb-block-67047b3a\">\n<div data-aos= \"slide-left\" data-aos-duration=\"400\" data-aos-delay=\"0\" data-aos-easing=\"ease\" data-aos-once=\"true\" class=\"wp-block-uagb-image uagb-block-1ce87df6 wp-block-uagb-image--layout-default wp-block-uagb-image--effect-static wp-block-uagb-image--align-none uag-hide-mob\"><figure class=\"wp-block-uagb-image__figure\"><img decoding=\"async\" srcset=\"https:\/\/www.palco.co.in\/es\/wp-content\/uploads\/2025\/05\/tractor-samrat.png ,https:\/\/www.palco.co.in\/es\/wp-content\/uploads\/2025\/05\/tractor-samrat.png 780w, https:\/\/www.palco.co.in\/es\/wp-content\/uploads\/2025\/05\/tractor-samrat.png 360w\" sizes=\"auto, (max-width: 480px) 150px\" src=\"https:\/\/www.palco.co.in\/es\/wp-content\/uploads\/2025\/05\/tractor-samrat.png\" alt=\"Palco Lubricantes agr\u00edcolas\" class=\"uag-image-14644\" width=\"320\" height=\"320\" title=\"tractor-samrat\" loading=\"lazy\" role=\"img\"\/><\/figure><\/div>\n<\/div>\n<\/div><\/div>\n<\/div><\/div>\n\n\n\n<div class=\"wp-block-uagb-container uagb-block-111ab448 alignfull uagb-is-root-container\"><div class=\"uagb-container-inner-blocks-wrap\">\n<div class=\"wp-block-uagb-container uagb-block-e0dfa292 alignfull uagb-is-root-container\"><div class=\"uagb-container-inner-blocks-wrap\">\n<div class=\"wp-block-uagb-container uagb-block-f6350f71\">\n<h2 class=\"wp-block-heading has-text-align-center zero-margin\" style=\"font-size:22px;font-style:normal;font-weight:700;text-transform:uppercase\">Aceites para Motores de Tractores<\/h2>\n\n\n\n<p class=\"has-text-align-center zero-margin\">Los aceites para motores de tractores PALCO est\u00e1n formulados para brindar una protecci\u00f3n superior y un rendimiento confiable en tractores agr\u00edcolas que trabajan en condiciones de campo exigentes. Gracias a su avanzada protecci\u00f3n contra el desgaste y su estabilidad t\u00e9rmica, garantizan un funcionamiento suave del motor y una mayor vida \u00fatil.<br>Compatibles con todas las marcas de tractores reconocidas como John Deere, Mahindra, New Holland, Massey Ferguson y Sonalika.<\/p>\n<\/div>\n<\/div><\/div>\n\n\n\n<div class=\"wp-block-uagb-container uagb-block-dd926ed5 alignfull uagb-is-root-container\"><div class=\"uagb-container-inner-blocks-wrap\">\n<div class=\"wp-block-uagb-container uagb-block-b2cc53b5 alignfull uagb-is-root-container\"><div class=\"uagb-container-inner-blocks-wrap\">\n<div class=\"wp-block-uagb-container uagb-block-b5565a3d\">\n<div class=\"wp-block-uagb-image uagb-block-ff87a438 wp-block-uagb-image--layout-default wp-block-uagb-image--effect-static wp-block-uagb-image--align-none\"><figure class=\"wp-block-uagb-image__figure\"><img decoding=\"async\" srcset=\"https:\/\/www.palco.co.in\/es\/wp-content\/uploads\/2024\/12\/501-tractor-samrat-20w40-6-lt-1.webp ,https:\/\/www.palco.co.in\/es\/wp-content\/uploads\/2024\/12\/501-tractor-samrat-20w40-6-lt-1.webp 780w, https:\/\/www.palco.co.in\/es\/wp-content\/uploads\/2024\/12\/501-tractor-samrat-20w40-6-lt-1.webp 360w\" sizes=\"auto, (max-width: 480px) 150px\" src=\"https:\/\/www.palco.co.in\/es\/wp-content\/uploads\/2024\/12\/501-tractor-samrat-20w40-6-lt-1.webp\" alt=\"Lubricantes agr\u00edcolas\" class=\"uag-image-13101\" width=\"600\" height=\"600\" title=\"501-tractor-samrat-20w40-6-lt-1\" loading=\"lazy\" role=\"img\"\/><\/figure><\/div>\n<\/div>\n\n\n\n<div class=\"wp-block-uagb-container uagb-block-e20690df\">\n<h2 class=\"wp-block-heading zero-margin\" style=\"font-size:22px;font-style:normal;font-weight:700;text-transform:uppercase\">Tractor Samrat 20W40<\/h2>\n\n\n\n<p class=\"zero-margin2 zero-margin\" style=\"font-size:16px\"><mark style=\"background-color:#cf2e2e\" class=\"has-inline-color has-white-color\">API: CF\/SF<\/mark><\/p>\n\n\n\n<p class=\"zero-margin\">Un aceite de motor multigrado robusto dise\u00f1ado para un rendimiento y protecci\u00f3n superiores. Minimiza el desgaste del motor, reduce la formaci\u00f3n de lodos y garantiza un funcionamiento suave, lo que lo hace ideal para veh\u00edculos comerciales y de servicio pesado.<\/p>\n\n\n\n<p class=\"zero-margin\" style=\"font-size:16px\"><strong>Embalaje disponible: 210L, 50L, 20L, 7.5L, 6L, 1L<\/strong><\/p>\n\n\n\n<div class=\"wp-block-uagb-buttons uagb-buttons__outer-wrap uagb-btn__default-btn uagb-btn-tablet__default-btn uagb-btn-mobile__default-btn uagb-block-66d8974a\"><div class=\"uagb-buttons__wrap uagb-buttons-layout-wrap \">\n<div class=\"wp-block-uagb-buttons-child uagb-buttons__outer-wrap uagb-block-5dc7795b wp-block-button\"><div class=\"uagb-button__wrapper\"><a class=\"uagb-buttons-repeater wp-block-button__link\" aria-label=\"\" href=\"https:\/\/wa.me\/919311794519?text=Env\u00edame-detalles\" rel=\"follow noopener\" target=\"_self\" role=\"button\"><div class=\"uagb-button__link\">Detalles<\/div><\/a><\/div><\/div>\n<\/div><\/div>\n<\/div>\n<\/div><\/div>\n\n\n\n<div class=\"wp-block-uagb-container uagb-block-58cfaf26 alignfull uagb-is-root-container\"><div class=\"uagb-container-inner-blocks-wrap\">\n<div class=\"wp-block-uagb-container uagb-block-9387fb36\">\n<div class=\"wp-block-uagb-image uagb-block-af0f1f6c wp-block-uagb-image--layout-default wp-block-uagb-image--effect-static wp-block-uagb-image--align-none\"><figure class=\"wp-block-uagb-image__figure\"><img decoding=\"async\" srcset=\"https:\/\/www.palco.co.in\/es\/wp-content\/uploads\/2025\/04\/2050.jpg ,https:\/\/www.palco.co.in\/es\/wp-content\/uploads\/2025\/04\/2050.jpg 780w, https:\/\/www.palco.co.in\/es\/wp-content\/uploads\/2025\/04\/2050.jpg 360w\" sizes=\"auto, (max-width: 480px) 150px\" src=\"https:\/\/www.palco.co.in\/es\/wp-content\/uploads\/2025\/04\/2050.jpg\" alt=\"Lubricantes agr\u00edcolas\" class=\"uag-image-13519\" width=\"600\" height=\"600\" title=\"2050\" loading=\"lazy\" role=\"img\"\/><\/figure><\/div>\n<\/div>\n\n\n\n<div class=\"wp-block-uagb-container uagb-block-4f6f493f\">\n<h2 class=\"wp-block-heading zero-margin\" style=\"font-size:22px;font-style:normal;font-weight:700;text-transform:uppercase\">Tractor Samrat 20W50<\/h2>\n\n\n\n<p class=\"zero-margin2\" style=\"font-size:16px\"><mark style=\"background-color:#cf2e2e\" class=\"has-inline-color has-white-color\">API: CF\/SF<\/mark><\/p>\n\n\n\n<p class=\"zero-margin\">Dise\u00f1ado para ofrecer la m\u00e1xima protecci\u00f3n al motor bajo cargas pesadas y temperaturas extremas, este aceite multigrado mejora la lubricaci\u00f3n, reduce el desgaste y garantiza un rendimiento duradero, lo que lo hace ideal para condiciones exigentes.<\/p>\n\n\n\n<p class=\"zero-margin\" style=\"font-size:16px\"><strong><strong>Embalaje disponible<\/strong>: 210L, 50L, 20L,10L, 8L, 7.5L, 6L, 1L<\/strong><\/p>\n\n\n\n<div class=\"wp-block-uagb-buttons uagb-buttons__outer-wrap uagb-btn__default-btn uagb-btn-tablet__default-btn uagb-btn-mobile__default-btn uagb-block-6e71aab6\"><div class=\"uagb-buttons__wrap uagb-buttons-layout-wrap \">\n<div class=\"wp-block-uagb-buttons-child uagb-buttons__outer-wrap uagb-block-89d24d46 wp-block-button\"><div class=\"uagb-button__wrapper\"><a class=\"uagb-buttons-repeater wp-block-button__link\" aria-label=\"\" href=\"https:\/\/wa.me\/919311794519?text=Env\u00edame-detalles\" rel=\"follow noopener\" target=\"_self\" role=\"button\"><div class=\"uagb-button__link\">Detalles<\/div><\/a><\/div><\/div>\n<\/div><\/div>\n<\/div>\n<\/div><\/div>\n<\/div><\/div>\n\n\n\n<div class=\"wp-block-uagb-container uagb-block-9ffd8953 alignfull uagb-is-root-container\"><div class=\"uagb-container-inner-blocks-wrap\">\n<div class=\"wp-block-uagb-container uagb-block-cfa07b72\">\n<h2 class=\"wp-block-heading has-text-align-center zero-margin\" style=\"font-size:22px;font-style:normal;font-weight:700;text-transform:uppercase\">Aceites para Motores de Bombas<\/h2>\n\n\n\n<p class=\"has-text-align-center zero-margin\">Los aceites PALCO para motores de bombas est\u00e1n dise\u00f1ados para ofrecer una protecci\u00f3n excelente y un rendimiento duradero en condiciones de uso continuo en entornos agr\u00edcolas. Proporcionan una lubricaci\u00f3n efectiva, reducen el desgaste y ayudan a mantener el motor funcionando con eficiencia durante largas horas de operaci\u00f3n.<\/p>\n<\/div>\n<\/div><\/div>\n\n\n\n<div class=\"wp-block-uagb-container uagb-block-1f8ab432 alignfull uagb-is-root-container\"><div class=\"uagb-container-inner-blocks-wrap\">\n<div class=\"wp-block-uagb-container uagb-block-4acefa79 alignfull uagb-is-root-container\"><div class=\"uagb-container-inner-blocks-wrap\">\n<div class=\"wp-block-uagb-container uagb-block-603e401b\">\n<div class=\"wp-block-uagb-image uagb-block-55507d1c wp-block-uagb-image--layout-default wp-block-uagb-image--effect-static wp-block-uagb-image--align-none\"><figure class=\"wp-block-uagb-image__figure\"><img decoding=\"async\" srcset=\"https:\/\/www.palco.co.in\/es\/wp-content\/uploads\/2025\/02\/pps2.png ,https:\/\/www.palco.co.in\/es\/wp-content\/uploads\/2025\/02\/pps2.png 780w, https:\/\/www.palco.co.in\/es\/wp-content\/uploads\/2025\/02\/pps2.png 360w\" sizes=\"auto, (max-width: 480px) 150px\" src=\"https:\/\/www.palco.co.in\/es\/wp-content\/uploads\/2025\/02\/pps2.png\" alt=\"Lubricantes agr\u00edcolas\" class=\"uag-image-10936\" width=\"600\" height=\"600\" title=\"pps2\" loading=\"lazy\" role=\"img\"\/><\/figure><\/div>\n<\/div>\n\n\n\n<div class=\"wp-block-uagb-container uagb-block-3588229a\">\n<h2 class=\"wp-block-heading zero-margin\" style=\"font-size:22px;font-style:normal;font-weight:700;text-transform:uppercase\">PPS-2<\/h2>\n\n\n\n<p class=\"zero-margin2 zero-margin\" style=\"font-size:16px\"><mark style=\"background-color:#cf2e2e\" class=\"has-inline-color has-white-color\">API: SC\/CC<\/mark><\/p>\n\n\n\n<p class=\"zero-margin\">Una grasa de alto rendimiento dise\u00f1ada para una lubricaci\u00f3n superior en aplicaciones de servicio pesado. Reduce la fricci\u00f3n, protege contra el desgaste y garantiza una excelente resistencia al agua y a la corrosi\u00f3n, lo que lo hace adecuado para condiciones exigentes.<\/p>\n\n\n\n<p class=\"zero-margin\" style=\"font-size:16px\"><strong>Embalaje disponible: 210L, 5L, 4L, 3.5L, 1.5L, 1L<\/strong><\/p>\n\n\n\n<div class=\"wp-block-uagb-buttons uagb-buttons__outer-wrap uagb-btn__default-btn uagb-btn-tablet__default-btn uagb-btn-mobile__default-btn uagb-block-c965687f\"><div class=\"uagb-buttons__wrap uagb-buttons-layout-wrap \">\n<div class=\"wp-block-uagb-buttons-child uagb-buttons__outer-wrap uagb-block-75e23bc7 wp-block-button\"><div class=\"uagb-button__wrapper\"><a class=\"uagb-buttons-repeater wp-block-button__link\" aria-label=\"\" href=\"https:\/\/wa.me\/919311794519?text=Env\u00edame-detalles\" rel=\"follow noopener\" target=\"_self\" role=\"button\"><div class=\"uagb-button__link\">Detalles<\/div><\/a><\/div><\/div>\n<\/div><\/div>\n<\/div>\n<\/div><\/div>\n<\/div><\/div>\n\n\n\n<div class=\"wp-block-uagb-container uagb-block-5b0d7bed alignfull uagb-is-root-container\"><div class=\"uagb-container-inner-blocks-wrap\">\n<div class=\"wp-block-uagb-container uagb-block-c67689e7\">\n<h2 class=\"wp-block-heading has-text-align-center zero-margin\" style=\"font-size:22px;font-style:normal;font-weight:700;text-transform:uppercase\">Aceites para Motocultores (Power Tillers)<\/h2>\n\n\n\n<p class=\"has-text-align-center zero-margin\">Los aceites PALCO para motocultores est\u00e1n especialmente desarrollados para proteger y mejorar el rendimiento de motocultores y maquinaria agr\u00edcola ligera. Ofrecen una excelente estabilidad a la oxidaci\u00f3n, resistencia al desgaste y un funcionamiento suave, lo que se traduce en una mayor productividad en las labores del campo.<\/p>\n<\/div>\n<\/div><\/div>\n\n\n\n<div class=\"wp-block-uagb-container uagb-block-dc6e03c3 alignfull uagb-is-root-container\"><div class=\"uagb-container-inner-blocks-wrap\">\n<div class=\"wp-block-uagb-container uagb-block-208ad761 alignfull uagb-is-root-container\"><div class=\"uagb-container-inner-blocks-wrap\">\n<div class=\"wp-block-uagb-container uagb-block-43fd0da7\">\n<div class=\"wp-block-uagb-image uagb-block-554c66b5 wp-block-uagb-image--layout-default wp-block-uagb-image--effect-static wp-block-uagb-image--align-none\"><figure class=\"wp-block-uagb-image__figure\"><img decoding=\"async\" srcset=\"https:\/\/www.palco.co.in\/es\/wp-content\/uploads\/2025\/02\/powertiller40.png ,https:\/\/www.palco.co.in\/es\/wp-content\/uploads\/2025\/02\/powertiller40.png 780w, https:\/\/www.palco.co.in\/es\/wp-content\/uploads\/2025\/02\/powertiller40.png 360w\" sizes=\"auto, (max-width: 480px) 150px\" src=\"https:\/\/www.palco.co.in\/es\/wp-content\/uploads\/2025\/02\/powertiller40.png\" alt=\"Lubricantes agr\u00edcolas\" class=\"uag-image-10939\" width=\"600\" height=\"600\" title=\"powertiller40\" loading=\"lazy\" role=\"img\"\/><\/figure><\/div>\n<\/div>\n\n\n\n<div class=\"wp-block-uagb-container uagb-block-f11ec48d\">\n<h2 class=\"wp-block-heading zero-margin\" style=\"font-size:22px;font-style:normal;font-weight:700;text-transform:uppercase\">Power Tiller 40<\/h2>\n\n\n\n<p class=\"zero-margin2 zero-margin\" style=\"font-size:16px\"><mark style=\"background-color:#cf2e2e\" class=\"has-inline-color has-white-color\">API: CF\/SF<\/mark><\/p>\n\n\n\n<p class=\"zero-margin\">Formulado espec\u00edficamente para cultivadores y maquinaria agr\u00edcola, este aceite de motor garantiza un funcionamiento suave, reduce la fricci\u00f3n y el desgaste y proporciona una excelente estabilidad t\u00e9rmica para prolongar la vida \u00fatil del equipo.<\/p>\n\n\n\n<p class=\"zero-margin\" style=\"font-size:16px\"><strong>Embalaje disponible: 210L, 3.5 Ltr<\/strong><\/p>\n\n\n\n<div class=\"wp-block-uagb-buttons uagb-buttons__outer-wrap uagb-btn__default-btn uagb-btn-tablet__default-btn uagb-btn-mobile__default-btn uagb-block-afe359dc\"><div class=\"uagb-buttons__wrap uagb-buttons-layout-wrap \">\n<div class=\"wp-block-uagb-buttons-child uagb-buttons__outer-wrap uagb-block-4bb99364 wp-block-button\"><div class=\"uagb-button__wrapper\"><a class=\"uagb-buttons-repeater wp-block-button__link\" aria-label=\"\" href=\"https:\/\/wa.me\/919311794519?text=Env\u00edame-detalles\" rel=\"follow noopener\" target=\"_self\" role=\"button\"><div class=\"uagb-button__link\">Detalles<\/div><\/a><\/div><\/div>\n<\/div><\/div>\n<\/div>\n<\/div><\/div>\n<\/div><\/div>\n<\/div><\/div>\n\n\n\n<div class=\"wp-block-uagb-container uagb-block-a6a88900 default uagb-is-root-container\">\n<p class=\"has-text-align-center\">Compatibles con <strong>motocicletas de 2 tiempos y 4 tiempos<\/strong>, los aceites Palco son ideales para marcas populares como Italika, AKT, Bajaj, Hero, Yamaha, y Honda. Ya sea que est\u00e9 buscando un <strong>aceite 10W40 para motos<\/strong>, <strong>aceite 20W50 para motocicleta<\/strong>, o <strong>aceite multigrado de alto rendimiento<\/strong>, en Palco encontrar\u00e1 la mejor opci\u00f3n para mantener su moto funcionando al m\u00e1ximo nivel.<\/p>\n\n\n\n<p class=\"has-text-align-center\">Conf\u00ede en Palco, una marca l\u00edder en <strong>aceites de motor para motos en Am\u00e9rica Latina<\/strong>, reconocida por su calidad, fiabilidad y excelencia en lubricaci\u00f3n.<\/p>\n<\/div>\n","protected":false},"excerpt":{"rendered":"<p>Lubricantes agr\u00edcolas Los lubricantes agr\u00edcolas PALCO est\u00e1n especialmente formulados para satisfacer las exigentes necesidades de maquinaria y equipos agr\u00edcolas. Dise\u00f1ada para brindar protecci\u00f3n y rendimiento superiores, nuestra gama de lubricantes garantiza un funcionamiento suave, un desgaste reducido y una vida \u00fatil prolongada del equipo, incluso en las condiciones agr\u00edcolas m\u00e1s duras. Aceites para Motores de [&hellip;]<\/p>\n","protected":false},"author":1,"featured_media":0,"parent":0,"menu_order":0,"comment_status":"closed","ping_status":"closed","template":"","meta":{"_uag_custom_page_level_css":"","ocean_post_layout":"full-screen","ocean_both_sidebars_style":"","ocean_both_sidebars_content_width":0,"ocean_both_sidebars_sidebars_width":0,"ocean_sidebar":"","ocean_second_sidebar":"","ocean_disable_margins":"on","ocean_add_body_class":"","ocean_shortcode_before_top_bar":"","ocean_shortcode_after_top_bar":"","ocean_shortcode_before_header":"","ocean_shortcode_after_header":"","ocean_has_shortcode":"","ocean_shortcode_after_title":"","ocean_shortcode_before_footer_widgets":"","ocean_shortcode_after_footer_widgets":"","ocean_shortcode_before_footer_bottom":"","ocean_shortcode_after_footer_bottom":"","ocean_display_top_bar":"default","ocean_display_header":"default","ocean_header_style":"","ocean_center_header_left_menu":"","ocean_custom_header_template":"","ocean_custom_logo":0,"ocean_custom_retina_logo":0,"ocean_custom_logo_max_width":0,"ocean_custom_logo_tablet_max_width":0,"ocean_custom_logo_mobile_max_width":0,"ocean_custom_logo_max_height":0,"ocean_custom_logo_tablet_max_height":0,"ocean_custom_logo_mobile_max_height":0,"ocean_header_custom_menu":"","ocean_menu_typo_font_family":"","ocean_menu_typo_font_subset":"","ocean_menu_typo_font_size":0,"ocean_menu_typo_font_size_tablet":0,"ocean_menu_typo_font_size_mobile":0,"ocean_menu_typo_font_size_unit":"px","ocean_menu_typo_font_weight":"","ocean_menu_typo_font_weight_tablet":"","ocean_menu_typo_font_weight_mobile":"","ocean_menu_typo_transform":"","ocean_menu_typo_transform_tablet":"","ocean_menu_typo_transform_mobile":"","ocean_menu_typo_line_height":0,"ocean_menu_typo_line_height_tablet":0,"ocean_menu_typo_line_height_mobile":0,"ocean_menu_typo_line_height_unit":"","ocean_menu_typo_spacing":0,"ocean_menu_typo_spacing_tablet":0,"ocean_menu_typo_spacing_mobile":0,"ocean_menu_typo_spacing_unit":"","ocean_menu_link_color":"","ocean_menu_link_color_hover":"","ocean_menu_link_color_active":"","ocean_menu_link_background":"","ocean_menu_link_hover_background":"","ocean_menu_link_active_background":"","ocean_menu_social_links_bg":"","ocean_menu_social_hover_links_bg":"","ocean_menu_social_links_color":"","ocean_menu_social_hover_links_color":"","ocean_disable_title":"on","ocean_disable_heading":"default","ocean_post_title":"","ocean_post_subheading":"","ocean_post_title_style":"","ocean_post_title_background_color":"","ocean_post_title_background":0,"ocean_post_title_bg_image_position":"","ocean_post_title_bg_image_attachment":"","ocean_post_title_bg_image_repeat":"","ocean_post_title_bg_image_size":"","ocean_post_title_height":0,"ocean_post_title_bg_overlay":0.5,"ocean_post_title_bg_overlay_color":"","ocean_disable_breadcrumbs":"default","ocean_breadcrumbs_color":"","ocean_breadcrumbs_separator_color":"","ocean_breadcrumbs_links_color":"","ocean_breadcrumbs_links_hover_color":"","ocean_display_footer_widgets":"default","ocean_display_footer_bottom":"default","ocean_custom_footer_template":"","footnotes":""},"class_list":["post-10704","page","type-page","status-publish","hentry","entry"],"uagb_featured_image_src":{"full":false,"thumbnail":false,"medium":false,"medium_large":false,"large":false,"1536x1536":false,"2048x2048":false,"ocean-thumb-m":false,"ocean-thumb-ml":false,"ocean-thumb-l":false},"uagb_author_info":{"display_name":"Paras Lubricants","author_link":"https:\/\/www.palco.co.in\/es\/author\/zktyht\/"},"uagb_comment_info":0,"uagb_excerpt":"Lubricantes agr\u00edcolas Los lubricantes agr\u00edcolas PALCO est\u00e1n especialmente formulados para satisfacer las exigentes necesidades de maquinaria y equipos agr\u00edcolas. Dise\u00f1ada para brindar protecci\u00f3n y rendimiento superiores, nuestra gama de lubricantes garantiza un funcionamiento suave, un desgaste reducido y una vida \u00fatil prolongada del equipo, incluso en las condiciones agr\u00edcolas m\u00e1s duras. Aceites para Motores de&hellip;","_links":{"self":[{"href":"https:\/\/www.palco.co.in\/es\/wp-json\/wp\/v2\/pages\/10704","targetHints":{"allow":["GET"]}}],"collection":[{"href":"https:\/\/www.palco.co.in\/es\/wp-json\/wp\/v2\/pages"}],"about":[{"href":"https:\/\/www.palco.co.in\/es\/wp-json\/wp\/v2\/types\/page"}],"author":[{"embeddable":true,"href":"https:\/\/www.palco.co.in\/es\/wp-json\/wp\/v2\/users\/1"}],"replies":[{"embeddable":true,"href":"https:\/\/www.palco.co.in\/es\/wp-json\/wp\/v2\/comments?post=10704"}],"version-history":[{"count":10,"href":"https:\/\/www.palco.co.in\/es\/wp-json\/wp\/v2\/pages\/10704\/revisions"}],"predecessor-version":[{"id":14767,"href":"https:\/\/www.palco.co.in\/es\/wp-json\/wp\/v2\/pages\/10704\/revisions\/14767"}],"wp:attachment":[{"href":"https:\/\/www.palco.co.in\/es\/wp-json\/wp\/v2\/media?parent=10704"}],"curies":[{"name":"wp","href":"https:\/\/api.w.org\/{rel}","templated":true}]}}