{"id":10623,"date":"2025-02-19T14:44:40","date_gmt":"2025-02-19T09:14:40","guid":{"rendered":"https:\/\/www.palco.co.in\/es\/?page_id=10623"},"modified":"2026-03-25T12:11:24","modified_gmt":"2026-03-25T10:11:24","slug":"other-engine-oils","status":"publish","type":"page","link":"https:\/\/www.palco.co.in\/es\/other-engine-oils\/","title":{"rendered":"Other Engine Oils"},"content":{"rendered":"\n<div class=\"wp-block-uagb-container uagb-block-d8d91aac alignfull uagb-is-root-container\"><div class=\"uagb-container-inner-blocks-wrap\">\n<div class=\"wp-block-uagb-container uagb-block-82748c42 alignfull uagb-is-root-container\"><div class=\"uagb-container-inner-blocks-wrap\">\n<div class=\"wp-block-uagb-container uagb-block-03bfb6c7\">\n<h1 class=\"wp-block-heading zero-margin line-height0 has-white-color has-text-color has-link-color wp-elements-98e5cd9c0e2a115c84b75645be37f1db\" style=\"font-size:40px;font-style:normal;font-weight:700;text-transform:uppercase\">Otros Aceites de Motor<\/h1>\n\n\n\n<p class=\"zero-margin has-white-color has-text-color has-link-color wp-elements-4135068c6447e8ea2807d30c956d1611\">Desde veh\u00edculos de alto rendimiento hasta maquinaria especializada, los otros aceites de motor de Palco ofrecen soluciones de lubricaci\u00f3n avanzadas para diversas necesidades de motor. Ya sea para aplicaciones di\u00e9sel, gasolina o industriales, nuestros aceites garantizan una protecci\u00f3n superior, m\u00e1xima eficiencia y una larga vida \u00fatil del motor.<\/p>\n<\/div>\n\n\n\n<div class=\"wp-block-uagb-container uag-hide-mob uagb-block-67047b3a\">\n<div data-aos= \"slide-left\" data-aos-duration=\"400\" data-aos-delay=\"0\" data-aos-easing=\"ease\" data-aos-once=\"true\" class=\"wp-block-uagb-image uagb-block-056bb2d0 wp-block-uagb-image--layout-default wp-block-uagb-image--effect-static wp-block-uagb-image--align-none uag-hide-mob\"><figure class=\"wp-block-uagb-image__figure\"><img decoding=\"async\" srcset=\"https:\/\/www.palco.co.in\/es\/wp-content\/uploads\/2025\/02\/phb-20-40.png ,https:\/\/www.palco.co.in\/es\/wp-content\/uploads\/2025\/02\/phb-20-40.png 780w, https:\/\/www.palco.co.in\/es\/wp-content\/uploads\/2025\/02\/phb-20-40.png 360w\" sizes=\"auto, (max-width: 480px) 150px\" src=\"https:\/\/www.palco.co.in\/es\/wp-content\/uploads\/2025\/02\/phb-20-40.png\" alt=\"Otros aceite de motor Palco\" class=\"uag-image-10825\" width=\"320\" height=\"320\" title=\"phb-20-40\" loading=\"lazy\" role=\"img\"\/><\/figure><\/div>\n<\/div>\n<\/div><\/div>\n<\/div><\/div>\n\n\n\n<div class=\"wp-block-uagb-container uagb-block-111ab448 alignfull uagb-is-root-container\"><div class=\"uagb-container-inner-blocks-wrap\">\n<div class=\"wp-block-uagb-container uagb-block-e0dfa292 alignfull uagb-is-root-container\"><div class=\"uagb-container-inner-blocks-wrap\">\n<div class=\"wp-block-uagb-container uagb-block-f6350f71\">\n<div class=\"wp-block-uagb-image uagb-block-ff87a438 wp-block-uagb-image--layout-default wp-block-uagb-image--effect-static wp-block-uagb-image--align-none\"><figure class=\"wp-block-uagb-image__figure\"><img decoding=\"async\" srcset=\"https:\/\/www.palco.co.in\/es\/wp-content\/uploads\/2024\/12\/135-phb-20w40-bouncer-5lt-1.webp ,https:\/\/www.palco.co.in\/es\/wp-content\/uploads\/2024\/12\/135-phb-20w40-bouncer-5lt-1.webp 780w, https:\/\/www.palco.co.in\/es\/wp-content\/uploads\/2024\/12\/135-phb-20w40-bouncer-5lt-1.webp 360w\" sizes=\"auto, (max-width: 480px) 150px\" src=\"https:\/\/www.palco.co.in\/es\/wp-content\/uploads\/2024\/12\/135-phb-20w40-bouncer-5lt-1.webp\" alt=\"Otros aceite de motor Palco\" class=\"uag-image-13216\" width=\"600\" height=\"600\" title=\"135-phb-20w40-bouncer-5lt\" loading=\"lazy\" role=\"img\"\/><\/figure><\/div>\n<\/div>\n\n\n\n<div class=\"wp-block-uagb-container uagb-block-e20690df\">\n<h2 class=\"wp-block-heading zero-margin\" style=\"font-size:22px;font-style:normal;font-weight:700;text-transform:uppercase\">PHB 20W40 Bouncer<\/h2>\n\n\n\n<p class=\"zero-margin2\" style=\"font-size:16px\"><mark style=\"background-color:#cf2e2e\" class=\"has-inline-color has-white-color\">API: SC\/CC<\/mark><\/p>\n\n\n\n<p class=\"zero-margin\"><strong>Aceite de motor de alto rendimiento<\/strong>, formulado para satisfacer las exigencias de aplicaciones de trabajo pesado. Reduce el desgaste y la acumulaci\u00f3n de lodo, mejora la econom\u00eda de combustible y garantiza un funcionamiento del motor suave y eficiente a lo largo del tiempo.<\/p>\n\n\n\n<p class=\"zero-margin\" style=\"font-size:16px\"><strong>Packing Available: 210L, 50L, 20L, 5L, 1L, 1L Pouch, 500ml<\/strong><\/p>\n\n\n\n<div class=\"wp-block-uagb-buttons uagb-buttons__outer-wrap uagb-btn__default-btn uagb-btn-tablet__default-btn uagb-btn-mobile__default-btn uagb-block-66d8974a\"><div class=\"uagb-buttons__wrap uagb-buttons-layout-wrap \">\n<div class=\"wp-block-uagb-buttons-child uagb-buttons__outer-wrap uagb-block-5dc7795b wp-block-button\"><div class=\"uagb-button__wrapper\"><a class=\"uagb-buttons-repeater wp-block-button__link\" aria-label=\"\" href=\"https:\/\/wa.me\/919311794519?text=Env\u00edame-detalles\" rel=\"follow noopener\" target=\"_self\" role=\"button\"><div class=\"uagb-button__link\">Detalles<\/div><\/a><\/div><\/div>\n<\/div><\/div>\n<\/div>\n<\/div><\/div>\n\n\n\n<div class=\"wp-block-uagb-container uagb-block-75613adc alignfull uagb-is-root-container\"><div class=\"uagb-container-inner-blocks-wrap\">\n<div class=\"wp-block-uagb-container uagb-block-8f86478c\">\n<div class=\"wp-block-uagb-image uagb-block-1a3edfbc wp-block-uagb-image--layout-default wp-block-uagb-image--effect-static wp-block-uagb-image--align-none\"><figure class=\"wp-block-uagb-image__figure\"><img decoding=\"async\" srcset=\"https:\/\/www.palco.co.in\/es\/wp-content\/uploads\/2024\/12\/702-engine-oil-saver-400-ml-1.webp ,https:\/\/www.palco.co.in\/es\/wp-content\/uploads\/2024\/12\/702-engine-oil-saver-400-ml-1.webp 780w, https:\/\/www.palco.co.in\/es\/wp-content\/uploads\/2024\/12\/702-engine-oil-saver-400-ml-1.webp 360w\" sizes=\"auto, (max-width: 480px) 150px\" src=\"https:\/\/www.palco.co.in\/es\/wp-content\/uploads\/2024\/12\/702-engine-oil-saver-400-ml-1.webp\" alt=\"Otros aceite de motor Palco\" class=\"uag-image-13224\" width=\"600\" height=\"600\" title=\"702-engine-oil-saver-400-ml-1\" loading=\"lazy\" role=\"img\"\/><\/figure><\/div>\n<\/div>\n\n\n\n<div class=\"wp-block-uagb-container uagb-block-2a780d06\">\n<h2 class=\"wp-block-heading zero-margin\" style=\"font-size:22px;font-style:normal;font-weight:700;text-transform:uppercase\">Engine Oil Saver<\/h2>\n\n\n\n<p class=\"zero-margin\">A unique solution designed to restore engine performance and reduce oil consumption. It minimizes engine wear, prevents leaks, and enhances lubrication, improving overall engine efficiency and longevity.<\/p>\n\n\n\n<p class=\"zero-margin\" style=\"font-size:16px\"><strong>Packing Available: 20L, 400ml<\/strong><\/p>\n\n\n\n<div class=\"wp-block-uagb-buttons uagb-buttons__outer-wrap uagb-btn__default-btn uagb-btn-tablet__default-btn uagb-btn-mobile__default-btn uagb-block-369b2441\"><div class=\"uagb-buttons__wrap uagb-buttons-layout-wrap \">\n<div class=\"wp-block-uagb-buttons-child uagb-buttons__outer-wrap uagb-block-26078ec6 wp-block-button\"><div class=\"uagb-button__wrapper\"><a class=\"uagb-buttons-repeater wp-block-button__link\" aria-label=\"\" href=\"https:\/\/wa.me\/919311794519?text=Env\u00edame-detalles\" rel=\"follow noopener\" target=\"_self\" role=\"button\"><div class=\"uagb-button__link\">Detalles<\/div><\/a><\/div><\/div>\n<\/div><\/div>\n<\/div>\n<\/div><\/div>\n<\/div><\/div>\n","protected":false},"excerpt":{"rendered":"<p>Otros Aceites de Motor Desde veh\u00edculos de alto rendimiento hasta maquinaria especializada, los otros aceites de motor de Palco ofrecen soluciones de lubricaci\u00f3n avanzadas para diversas necesidades de motor. Ya sea para aplicaciones di\u00e9sel, gasolina o industriales, nuestros aceites garantizan una protecci\u00f3n superior, m\u00e1xima eficiencia y una larga vida \u00fatil del motor. PHB 20W40 Bouncer [&hellip;]<\/p>\n","protected":false},"author":1,"featured_media":0,"parent":0,"menu_order":0,"comment_status":"closed","ping_status":"closed","template":"","meta":{"_uag_custom_page_level_css":"","ocean_post_layout":"full-screen","ocean_both_sidebars_style":"","ocean_both_sidebars_content_width":0,"ocean_both_sidebars_sidebars_width":0,"ocean_sidebar":"","ocean_second_sidebar":"","ocean_disable_margins":"on","ocean_add_body_class":"","ocean_shortcode_before_top_bar":"","ocean_shortcode_after_top_bar":"","ocean_shortcode_before_header":"","ocean_shortcode_after_header":"","ocean_has_shortcode":"","ocean_shortcode_after_title":"","ocean_shortcode_before_footer_widgets":"","ocean_shortcode_after_footer_widgets":"","ocean_shortcode_before_footer_bottom":"","ocean_shortcode_after_footer_bottom":"","ocean_display_top_bar":"default","ocean_display_header":"default","ocean_header_style":"","ocean_center_header_left_menu":"","ocean_custom_header_template":"","ocean_custom_logo":0,"ocean_custom_retina_logo":0,"ocean_custom_logo_max_width":0,"ocean_custom_logo_tablet_max_width":0,"ocean_custom_logo_mobile_max_width":0,"ocean_custom_logo_max_height":0,"ocean_custom_logo_tablet_max_height":0,"ocean_custom_logo_mobile_max_height":0,"ocean_header_custom_menu":"","ocean_menu_typo_font_family":"","ocean_menu_typo_font_subset":"","ocean_menu_typo_font_size":0,"ocean_menu_typo_font_size_tablet":0,"ocean_menu_typo_font_size_mobile":0,"ocean_menu_typo_font_size_unit":"px","ocean_menu_typo_font_weight":"","ocean_menu_typo_font_weight_tablet":"","ocean_menu_typo_font_weight_mobile":"","ocean_menu_typo_transform":"","ocean_menu_typo_transform_tablet":"","ocean_menu_typo_transform_mobile":"","ocean_menu_typo_line_height":0,"ocean_menu_typo_line_height_tablet":0,"ocean_menu_typo_line_height_mobile":0,"ocean_menu_typo_line_height_unit":"","ocean_menu_typo_spacing":0,"ocean_menu_typo_spacing_tablet":0,"ocean_menu_typo_spacing_mobile":0,"ocean_menu_typo_spacing_unit":"","ocean_menu_link_color":"","ocean_menu_link_color_hover":"","ocean_menu_link_color_active":"","ocean_menu_link_background":"","ocean_menu_link_hover_background":"","ocean_menu_link_active_background":"","ocean_menu_social_links_bg":"","ocean_menu_social_hover_links_bg":"","ocean_menu_social_links_color":"","ocean_menu_social_hover_links_color":"","ocean_disable_title":"on","ocean_disable_heading":"default","ocean_post_title":"","ocean_post_subheading":"","ocean_post_title_style":"","ocean_post_title_background_color":"","ocean_post_title_background":0,"ocean_post_title_bg_image_position":"","ocean_post_title_bg_image_attachment":"","ocean_post_title_bg_image_repeat":"","ocean_post_title_bg_image_size":"","ocean_post_title_height":0,"ocean_post_title_bg_overlay":0.5,"ocean_post_title_bg_overlay_color":"","ocean_disable_breadcrumbs":"default","ocean_breadcrumbs_color":"","ocean_breadcrumbs_separator_color":"","ocean_breadcrumbs_links_color":"","ocean_breadcrumbs_links_hover_color":"","ocean_display_footer_widgets":"default","ocean_display_footer_bottom":"default","ocean_custom_footer_template":"","footnotes":""},"class_list":["post-10623","page","type-page","status-publish","hentry","entry"],"uagb_featured_image_src":{"full":false,"thumbnail":false,"medium":false,"medium_large":false,"large":false,"1536x1536":false,"2048x2048":false,"ocean-thumb-m":false,"ocean-thumb-ml":false,"ocean-thumb-l":false},"uagb_author_info":{"display_name":"Paras Lubricants","author_link":"https:\/\/www.palco.co.in\/es\/author\/zktyht\/"},"uagb_comment_info":0,"uagb_excerpt":"Otros Aceites de Motor Desde veh\u00edculos de alto rendimiento hasta maquinaria especializada, los otros aceites de motor de Palco ofrecen soluciones de lubricaci\u00f3n avanzadas para diversas necesidades de motor. Ya sea para aplicaciones di\u00e9sel, gasolina o industriales, nuestros aceites garantizan una protecci\u00f3n superior, m\u00e1xima eficiencia y una larga vida \u00fatil del motor. PHB 20W40 Bouncer&hellip;","_links":{"self":[{"href":"https:\/\/www.palco.co.in\/es\/wp-json\/wp\/v2\/pages\/10623","targetHints":{"allow":["GET"]}}],"collection":[{"href":"https:\/\/www.palco.co.in\/es\/wp-json\/wp\/v2\/pages"}],"about":[{"href":"https:\/\/www.palco.co.in\/es\/wp-json\/wp\/v2\/types\/page"}],"author":[{"embeddable":true,"href":"https:\/\/www.palco.co.in\/es\/wp-json\/wp\/v2\/users\/1"}],"replies":[{"embeddable":true,"href":"https:\/\/www.palco.co.in\/es\/wp-json\/wp\/v2\/comments?post=10623"}],"version-history":[{"count":5,"href":"https:\/\/www.palco.co.in\/es\/wp-json\/wp\/v2\/pages\/10623\/revisions"}],"predecessor-version":[{"id":14858,"href":"https:\/\/www.palco.co.in\/es\/wp-json\/wp\/v2\/pages\/10623\/revisions\/14858"}],"wp:attachment":[{"href":"https:\/\/www.palco.co.in\/es\/wp-json\/wp\/v2\/media?parent=10623"}],"curies":[{"name":"wp","href":"https:\/\/api.w.org\/{rel}","templated":true}]}}