{"id":10607,"date":"2025-02-19T10:08:46","date_gmt":"2025-02-19T04:38:46","guid":{"rendered":"https:\/\/www.palco.co.in\/es\/?page_id=10607"},"modified":"2026-03-25T12:00:34","modified_gmt":"2026-03-25T10:00:34","slug":"three-wheelers-engine-oils","status":"publish","type":"page","link":"https:\/\/www.palco.co.in\/es\/three-wheelers-engine-oils\/","title":{"rendered":"Aceites para motores de tres ruedas"},"content":{"rendered":"\n<div class=\"wp-block-uagb-container uagb-block-d8d91aac alignfull uagb-is-root-container\"><div class=\"uagb-container-inner-blocks-wrap\">\n<div class=\"wp-block-uagb-container uagb-block-82748c42 alignfull uagb-is-root-container\"><div class=\"uagb-container-inner-blocks-wrap\">\n<div class=\"wp-block-uagb-container uagb-block-03bfb6c7\">\n<h1 class=\"wp-block-heading zero-margin line-height0 has-white-color has-text-color has-link-color wp-elements-1bac26183d4804318077027511639cc4\" style=\"font-size:40px;font-style:normal;font-weight:700;text-transform:uppercase\">A<strong>ceites para motores<\/strong><br><strong>de tres ruedas<\/strong><\/h1>\n\n\n\n<p class=\"zero-margin has-white-color has-text-color has-link-color wp-elements-e0220e497f66ef73ae0e20db818a9ee4\">Los aceites para motores de tres ruedas Palco est\u00e1n especialmente formulados para mejorar el rendimiento del motor, garantizar un funcionamiento suave y prolongar la vida \u00fatil del motor. Dise\u00f1ados para una lubricaci\u00f3n \u00f3ptima, estos aceites brindan una excelente protecci\u00f3n contra el desgaste y eficiencia de combustible para veh\u00edculos de tres ruedas.<\/p>\n<\/div>\n\n\n\n<div class=\"wp-block-uagb-container uag-hide-mob uagb-block-67047b3a\">\n<div data-aos= \"slide-left\" data-aos-duration=\"400\" data-aos-delay=\"0\" data-aos-easing=\"ease\" data-aos-once=\"true\" class=\"wp-block-uagb-image uagb-block-b46afa34 wp-block-uagb-image--layout-default wp-block-uagb-image--effect-static wp-block-uagb-image--align-none uag-hide-mob\"><figure class=\"wp-block-uagb-image__figure\"><img decoding=\"async\" srcset=\"https:\/\/www.palco.co.in\/es\/wp-content\/uploads\/2025\/02\/17a-phg-20w50-3l.png ,https:\/\/www.palco.co.in\/es\/wp-content\/uploads\/2025\/02\/17a-phg-20w50-3l.png 780w, https:\/\/www.palco.co.in\/es\/wp-content\/uploads\/2025\/02\/17a-phg-20w50-3l.png 360w\" sizes=\"auto, (max-width: 480px) 150px\" src=\"https:\/\/www.palco.co.in\/es\/wp-content\/uploads\/2025\/02\/17a-phg-20w50-3l.png\" alt=\"\" class=\"uag-image-10592\" width=\"600\" height=\"600\" title=\"17a-phg-20w50-3l\" loading=\"lazy\" role=\"img\"\/><\/figure><\/div>\n<\/div>\n<\/div><\/div>\n<\/div><\/div>\n\n\n\n<div class=\"wp-block-uagb-container uagb-block-111ab448 alignfull uagb-is-root-container\"><div class=\"uagb-container-inner-blocks-wrap\">\n<div class=\"wp-block-uagb-container uagb-block-55decfb9 alignfull uagb-is-root-container\"><div class=\"uagb-container-inner-blocks-wrap\">\n<div class=\"wp-block-uagb-container uagb-block-afbed244\">\n<div class=\"wp-block-uagb-image uagb-block-a911aaa1 wp-block-uagb-image--layout-default wp-block-uagb-image--effect-static wp-block-uagb-image--align-none\"><figure class=\"wp-block-uagb-image__figure\"><img decoding=\"async\" srcset=\"https:\/\/www.palco.co.in\/es\/wp-content\/uploads\/2024\/12\/71-energy-20w50-1-lt-1.webp ,https:\/\/www.palco.co.in\/es\/wp-content\/uploads\/2024\/12\/71-energy-20w50-1-lt-1.webp 780w, https:\/\/www.palco.co.in\/es\/wp-content\/uploads\/2024\/12\/71-energy-20w50-1-lt-1.webp 360w\" sizes=\"auto, (max-width: 480px) 150px\" src=\"https:\/\/www.palco.co.in\/es\/wp-content\/uploads\/2024\/12\/71-energy-20w50-1-lt-1.webp\" alt=\"Palco Oils for Three-Wheel Vehicles\" class=\"uag-image-12933\" width=\"600\" height=\"600\" title=\"71-energy-20w50-1-lt-1\" loading=\"lazy\" role=\"img\"\/><\/figure><\/div>\n<\/div>\n\n\n\n<div class=\"wp-block-uagb-container uagb-block-c9077c95\">\n<h2 class=\"wp-block-heading zero-margin\" style=\"font-size:22px;font-style:normal;font-weight:700;text-transform:uppercase\">Energy 20W50 <\/h2>\n\n\n\n<p class=\"zero-margin2\" style=\"font-size:16px\"><mark style=\"background-color:#cf2e2e\" class=\"has-inline-color has-white-color\">API: SL\/CF<\/mark><\/p>\n\n\n\n<p class=\"zero-margin\">Un aceite de motor robusto dise\u00f1ado para un rendimiento de servicio pesado. Ofrece una excelente protecci\u00f3n contra el desgaste, reduce los dep\u00f3sitos en el motor y garantiza un rendimiento confiable en condiciones de alta temperatura.<\/p>\n\n\n\n<p class=\"zero-margin\" style=\"font-size:16px\"><strong>Embalaje disponible: <strong>210L, 50L, 3L, 1L<\/strong><\/strong><\/p>\n\n\n\n<div class=\"wp-block-uagb-buttons uagb-buttons__outer-wrap uagb-btn__default-btn uagb-btn-tablet__default-btn uagb-btn-mobile__default-btn uagb-block-297dbfdb\"><div class=\"uagb-buttons__wrap uagb-buttons-layout-wrap \">\n<div class=\"wp-block-uagb-buttons-child uagb-buttons__outer-wrap uagb-block-86773e35 wp-block-button\"><div class=\"uagb-button__wrapper\"><a class=\"uagb-buttons-repeater wp-block-button__link\" aria-label=\"\" href=\"https:\/\/wa.me\/919311794519?text=Env\u00edame-detalles\" rel=\"follow noopener\" target=\"_self\" role=\"button\"><div class=\"uagb-button__link\">Detalles<\/div><\/a><\/div><\/div>\n<\/div><\/div>\n<\/div>\n<\/div><\/div>\n\n\n\n<div class=\"wp-block-uagb-container uagb-block-cd99e2b6 alignfull uagb-is-root-container\"><div class=\"uagb-container-inner-blocks-wrap\">\n<div class=\"wp-block-uagb-container uagb-block-d24e5bb7\">\n<div class=\"wp-block-uagb-image uagb-block-81aabeef wp-block-uagb-image--layout-default wp-block-uagb-image--effect-static wp-block-uagb-image--align-none\"><figure class=\"wp-block-uagb-image__figure\"><img decoding=\"async\" srcset=\"https:\/\/www.palco.co.in\/es\/wp-content\/uploads\/2025\/02\/17a-phg-20w50-3l.png ,https:\/\/www.palco.co.in\/es\/wp-content\/uploads\/2025\/02\/17a-phg-20w50-3l.png 780w, https:\/\/www.palco.co.in\/es\/wp-content\/uploads\/2025\/02\/17a-phg-20w50-3l.png 360w\" sizes=\"auto, (max-width: 480px) 150px\" src=\"https:\/\/www.palco.co.in\/es\/wp-content\/uploads\/2025\/02\/17a-phg-20w50-3l.png\" alt=\"Palco Oils for Three-Wheel Vehicles\" class=\"uag-image-10592\" width=\"600\" height=\"600\" title=\"17a-phg-20w50-3l\" loading=\"lazy\" role=\"img\"\/><\/figure><\/div>\n<\/div>\n\n\n\n<div class=\"wp-block-uagb-container uagb-block-3c59fb5a\">\n<h2 class=\"wp-block-heading zero-margin\" style=\"font-size:22px;font-style:normal;font-weight:700;text-transform:uppercase\">PHG 20W50<\/h2>\n\n\n\n<p class=\"zero-margin2\" style=\"font-size:16px\"><mark style=\"background-color:#cf2e2e\" class=\"has-inline-color has-white-color\">API: SF\/CF<\/mark><\/p>\n\n\n\n<p class=\"zero-margin\">Un aceite de motor de servicio pesado dise\u00f1ado para motores de alto rendimiento. Ofrece una protecci\u00f3n excepcional en condiciones extremas, reduciendo la fricci\u00f3n y mejorando la durabilidad del motor para una vida \u00fatil m\u00e1s larga.<\/p>\n\n\n\n<p class=\"zero-margin\" style=\"font-size:16px\"><strong><strong>Embalaje disponible<\/strong>: <strong>210L, 50L, 1L, 500ml<\/strong><\/strong><\/p>\n\n\n\n<div class=\"wp-block-uagb-buttons uagb-buttons__outer-wrap uagb-btn__default-btn uagb-btn-tablet__default-btn uagb-btn-mobile__default-btn uagb-block-61948f72\"><div class=\"uagb-buttons__wrap uagb-buttons-layout-wrap \">\n<div class=\"wp-block-uagb-buttons-child uagb-buttons__outer-wrap uagb-block-af237edb wp-block-button\"><div class=\"uagb-button__wrapper\"><a class=\"uagb-buttons-repeater wp-block-button__link\" aria-label=\"\" href=\"https:\/\/wa.me\/919311794519?text=Env\u00edame-detalles\" rel=\"follow noopener\" target=\"_self\" role=\"button\"><div class=\"uagb-button__link\">Detalles<\/div><\/a><\/div><\/div>\n<\/div><\/div>\n<\/div>\n<\/div><\/div>\n<\/div><\/div>\n","protected":false},"excerpt":{"rendered":"<p>Aceites para motoresde tres ruedas Los aceites para motores de tres ruedas Palco est\u00e1n especialmente formulados para mejorar el rendimiento del motor, garantizar un funcionamiento suave y prolongar la vida \u00fatil del motor. Dise\u00f1ados para una lubricaci\u00f3n \u00f3ptima, estos aceites brindan una excelente protecci\u00f3n contra el desgaste y eficiencia de combustible para veh\u00edculos de tres [&hellip;]<\/p>\n","protected":false},"author":1,"featured_media":0,"parent":0,"menu_order":0,"comment_status":"closed","ping_status":"closed","template":"","meta":{"_uag_custom_page_level_css":"","ocean_post_layout":"full-screen","ocean_both_sidebars_style":"","ocean_both_sidebars_content_width":0,"ocean_both_sidebars_sidebars_width":0,"ocean_sidebar":"","ocean_second_sidebar":"","ocean_disable_margins":"on","ocean_add_body_class":"","ocean_shortcode_before_top_bar":"","ocean_shortcode_after_top_bar":"","ocean_shortcode_before_header":"","ocean_shortcode_after_header":"","ocean_has_shortcode":"","ocean_shortcode_after_title":"","ocean_shortcode_before_footer_widgets":"","ocean_shortcode_after_footer_widgets":"","ocean_shortcode_before_footer_bottom":"","ocean_shortcode_after_footer_bottom":"","ocean_display_top_bar":"default","ocean_display_header":"default","ocean_header_style":"","ocean_center_header_left_menu":"","ocean_custom_header_template":"","ocean_custom_logo":0,"ocean_custom_retina_logo":0,"ocean_custom_logo_max_width":0,"ocean_custom_logo_tablet_max_width":0,"ocean_custom_logo_mobile_max_width":0,"ocean_custom_logo_max_height":0,"ocean_custom_logo_tablet_max_height":0,"ocean_custom_logo_mobile_max_height":0,"ocean_header_custom_menu":"","ocean_menu_typo_font_family":"","ocean_menu_typo_font_subset":"","ocean_menu_typo_font_size":0,"ocean_menu_typo_font_size_tablet":0,"ocean_menu_typo_font_size_mobile":0,"ocean_menu_typo_font_size_unit":"px","ocean_menu_typo_font_weight":"","ocean_menu_typo_font_weight_tablet":"","ocean_menu_typo_font_weight_mobile":"","ocean_menu_typo_transform":"","ocean_menu_typo_transform_tablet":"","ocean_menu_typo_transform_mobile":"","ocean_menu_typo_line_height":0,"ocean_menu_typo_line_height_tablet":0,"ocean_menu_typo_line_height_mobile":0,"ocean_menu_typo_line_height_unit":"","ocean_menu_typo_spacing":0,"ocean_menu_typo_spacing_tablet":0,"ocean_menu_typo_spacing_mobile":0,"ocean_menu_typo_spacing_unit":"","ocean_menu_link_color":"","ocean_menu_link_color_hover":"","ocean_menu_link_color_active":"","ocean_menu_link_background":"","ocean_menu_link_hover_background":"","ocean_menu_link_active_background":"","ocean_menu_social_links_bg":"","ocean_menu_social_hover_links_bg":"","ocean_menu_social_links_color":"","ocean_menu_social_hover_links_color":"","ocean_disable_title":"on","ocean_disable_heading":"default","ocean_post_title":"","ocean_post_subheading":"","ocean_post_title_style":"","ocean_post_title_background_color":"","ocean_post_title_background":0,"ocean_post_title_bg_image_position":"","ocean_post_title_bg_image_attachment":"","ocean_post_title_bg_image_repeat":"","ocean_post_title_bg_image_size":"","ocean_post_title_height":0,"ocean_post_title_bg_overlay":0.5,"ocean_post_title_bg_overlay_color":"","ocean_disable_breadcrumbs":"default","ocean_breadcrumbs_color":"","ocean_breadcrumbs_separator_color":"","ocean_breadcrumbs_links_color":"","ocean_breadcrumbs_links_hover_color":"","ocean_display_footer_widgets":"default","ocean_display_footer_bottom":"default","ocean_custom_footer_template":"","footnotes":""},"class_list":["post-10607","page","type-page","status-publish","hentry","entry"],"uagb_featured_image_src":{"full":false,"thumbnail":false,"medium":false,"medium_large":false,"large":false,"1536x1536":false,"2048x2048":false,"ocean-thumb-m":false,"ocean-thumb-ml":false,"ocean-thumb-l":false},"uagb_author_info":{"display_name":"Paras Lubricants","author_link":"https:\/\/www.palco.co.in\/es\/author\/zktyht\/"},"uagb_comment_info":0,"uagb_excerpt":"Aceites para motoresde tres ruedas Los aceites para motores de tres ruedas Palco est\u00e1n especialmente formulados para mejorar el rendimiento del motor, garantizar un funcionamiento suave y prolongar la vida \u00fatil del motor. Dise\u00f1ados para una lubricaci\u00f3n \u00f3ptima, estos aceites brindan una excelente protecci\u00f3n contra el desgaste y eficiencia de combustible para veh\u00edculos de tres&hellip;","_links":{"self":[{"href":"https:\/\/www.palco.co.in\/es\/wp-json\/wp\/v2\/pages\/10607","targetHints":{"allow":["GET"]}}],"collection":[{"href":"https:\/\/www.palco.co.in\/es\/wp-json\/wp\/v2\/pages"}],"about":[{"href":"https:\/\/www.palco.co.in\/es\/wp-json\/wp\/v2\/types\/page"}],"author":[{"embeddable":true,"href":"https:\/\/www.palco.co.in\/es\/wp-json\/wp\/v2\/users\/1"}],"replies":[{"embeddable":true,"href":"https:\/\/www.palco.co.in\/es\/wp-json\/wp\/v2\/comments?post=10607"}],"version-history":[{"count":6,"href":"https:\/\/www.palco.co.in\/es\/wp-json\/wp\/v2\/pages\/10607\/revisions"}],"predecessor-version":[{"id":14854,"href":"https:\/\/www.palco.co.in\/es\/wp-json\/wp\/v2\/pages\/10607\/revisions\/14854"}],"wp:attachment":[{"href":"https:\/\/www.palco.co.in\/es\/wp-json\/wp\/v2\/media?parent=10607"}],"curies":[{"name":"wp","href":"https:\/\/api.w.org\/{rel}","templated":true}]}}